{"id":2674,"date":"2025-08-16T11:52:43","date_gmt":"2025-08-16T08:52:43","guid":{"rendered":"https:\/\/www.tektrade.ee\/lv\/?post_type=product&#038;p=2674"},"modified":"2025-08-18T23:16:19","modified_gmt":"2025-08-18T20:16:19","slug":"virziena-varsti","status":"publish","type":"product","link":"https:\/\/www.tektrade.ee\/lv\/preces\/pulveru-apstrades-iekartas\/virziena-varsti\/","title":{"rendered":"Virziena v\u0101rsti"},"content":{"rendered":"\n<div class=\"wp-block-group is-nowrap is-layout-flex wp-container-core-group-is-layout-ad2f72ca wp-block-group-is-layout-flex\">\n<div class=\"wp-block-group is-layout-constrained wp-block-group-is-layout-constrained\">\n<figure class=\"wp-block-image alignleft size-full\"><img loading=\"lazy\" decoding=\"async\" width=\"300\" height=\"296\" src=\"https:\/\/www.tektrade.ee\/lv\/wp-content\/uploads\/sites\/6\/2025\/08\/ResizedImage300296-Erisuunalised-klapid.jpg\" alt=\"\" class=\"wp-image-2675\" srcset=\"https:\/\/www.tektrade.ee\/lv\/wp-content\/uploads\/sites\/6\/2025\/08\/ResizedImage300296-Erisuunalised-klapid.jpg 300w, https:\/\/www.tektrade.ee\/lv\/wp-content\/uploads\/sites\/6\/2025\/08\/ResizedImage300296-Erisuunalised-klapid-100x100.jpg 100w\" sizes=\"auto, (max-width: 300px) 100vw, 300px\" \/><figcaption class=\"wp-element-caption\"><em>Virziena v\u0101rsts<br><\/em><\/figcaption><\/figure>\n<\/div>\n<\/div>\n\n\n\n<div style=\"height:30px\" aria-hidden=\"true\" class=\"wp-block-spacer\"><\/div>\n\n\n\n<p>Virziena v\u0101rstus izmanto k\u0101 pl\u016bsmas separatorus, iztuk\u0161ojot beramo materi\u0101lu no traukiem vai konteineriem.<\/p>\n\n\n\n<p>Materi\u0101lu pl\u016b\u0161anas virzienu var main\u012bt, mainot v\u0101rsta virzienu:<\/p>\n\n\n\n<ul class=\"wp-block-list\">\n<li>ar manu\u0101lo piedzi\u0146u;<\/li>\n\n\n\n<li>ar pneimatisko piedzi\u0146u;<\/li>\n\n\n\n<li>ar elektromeh\u0101nisko piedzi\u0146u.<\/li>\n<\/ul>\n","protected":false},"featured_media":0,"parent":2645,"menu_order":94,"template":"","class_list":["post-2674","product","type-product","status-publish","hentry"],"acf":[],"_links":{"self":[{"href":"https:\/\/www.tektrade.ee\/lv\/wp-json\/wp\/v2\/product\/2674","targetHints":{"allow":["GET"]}}],"collection":[{"href":"https:\/\/www.tektrade.ee\/lv\/wp-json\/wp\/v2\/product"}],"about":[{"href":"https:\/\/www.tektrade.ee\/lv\/wp-json\/wp\/v2\/types\/product"}],"version-history":[{"count":2,"href":"https:\/\/www.tektrade.ee\/lv\/wp-json\/wp\/v2\/product\/2674\/revisions"}],"predecessor-version":[{"id":3213,"href":"https:\/\/www.tektrade.ee\/lv\/wp-json\/wp\/v2\/product\/2674\/revisions\/3213"}],"up":[{"embeddable":true,"href":"https:\/\/www.tektrade.ee\/lv\/wp-json\/wp\/v2\/product\/2645"}],"wp:attachment":[{"href":"https:\/\/www.tektrade.ee\/lv\/wp-json\/wp\/v2\/media?parent=2674"}],"curies":[{"name":"wp","href":"https:\/\/api.w.org\/{rel}","templated":true}]}}