{"id":2671,"date":"2025-08-16T11:51:46","date_gmt":"2025-08-16T08:51:46","guid":{"rendered":"https:\/\/www.tektrade.ee\/lv\/?post_type=product&#038;p=2671"},"modified":"2025-08-18T23:16:45","modified_gmt":"2025-08-18T20:16:45","slug":"silosi-un-to-iztuksosanas-sistemas","status":"publish","type":"product","link":"https:\/\/www.tektrade.ee\/lv\/preces\/pulveru-apstrades-iekartas\/silosi-un-to-iztuksosanas-sistemas\/","title":{"rendered":"Silosi un to iztuk\u0161o\u0161anas sist\u0113mas"},"content":{"rendered":"\n<div class=\"wp-block-group is-nowrap is-layout-flex wp-container-core-group-is-layout-ad2f72ca wp-block-group-is-layout-flex\">\n<div class=\"wp-block-group is-layout-constrained wp-block-group-is-layout-constrained\">\n<figure class=\"wp-block-image alignleft size-full\"><img loading=\"lazy\" decoding=\"async\" width=\"300\" height=\"285\" src=\"https:\/\/www.tektrade.ee\/lv\/wp-content\/uploads\/sites\/6\/2025\/08\/ResizedImage300285-Silode-tuhjendamise-susteemid.jpg\" alt=\"\" class=\"wp-image-2672\"\/><figcaption class=\"wp-element-caption\">Silosu iztuk\u0161o\u0161anas sist\u0113ma<br><\/figcaption><\/figure>\n<\/div>\n<\/div>\n\n\n\n<div style=\"height:30px\" aria-hidden=\"true\" class=\"wp-block-spacer\"><\/div>\n\n\n\n<p>Silosu un konteineru iztuk\u0161o\u0161anas atvieglo\u0161anai bie\u017ei izmanto speci\u0101las pal\u012bgtvertnes un da\u017e\u0101das metodes.<\/p>\n\n\n\n<p>Silosu iztuk\u0161o\u0161anas metodes:<\/p>\n\n\n\n<ul class=\"wp-block-list\">\n<li>puls\u0113jot ar saspiestu gaisu \u0101trai silosu iztuk\u0161o\u0161anai\u00a0\u2013 izmanto impulsa v\u0101rstus ar augstspiediena uzga\u013ciem;<\/li>\n\n\n\n<li>ar zemu spiedienu vienm\u0113r\u012bgai silosu iztuk\u0161o\u0161anai\u00a0\u2013 izmanto zemspiediena aer\u0101cijas kastes, kas apvilktas ar speci\u0101li izv\u0113l\u0113tu audumu;<\/li>\n\n\n\n<li>meh\u0101nisk\u0101 iztuk\u0161o\u0161ana\u00a0\u2013 izmanto trieciena un vibr\u0101cijas sp\u0113ku.<\/li>\n<\/ul>\n","protected":false},"featured_media":0,"parent":2645,"menu_order":95,"template":"","class_list":["post-2671","product","type-product","status-publish","hentry"],"acf":[],"_links":{"self":[{"href":"https:\/\/www.tektrade.ee\/lv\/wp-json\/wp\/v2\/product\/2671","targetHints":{"allow":["GET"]}}],"collection":[{"href":"https:\/\/www.tektrade.ee\/lv\/wp-json\/wp\/v2\/product"}],"about":[{"href":"https:\/\/www.tektrade.ee\/lv\/wp-json\/wp\/v2\/types\/product"}],"version-history":[{"count":2,"href":"https:\/\/www.tektrade.ee\/lv\/wp-json\/wp\/v2\/product\/2671\/revisions"}],"predecessor-version":[{"id":3214,"href":"https:\/\/www.tektrade.ee\/lv\/wp-json\/wp\/v2\/product\/2671\/revisions\/3214"}],"up":[{"embeddable":true,"href":"https:\/\/www.tektrade.ee\/lv\/wp-json\/wp\/v2\/product\/2645"}],"wp:attachment":[{"href":"https:\/\/www.tektrade.ee\/lv\/wp-json\/wp\/v2\/media?parent=2671"}],"curies":[{"name":"wp","href":"https:\/\/api.w.org\/{rel}","templated":true}]}}