{"id":2663,"date":"2025-08-16T11:50:01","date_gmt":"2025-08-16T08:50:01","guid":{"rendered":"https:\/\/www.tektrade.ee\/lv\/?post_type=product&#038;p=2663"},"modified":"2025-08-18T23:17:08","modified_gmt":"2025-08-18T20:17:08","slug":"izolacijas-kameras","status":"publish","type":"product","link":"https:\/\/www.tektrade.ee\/lv\/preces\/pulveru-apstrades-iekartas\/izolacijas-kameras\/","title":{"rendered":"Izol\u0101cijas kameras"},"content":{"rendered":"\n<div class=\"wp-block-group is-nowrap is-layout-flex wp-container-core-group-is-layout-64989fb1 wp-block-group-is-layout-flex\">\n<div class=\"wp-block-group is-layout-constrained wp-block-group-is-layout-constrained\">\n<p><br>Isolatsioonikambreid kasutatakse toksiliste v\u00f5i v\u00e4liskeskonda kartvate ainete k\u00e4itlemisel Izol\u0101cijas kameras izmanto toksisku vai apk\u0101rt\u0113jai videi kait\u012bgu vielu apstr\u0101dei, vienlaic\u012bgi nodro\u0161inot tr\u012bsk\u0101r\u0161u aizsardz\u012bbu:<\/p>\n\n\n\n<ul class=\"wp-block-list\">\n<li>operatora (darbinieka) aizsardz\u012bba;<\/li>\n\n\n\n<li>apstr\u0101d\u0101jam\u0101 produkta aizsardz\u012bba;<\/li>\n\n\n\n<li>apk\u0101rt\u0113j\u0101s vides aizsardz\u012bba.<\/li>\n<\/ul>\n\n\n\n<p>Operatora aizsardz\u012bba no b\u012bstamo produktu ietekmes ir nodro\u0161in\u0101ta, ja operators nenon\u0101k tie\u0161\u0101 saskar\u0113 ar produktu.&nbsp;Pateicoties izol\u0101cijas kameru ieskaujo\u0161ajiem logiem un iek\u0161\u0101 eso\u0161ajiem cimdiem, operators var veikt virkni aktivit\u0101\u0161u, piem\u0113ram, konteineru atv\u0113r\u0161anu, produktu iesai\u0146o\u0161anu, sv\u0113r\u0161anu, mal\u0161anu un sij\u0101\u0161anu, tie\u0161i nesaskaroties ar produktu.<\/p>\n<\/div>\n\n\n\n<div class=\"wp-block-group is-layout-flow wp-block-group-is-layout-flow\">\n<div class=\"wp-block-group is-content-justification-right is-layout-constrained wp-container-core-group-is-layout-07b51d56 wp-block-group-is-layout-constrained\">\n<figure class=\"wp-block-image alignright size-full is-resized wp-container-content-69bc4bdf\"><img loading=\"lazy\" decoding=\"async\" width=\"268\" height=\"400\" src=\"https:\/\/www.tektrade.ee\/lv\/wp-content\/uploads\/sites\/6\/2025\/08\/ResizedImage268400-isolatsioonikambrid.jpg\" alt=\"\" class=\"wp-image-2664\" style=\"aspect-ratio:2\/3;object-fit:cover;width:400px\" srcset=\"https:\/\/www.tektrade.ee\/lv\/wp-content\/uploads\/sites\/6\/2025\/08\/ResizedImage268400-isolatsioonikambrid.jpg 268w, https:\/\/www.tektrade.ee\/lv\/wp-content\/uploads\/sites\/6\/2025\/08\/ResizedImage268400-isolatsioonikambrid-201x300.jpg 201w\" sizes=\"auto, (max-width: 268px) 100vw, 268px\" \/><figcaption class=\"wp-element-caption\">Izol\u0101cijas kameras<br><br><\/figcaption><\/figure>\n<\/div>\n<\/div>\n<\/div>\n","protected":false},"featured_media":0,"parent":2645,"menu_order":96,"template":"","class_list":["post-2663","product","type-product","status-publish","hentry"],"acf":[],"_links":{"self":[{"href":"https:\/\/www.tektrade.ee\/lv\/wp-json\/wp\/v2\/product\/2663","targetHints":{"allow":["GET"]}}],"collection":[{"href":"https:\/\/www.tektrade.ee\/lv\/wp-json\/wp\/v2\/product"}],"about":[{"href":"https:\/\/www.tektrade.ee\/lv\/wp-json\/wp\/v2\/types\/product"}],"version-history":[{"count":7,"href":"https:\/\/www.tektrade.ee\/lv\/wp-json\/wp\/v2\/product\/2663\/revisions"}],"predecessor-version":[{"id":3215,"href":"https:\/\/www.tektrade.ee\/lv\/wp-json\/wp\/v2\/product\/2663\/revisions\/3215"}],"up":[{"embeddable":true,"href":"https:\/\/www.tektrade.ee\/lv\/wp-json\/wp\/v2\/product\/2645"}],"wp:attachment":[{"href":"https:\/\/www.tektrade.ee\/lv\/wp-json\/wp\/v2\/media?parent=2663"}],"curies":[{"name":"wp","href":"https:\/\/api.w.org\/{rel}","templated":true}]}}