{"id":2660,"date":"2025-08-16T11:49:05","date_gmt":"2025-08-16T08:49:05","guid":{"rendered":"https:\/\/www.tektrade.ee\/lv\/?post_type=product&#038;p=2660"},"modified":"2025-08-18T23:17:32","modified_gmt":"2025-08-18T20:17:32","slug":"pacelsanas-kolonnas","status":"publish","type":"product","link":"https:\/\/www.tektrade.ee\/lv\/preces\/pulveru-apstrades-iekartas\/pacelsanas-kolonnas\/","title":{"rendered":"Pacel\u0161anas kolonnas"},"content":{"rendered":"\n<div class=\"wp-block-group is-nowrap is-layout-flex wp-container-core-group-is-layout-ad2f72ca wp-block-group-is-layout-flex\">\n<div class=\"wp-block-group is-layout-constrained wp-block-group-is-layout-constrained\">\n<figure class=\"wp-block-image alignleft size-full\"><img loading=\"lazy\" decoding=\"async\" width=\"300\" height=\"276\" src=\"https:\/\/www.tektrade.ee\/lv\/wp-content\/uploads\/sites\/6\/2025\/08\/ResizedImage300276-Posttostukid.jpg\" alt=\"\" class=\"wp-image-2661\"\/><figcaption class=\"wp-element-caption\"><em>Pacel\u0161anas kolonna<br><\/em><\/figcaption><\/figure>\n<\/div>\n<\/div>\n\n\n\n<div style=\"height:30px\" aria-hidden=\"true\" class=\"wp-block-spacer\"><\/div>\n\n\n\n<p>Elektromeh\u0101nisk\u0101s pacel\u0161anas kolonnas (jeb kolonnu pac\u0113l\u0101jus) izmanto pulvera apstr\u0101des procesos mucu, tvert\u0146u un apr\u012bkojuma (piem\u0113ram, smalcin\u0101t\u0101ju, iekrau\u0161anas un iepako\u0161anas iek\u0101rtu u.c.) pacel\u0161anai un rot\u0113\u0161anai.&nbsp;Pacel\u0161anas kolonnu celtsp\u0113ja ir no 10&nbsp;l\u012bdz 120&nbsp;kg.<\/p>\n\n\n\n<p>Pacel\u0161anas kolonnu darb\u012bbas princips ir vienk\u0101r\u0161s. T\u0101s var manu\u0101li vai autom\u0101tiski apgriezt ap savu asi. Oper\u0113jamo tvert\u0146u vai iek\u0101rtu rot\u0113\u0161anai izmanto manu\u0101lo vai autom\u0101tisko reduktoru. Pacel\u0161anas kolonnas ir dro\u0161as un uzticamas iek\u0101rtas no ner\u016bs\u0113jo\u0161a met\u0101la; konstrukcij\u0101 neizmanto \u0137\u0113des, \u0101\u0137us vai hidrauliskos cilindrus. Visas pac\u0113l\u0101ja meh\u0101nisk\u0101s da\u013cas aizsarg\u0101 ner\u016bs\u0113jo\u0161\u0101 t\u0113rauda korpuss, un rot\u0113jo\u0161\u0101s da\u013cas p\u0101rkl\u0101j s\u0101nu aizsargs, kas seko pac\u0113l\u0101ja kust\u012bb\u0101m. Pac\u0113l\u0101ja augstumu un garumu izgatavo atbilsto\u0161i klienta pras\u012bb\u0101m.<\/p>\n\n\n\n<p>Izmanto\u0161anas jomas:<br>\u0137\u012bmiskaj\u0101, farm\u0101cijas, p\u0101rtikas, kosm\u0113tikas, tekstila, kr\u0101su, plastmasas u.c. r\u016bpniec\u012bb\u0101.<\/p>\n","protected":false},"featured_media":0,"parent":2645,"menu_order":97,"template":"","class_list":["post-2660","product","type-product","status-publish","hentry"],"acf":[],"_links":{"self":[{"href":"https:\/\/www.tektrade.ee\/lv\/wp-json\/wp\/v2\/product\/2660","targetHints":{"allow":["GET"]}}],"collection":[{"href":"https:\/\/www.tektrade.ee\/lv\/wp-json\/wp\/v2\/product"}],"about":[{"href":"https:\/\/www.tektrade.ee\/lv\/wp-json\/wp\/v2\/types\/product"}],"version-history":[{"count":2,"href":"https:\/\/www.tektrade.ee\/lv\/wp-json\/wp\/v2\/product\/2660\/revisions"}],"predecessor-version":[{"id":3216,"href":"https:\/\/www.tektrade.ee\/lv\/wp-json\/wp\/v2\/product\/2660\/revisions\/3216"}],"up":[{"embeddable":true,"href":"https:\/\/www.tektrade.ee\/lv\/wp-json\/wp\/v2\/product\/2645"}],"wp:attachment":[{"href":"https:\/\/www.tektrade.ee\/lv\/wp-json\/wp\/v2\/media?parent=2660"}],"curies":[{"name":"wp","href":"https:\/\/api.w.org\/{rel}","templated":true}]}}