{"id":2650,"date":"2025-08-16T11:47:24","date_gmt":"2025-08-16T08:47:24","guid":{"rendered":"https:\/\/www.tektrade.ee\/lv\/?post_type=product&#038;p=2650"},"modified":"2025-08-18T23:18:46","modified_gmt":"2025-08-18T20:18:46","slug":"paliglidzekli-no-nerusejosa-terauda","status":"publish","type":"product","link":"https:\/\/www.tektrade.ee\/lv\/preces\/pulveru-apstrades-iekartas\/paliglidzekli-no-nerusejosa-terauda\/","title":{"rendered":"Pal\u012bgl\u012bdzek\u013ci no ner\u016bs\u0113jo\u0161\u0101 t\u0113rauda"},"content":{"rendered":"\n<p><strong>Mucas<\/strong><\/p>\n\n\n\n<div class=\"wp-block-group is-layout-grid wp-container-core-group-is-layout-baef362d wp-block-group-is-layout-grid\">\n<div class=\"wp-block-group is-content-justification-left is-layout-constrained wp-container-core-group-is-layout-8c890d92 wp-block-group-is-layout-constrained\">\n<figure class=\"wp-block-image aligncenter size-full\"><img loading=\"lazy\" decoding=\"async\" width=\"188\" height=\"250\" src=\"https:\/\/www.tektrade.ee\/lv\/wp-content\/uploads\/sites\/6\/2025\/08\/ResizedImage188250-Drums1.jpg\" alt=\"\" class=\"wp-image-2651\"\/><figcaption class=\"wp-element-caption\"><em><em>Mucas<\/em><\/em><\/figcaption><\/figure>\n<\/div>\n\n\n\n<div class=\"wp-block-group is-layout-constrained wp-block-group-is-layout-constrained\">\n<figure class=\"wp-block-image aligncenter size-full\"><img loading=\"lazy\" decoding=\"async\" width=\"300\" height=\"250\" src=\"https:\/\/www.tektrade.ee\/lv\/wp-content\/uploads\/sites\/6\/2025\/08\/ResizedImage300250-Drums2.jpg\" alt=\"\" class=\"wp-image-2652\"\/><figcaption class=\"wp-element-caption\"><em><em>Muca<\/em><\/em><\/figcaption><\/figure>\n<\/div>\n<\/div>\n\n\n\n<p>Apraksts:<\/p>\n\n\n\n<ul class=\"wp-block-list\">\n<li>visas ar mucu saskar\u0113 eso\u0161\u0101s da\u013cas ir izgatavotas no sk\u0101bes iztur\u012bga t\u0113rauda 1.4404 (AISI 316); citas da\u013cas ir izgatavotas no ner\u016bs\u0113jo\u0161\u0101 t\u0113rauda 1.4301 (AISI 304);<\/li>\n\n\n\n<li>no\u0146emams v\u0101ks, lai viegl\u0101k izt\u012br\u012bt mucas iek\u0161pusi;<\/li>\n\n\n\n<li>v\u0101ks ir nosl\u0113dzams ar skavu, un tam ir silikona starplika;<\/li>\n\n\n\n<li>muca ir stiprin\u0101ta ar div\u0101m stiprin\u0101juma rib\u0101m;<\/li>\n\n\n\n<li>mucas pamatne ir gluda, r\u0101diusi (FDA), metin\u0101tas \u0161uves;<\/li>\n\n\n\n<li>apdare: da\u013c\u0101m, kas ir saskar\u0113 ar produktu, ir spogu\u013cpul\u0113jums \u22640,5 mikroni, cit\u0101m virsm\u0101m ir sat\u012bna apdare.<\/li>\n<\/ul>\n\n\n\n<p><strong>Transporta rati\u0146i<\/strong><\/p>\n\n\n\n<div class=\"wp-block-group is-layout-grid wp-container-core-group-is-layout-baef362d wp-block-group-is-layout-grid\">\n<div class=\"wp-block-group is-content-justification-left is-layout-constrained wp-container-core-group-is-layout-8c890d92 wp-block-group-is-layout-constrained\">\n<figure class=\"wp-block-image aligncenter size-full\"><img loading=\"lazy\" decoding=\"async\" width=\"300\" height=\"400\" src=\"https:\/\/www.tektrade.ee\/lv\/wp-content\/uploads\/sites\/6\/2025\/08\/ResizedImage300400-Trolley.jpg\" alt=\"\" class=\"wp-image-2653\" srcset=\"https:\/\/www.tektrade.ee\/lv\/wp-content\/uploads\/sites\/6\/2025\/08\/ResizedImage300400-Trolley.jpg 300w, https:\/\/www.tektrade.ee\/lv\/wp-content\/uploads\/sites\/6\/2025\/08\/ResizedImage300400-Trolley-225x300.jpg 225w\" sizes=\"auto, (max-width: 300px) 100vw, 300px\" \/><figcaption class=\"wp-element-caption\"><em>Transporta rati\u0146i<br><\/em><\/figcaption><\/figure>\n<\/div>\n\n\n\n<div class=\"wp-block-group is-layout-constrained wp-block-group-is-layout-constrained\">\n<figure class=\"wp-block-image aligncenter size-full\"><img loading=\"lazy\" decoding=\"async\" width=\"300\" height=\"400\" src=\"https:\/\/www.tektrade.ee\/lv\/wp-content\/uploads\/sites\/6\/2025\/08\/ResizedImage300400-Trolley2.jpg\" alt=\"\" class=\"wp-image-2654\" srcset=\"https:\/\/www.tektrade.ee\/lv\/wp-content\/uploads\/sites\/6\/2025\/08\/ResizedImage300400-Trolley2.jpg 300w, https:\/\/www.tektrade.ee\/lv\/wp-content\/uploads\/sites\/6\/2025\/08\/ResizedImage300400-Trolley2-225x300.jpg 225w\" sizes=\"auto, (max-width: 300px) 100vw, 300px\" \/><figcaption class=\"wp-element-caption\"><em>Transporta rati\u0146i<br><\/em><\/figcaption><\/figure>\n<\/div>\n<\/div>\n\n\n\n<p>Apraksts:<\/p>\n\n\n\n<ul class=\"wp-block-list\">\n<li>AISI 304 ner\u016bs\u0113jo\u0161\u0101 t\u0113rauda rati\u0146iem mucu transport\u0113\u0161anai ir<\/li>\n\n\n\n<li>rull\u012b\u0161u konveijera lenta un dro\u0161\u012bbas sl\u0113dzis rull\u012b\u0161u noblo\u0137\u0113\u0161anai;<\/li>\n\n\n\n<li>\u010detri\u00a0rot\u0113jo\u0161i rite\u0146i;<\/li>\n\n\n\n<li>sat\u012bna apdare;<\/li>\n\n\n\n<li>pieejams 30\/50\/100\/200\/300 L muc\u0101m.<\/li>\n<\/ul>\n\n\n\n<p><strong>T\u0113rauda liek\u0161\u0137eres<\/strong><\/p>\n\n\n\n<div class=\"wp-block-group is-layout-grid wp-container-core-group-is-layout-baef362d wp-block-group-is-layout-grid\">\n<div class=\"wp-block-group is-content-justification-left is-layout-constrained wp-container-core-group-is-layout-8c890d92 wp-block-group-is-layout-constrained\">\n<figure class=\"wp-block-image aligncenter size-full\"><img loading=\"lazy\" decoding=\"async\" width=\"314\" height=\"200\" src=\"https:\/\/www.tektrade.ee\/lv\/wp-content\/uploads\/sites\/6\/2025\/08\/ResizedImage314200-Scoops1.jpg\" alt=\"\" class=\"wp-image-2655\" srcset=\"https:\/\/www.tektrade.ee\/lv\/wp-content\/uploads\/sites\/6\/2025\/08\/ResizedImage314200-Scoops1.jpg 314w, https:\/\/www.tektrade.ee\/lv\/wp-content\/uploads\/sites\/6\/2025\/08\/ResizedImage314200-Scoops1-300x191.jpg 300w\" sizes=\"auto, (max-width: 314px) 100vw, 314px\" \/><figcaption class=\"wp-element-caption\"><em>T\u0113rauda liek\u0161\u0137eres<br><\/em><\/figcaption><\/figure>\n<\/div>\n\n\n\n<div class=\"wp-block-group is-layout-constrained wp-block-group-is-layout-constrained\">\n<figure class=\"wp-block-image aligncenter size-full\"><img loading=\"lazy\" decoding=\"async\" width=\"244\" height=\"200\" src=\"https:\/\/www.tektrade.ee\/lv\/wp-content\/uploads\/sites\/6\/2025\/08\/ResizedImage244200-Scoops2.jpg\" alt=\"\" class=\"wp-image-2656\"\/><figcaption class=\"wp-element-caption\"><em>T\u0113rauda liek\u0161\u0137ere<br><\/em><\/figcaption><\/figure>\n<\/div>\n<\/div>\n\n\n\n<p>Apraksts:<\/p>\n\n\n\n<ul class=\"wp-block-list\">\n<li>izgatavotas no sk\u0101bes iztur\u012bga t\u0113rauda AISI 316;<\/li>\n\n\n\n<li>apdare: spogu\u013cpul\u0113jums vai sat\u012bna apdare;<\/li>\n\n\n\n<li>visas da\u013cas ir metin\u0101tas un not\u012br\u012btas, bez spraug\u0101m, viegli t\u012br\u0101mas un piem\u0113rotas izmanto\u0161anai autokl\u0101vos.<\/li>\n<\/ul>\n\n\n\n<p><strong>Pul\u0113ti skr\u0101pji<\/strong><\/p>\n\n\n\n<div class=\"wp-block-group is-nowrap is-layout-flex wp-container-core-group-is-layout-ad2f72ca wp-block-group-is-layout-flex\">\n<div class=\"wp-block-group is-layout-constrained wp-block-group-is-layout-constrained\">\n<figure class=\"wp-block-image alignleft size-full\"><img loading=\"lazy\" decoding=\"async\" width=\"300\" height=\"235\" src=\"https:\/\/www.tektrade.ee\/lv\/wp-content\/uploads\/sites\/6\/2025\/08\/ResizedImage300235-Scraper-and-scoops.jpg\" alt=\"\" class=\"wp-image-2657\"\/><figcaption class=\"wp-element-caption\"><em>Skr\u0101pis un liek\u0161\u0137ere<br><\/em><\/figcaption><\/figure>\n<\/div>\n<\/div>\n\n\n\n<p>Apraksts:<\/p>\n\n\n\n<ul class=\"wp-block-list\">\n<li>izgatavoti no sk\u0101bes iztur\u012bga t\u0113rauda AISI 316<\/li>\n\n\n\n<li>apdare: spogu\u013cpul\u0113jums<\/li>\n<\/ul>\n","protected":false},"featured_media":0,"parent":2645,"menu_order":98,"template":"","class_list":["post-2650","product","type-product","status-publish","hentry"],"acf":[],"_links":{"self":[{"href":"https:\/\/www.tektrade.ee\/lv\/wp-json\/wp\/v2\/product\/2650","targetHints":{"allow":["GET"]}}],"collection":[{"href":"https:\/\/www.tektrade.ee\/lv\/wp-json\/wp\/v2\/product"}],"about":[{"href":"https:\/\/www.tektrade.ee\/lv\/wp-json\/wp\/v2\/types\/product"}],"version-history":[{"count":3,"href":"https:\/\/www.tektrade.ee\/lv\/wp-json\/wp\/v2\/product\/2650\/revisions"}],"predecessor-version":[{"id":3217,"href":"https:\/\/www.tektrade.ee\/lv\/wp-json\/wp\/v2\/product\/2650\/revisions\/3217"}],"up":[{"embeddable":true,"href":"https:\/\/www.tektrade.ee\/lv\/wp-json\/wp\/v2\/product\/2645"}],"wp:attachment":[{"href":"https:\/\/www.tektrade.ee\/lv\/wp-json\/wp\/v2\/media?parent=2650"}],"curies":[{"name":"wp","href":"https:\/\/api.w.org\/{rel}","templated":true}]}}