{"id":2639,"date":"2025-08-16T11:42:38","date_gmt":"2025-08-16T08:42:38","guid":{"rendered":"https:\/\/www.tektrade.ee\/lv\/?post_type=product&#038;p=2639"},"modified":"2025-08-18T23:20:21","modified_gmt":"2025-08-18T20:20:21","slug":"ndt-produkcija","status":"publish","type":"product","link":"https:\/\/www.tektrade.ee\/lv\/preces\/cita-produkcija\/ndt-produkcija\/","title":{"rendered":"NDT produkcija"},"content":{"rendered":"\n<p>NDT (Non Destructive Testing) &#8211; Nesagraujo\u0161\u0101s test\u0113\u0161anas l\u012bdzek\u013ci tiek izmantoti metin\u0101\u0161anas darbos, lai p\u0101rbaud\u012btu metin\u0101\u0161anas \u0161uves un atrastu met\u0101la spraugas.<\/p>\n\n\n\n<p><strong>Aerosola produkcija&nbsp;<\/strong><\/p>\n\n\n\n<div class=\"wp-block-group is-nowrap is-layout-flex wp-container-core-group-is-layout-ad2f72ca wp-block-group-is-layout-flex\">\n<div class=\"wp-block-group is-layout-constrained wp-block-group-is-layout-constrained\">\n<figure class=\"wp-block-image alignleft size-full\"><img loading=\"lazy\" decoding=\"async\" width=\"300\" height=\"353\" src=\"https:\/\/www.tektrade.ee\/lv\/wp-content\/uploads\/sites\/6\/2025\/08\/ResizedImage300353-Aerosoolid.jpg\" alt=\"\" class=\"wp-image-2640\" srcset=\"https:\/\/www.tektrade.ee\/lv\/wp-content\/uploads\/sites\/6\/2025\/08\/ResizedImage300353-Aerosoolid.jpg 300w, https:\/\/www.tektrade.ee\/lv\/wp-content\/uploads\/sites\/6\/2025\/08\/ResizedImage300353-Aerosoolid-255x300.jpg 255w\" sizes=\"auto, (max-width: 300px) 100vw, 300px\" \/><figcaption class=\"wp-element-caption\"><em>Aerosoli<\/em><br><\/figcaption><\/figure>\n<\/div>\n<\/div>\n\n\n\n<div style=\"height:30px\" aria-hidden=\"true\" class=\"wp-block-spacer\"><\/div>\n\n\n\n<p>NDT aerosola izstr\u0101d\u0101jumi tiek pielietoti:<\/p>\n\n\n\n<p>1. Penetrantu p\u0101rbaud\u0113 (p\u0101rbaude ar caururbjo\u0161u kr\u0101su).<\/p>\n\n\n\n<p>Izmantojamie l\u012bdzek\u013ci:<\/p>\n\n\n\n<ul class=\"wp-block-list\">\n<li>sarkana (vai fluoresc\u0113jo\u0161a) caururbjo\u0161a kr\u0101sa<\/li>\n\n\n\n<li>t\u012br\u012b\u0161anas l\u012bdzeklis<\/li>\n\n\n\n<li>balta att\u012bst\u012b\u0161anas kr\u0101sa<\/li>\n<\/ul>\n\n\n\n<p>2. P\u0101rbaud\u0113 ar magn\u0113tisko pulveri.<\/p>\n\n\n\n<p>Izmantojamie l\u012bdzek\u013ci:<\/p>\n\n\n\n<ul class=\"wp-block-list\">\n<li>magn\u0113tisk\u0101 pulvera suspensija<\/li>\n\n\n\n<li>balta kontrasta kr\u0101sa<\/li>\n<\/ul>\n\n\n\n<p>Pieejami 500ml un 400ml aerosoli gan kast\u0113s, gan ar\u012b vairum\u0101 (1\/2 vai 1 paliktnis uzreiz).<\/p>\n\n\n\n<div style=\"height:30px\" aria-hidden=\"true\" class=\"wp-block-spacer\"><\/div>\n\n\n\n<p><strong>Ultraska\u0146as g\u0113ls&nbsp;<\/strong><\/p>\n\n\n\n<div class=\"wp-block-group is-nowrap is-layout-flex wp-container-core-group-is-layout-ad2f72ca wp-block-group-is-layout-flex\">\n<div class=\"wp-block-group is-layout-constrained wp-block-group-is-layout-constrained\">\n<figure class=\"wp-block-image alignleft size-full\"><img loading=\"lazy\" decoding=\"async\" width=\"250\" height=\"333\" src=\"https:\/\/www.tektrade.ee\/lv\/wp-content\/uploads\/sites\/6\/2025\/08\/ResizedImage250333-Ultraheligeel.jpg\" alt=\"\" class=\"wp-image-2641\" srcset=\"https:\/\/www.tektrade.ee\/lv\/wp-content\/uploads\/sites\/6\/2025\/08\/ResizedImage250333-Ultraheligeel.jpg 250w, https:\/\/www.tektrade.ee\/lv\/wp-content\/uploads\/sites\/6\/2025\/08\/ResizedImage250333-Ultraheligeel-225x300.jpg 225w\" sizes=\"auto, (max-width: 250px) 100vw, 250px\" \/><figcaption class=\"wp-element-caption\"><em>Ultraska\u0146as g\u0113ls<br><\/em><\/figcaption><\/figure>\n<\/div>\n<\/div>\n\n\n\n<div style=\"height:30px\" aria-hidden=\"true\" class=\"wp-block-spacer\"><\/div>\n\n\n\n<p>Ultraska\u0146as kontaktg\u0113li tiek izmantoti gan medic\u012bn\u0101, gan ar\u012b met\u0101la defektu atkl\u0101\u0161an\u0101 ar ultraska\u0146as apar\u0101tu.<\/p>\n\n\n\n<p>Pieejami g\u0113li gan uz \u016bdens b\u0101zes, gan ar\u012b augstu temperat\u016bru iztur\u012bgi speci\u0101lie g\u0113li met\u0101lu p\u0101rbaudei.<\/p>\n\n\n\n<p>Uzglab\u0101jam zilas kr\u0101sas ultraska\u0146as g\u0113lu uz \u016bdens b\u0101zes. Iepakojums \u2013 5,5L kanna.<\/p>\n\n\n\n<div style=\"height:30px\" aria-hidden=\"true\" class=\"wp-block-spacer\"><\/div>\n\n\n\n<p><strong>Piederumi<\/strong><\/p>\n\n\n\n<ul class=\"wp-block-list\">\n<li>UV lampas<\/li>\n\n\n\n<li>Past\u0101v\u012bgie magn\u0113ti<\/li>\n<\/ul>\n\n\n\n<div class=\"wp-block-group is-layout-grid wp-container-core-group-is-layout-baef362d wp-block-group-is-layout-grid\">\n<div class=\"wp-block-group is-content-justification-left is-layout-constrained wp-container-core-group-is-layout-8c890d92 wp-block-group-is-layout-constrained\">\n<figure class=\"wp-block-image aligncenter size-full\"><img loading=\"lazy\" decoding=\"async\" width=\"250\" height=\"176\" src=\"https:\/\/www.tektrade.ee\/lv\/wp-content\/uploads\/sites\/6\/2025\/08\/UV-lamp-LED.jpg\" alt=\"\" class=\"wp-image-2642\"\/><figcaption class=\"wp-element-caption\">UV lampas<br><\/figcaption><\/figure>\n<\/div>\n\n\n\n<div class=\"wp-block-group is-layout-constrained wp-block-group-is-layout-constrained\">\n<figure class=\"wp-block-image aligncenter size-full\"><img loading=\"lazy\" decoding=\"async\" width=\"236\" height=\"176\" src=\"https:\/\/www.tektrade.ee\/lv\/wp-content\/uploads\/sites\/6\/2025\/08\/ResizedImage236176-Pusimagnet.jpg\" alt=\"\" class=\"wp-image-2643\"\/><figcaption class=\"wp-element-caption\">Past\u0101v\u012bgais magn\u0113ts<br><\/figcaption><\/figure>\n<\/div>\n<\/div>\n","protected":false},"featured_media":0,"parent":2635,"menu_order":101,"template":"","class_list":["post-2639","product","type-product","status-publish","hentry"],"acf":[],"_links":{"self":[{"href":"https:\/\/www.tektrade.ee\/lv\/wp-json\/wp\/v2\/product\/2639","targetHints":{"allow":["GET"]}}],"collection":[{"href":"https:\/\/www.tektrade.ee\/lv\/wp-json\/wp\/v2\/product"}],"about":[{"href":"https:\/\/www.tektrade.ee\/lv\/wp-json\/wp\/v2\/types\/product"}],"version-history":[{"count":2,"href":"https:\/\/www.tektrade.ee\/lv\/wp-json\/wp\/v2\/product\/2639\/revisions"}],"predecessor-version":[{"id":3220,"href":"https:\/\/www.tektrade.ee\/lv\/wp-json\/wp\/v2\/product\/2639\/revisions\/3220"}],"up":[{"embeddable":true,"href":"https:\/\/www.tektrade.ee\/lv\/wp-json\/wp\/v2\/product\/2635"}],"wp:attachment":[{"href":"https:\/\/www.tektrade.ee\/lv\/wp-json\/wp\/v2\/media?parent=2639"}],"curies":[{"name":"wp","href":"https:\/\/api.w.org\/{rel}","templated":true}]}}