{"id":2637,"date":"2025-08-16T11:40:51","date_gmt":"2025-08-16T08:40:51","guid":{"rendered":"https:\/\/www.tektrade.ee\/lv\/?post_type=product&#038;p=2637"},"modified":"2025-08-18T23:20:41","modified_gmt":"2025-08-18T20:20:41","slug":"vci-korozijas-inhibitori","status":"publish","type":"product","link":"https:\/\/www.tektrade.ee\/lv\/preces\/cita-produkcija\/vci-korozijas-inhibitori\/","title":{"rendered":"VCI korozijas inhibitori"},"content":{"rendered":"\n<p>Koroziju aizturo\u0161ie inhibitori (VCI tehnolo\u0123ija) ir \u0137imik\u0101lijas, kas \u012bslaic\u012bgi pasarg\u0101 met\u0101lus no korozijas ietekmes. Periods, kur\u0101 met\u0101ls tiek aizsarg\u0101ts, vari\u0113jas no ned\u0113\u013c\u0101m l\u012bdz gadiem atkar\u012bb\u0101 no inhibitoru sast\u0101va, \u0137imik\u0101lijas saturo\u0161a produkta, koncentr\u0101ta daudzuma, izmanto\u0161anas tehnolo\u0123ijas utt.<\/p>\n\n\n\n<p>Koroziju aizturo\u0161ie inhibitori iedal\u0101s:<\/p>\n\n\n\n<p>1. G\u0101zveida inhibitori, kurus izmanto met\u0101la izstr\u0101d\u0101jumu iekonserv\u0113\u0161an\u0101 un iepako\u0161an\u0101.&nbsp;<br>Inhibitoru tvaiki kondens\u0113jas uz met\u0101la virsmas, un \u0137imik\u0101liju joni izveido pl\u0101nu molekul\u0101ro aizsargk\u0101rtu, kas aizkav\u0113 korod\u0113\u0161an\u0101s procesu.<\/p>\n\n\n\n<ul class=\"wp-block-list\">\n<li>izstr\u0101d\u0101jumi no pl\u0113ves, pulverveida emiteri, emiteri no putu plastikas, tabletes, pap\u012bri, aerosoli<\/li>\n<\/ul>\n\n\n\n<p>2. \u0160\u0137idrie inhibitori, kuri tiek uzkl\u0101ti uz met\u0101la virsmas (piem\u0113ram, milit\u0101ro iero\u010du iekonserv\u0113\u0161anai).<\/p>\n\n\n\n<ul class=\"wp-block-list\">\n<li>inhibitorus saturo\u0161ie izstr\u0101d\u0101jumi un g\u0113li uz \u016bdens vai e\u013c\u013cas b\u0101zes.<\/li>\n<\/ul>\n","protected":false},"featured_media":0,"parent":2635,"menu_order":102,"template":"","class_list":["post-2637","product","type-product","status-publish","hentry"],"acf":[],"_links":{"self":[{"href":"https:\/\/www.tektrade.ee\/lv\/wp-json\/wp\/v2\/product\/2637","targetHints":{"allow":["GET"]}}],"collection":[{"href":"https:\/\/www.tektrade.ee\/lv\/wp-json\/wp\/v2\/product"}],"about":[{"href":"https:\/\/www.tektrade.ee\/lv\/wp-json\/wp\/v2\/types\/product"}],"version-history":[{"count":2,"href":"https:\/\/www.tektrade.ee\/lv\/wp-json\/wp\/v2\/product\/2637\/revisions"}],"predecessor-version":[{"id":3221,"href":"https:\/\/www.tektrade.ee\/lv\/wp-json\/wp\/v2\/product\/2637\/revisions\/3221"}],"up":[{"embeddable":true,"href":"https:\/\/www.tektrade.ee\/lv\/wp-json\/wp\/v2\/product\/2635"}],"wp:attachment":[{"href":"https:\/\/www.tektrade.ee\/lv\/wp-json\/wp\/v2\/media?parent=2637"}],"curies":[{"name":"wp","href":"https:\/\/api.w.org\/{rel}","templated":true}]}}