{"id":2314,"date":"2025-08-12T23:20:14","date_gmt":"2025-08-12T20:20:14","guid":{"rendered":"https:\/\/www.tektrade.ee\/lv\/?post_type=product&#038;p=2314"},"modified":"2025-08-18T20:28:39","modified_gmt":"2025-08-18T17:28:39","slug":"skidrumu-un-gazu-filtri","status":"publish","type":"product","link":"https:\/\/www.tektrade.ee\/lv\/preces\/filtri-un-separatori\/skidrumu-un-gazu-filtri\/","title":{"rendered":"\u0160\u0137idrumu un g\u0101zu filtri"},"content":{"rendered":"\n<p>BOLLFILTER filtri ir \u201cin-line\u201d r\u016bpnieciskie filtri \u0161\u0137idrumu un g\u0101zu att\u012br\u012b\u0161anai no meh\u0101nisk\u0101m da\u013ci\u0146\u0101m. Filtri sec\u012bgi tiek uzst\u0101d\u012bti cauru\u013cvadu sist\u0113m\u0101. Tos paredz\u0113ts uzst\u0101d\u012bt ies\u016bk\u0161anas vai izpl\u016bdes spiediena l\u012bnij\u0101s, lai aizsarg\u0101tu sist\u0113mas komponentus, piem\u0113ram, s\u016bk\u0146us, gult\u0146us, siltummai\u0146us, v\u0101rstus vai cauru\u013cvadus no pies\u0101r\u0146ojuma un nos\u0113dumiem.<\/p>\n\n\n\n<p>Filtru iedal\u012bjums:<\/p>\n\n\n\n<p>&#8211;&nbsp;Simplex \u2013 filtrs ar vienu korpusu. Pamata modelis, viegli t\u012br\u0101ms, kompakts.<\/p>\n\n\n\n<div class=\"wp-block-group is-nowrap is-layout-flex wp-container-core-group-is-layout-ad2f72ca wp-block-group-is-layout-flex\">\n<figure class=\"wp-block-image size-full\"><img loading=\"lazy\" decoding=\"async\" width=\"358\" height=\"424\" src=\"https:\/\/www.tektrade.ee\/lv\/wp-content\/uploads\/sites\/6\/2025\/08\/Bollfilter-Simplex-filter.png\" alt=\"\" class=\"wp-image-2601\" srcset=\"https:\/\/www.tektrade.ee\/lv\/wp-content\/uploads\/sites\/6\/2025\/08\/Bollfilter-Simplex-filter.png 358w, https:\/\/www.tektrade.ee\/lv\/wp-content\/uploads\/sites\/6\/2025\/08\/Bollfilter-Simplex-filter-253x300.png 253w\" sizes=\"auto, (max-width: 358px) 100vw, 358px\" \/><figcaption class=\"wp-element-caption\">BOLLFILTER\u00a0Simplex<br><\/figcaption><\/figure>\n<\/div>\n\n\n\n<div style=\"height:30px\" aria-hidden=\"true\" class=\"wp-block-spacer\"><\/div>\n\n\n\n<p>&#8211;&nbsp;Duplex \u2013 filtrs ar diviem korpusiem un p\u0101rsl\u0113g\u0161anas v\u0101rstu. Nodro\u0161ina nep\u0101rtrauktu filtr\u0113\u0161anu, lielu da\u017e\u0101du filtra elementu izv\u0113li.<\/p>\n\n\n\n<div class=\"wp-block-group is-nowrap is-layout-flex wp-container-core-group-is-layout-ad2f72ca wp-block-group-is-layout-flex\">\n<figure class=\"wp-block-image size-full\"><img loading=\"lazy\" decoding=\"async\" width=\"359\" height=\"503\" src=\"https:\/\/www.tektrade.ee\/lv\/wp-content\/uploads\/sites\/6\/2025\/08\/Bollfilter-duplex-filter.png\" alt=\"\" class=\"wp-image-2602\" srcset=\"https:\/\/www.tektrade.ee\/lv\/wp-content\/uploads\/sites\/6\/2025\/08\/Bollfilter-duplex-filter.png 359w, https:\/\/www.tektrade.ee\/lv\/wp-content\/uploads\/sites\/6\/2025\/08\/Bollfilter-duplex-filter-214x300.png 214w\" sizes=\"auto, (max-width: 359px) 100vw, 359px\" \/><figcaption class=\"wp-element-caption\">BOLLFILTER\u00a0Duplex<br><\/figcaption><\/figure>\n<\/div>\n\n\n\n<div style=\"height:30px\" aria-hidden=\"true\" class=\"wp-block-spacer\"><\/div>\n\n\n\n<p>&#8211;&nbsp;Autom\u0101tiskie filtri. Nep\u0101rtraukts darba process, pa\u0161att\u012br\u012b\u0161an\u0101s sist\u0113ma ar pretmazg\u0101\u0161anu.&nbsp; &nbsp;<\/p>\n\n\n\n<p>Piem\u0113ram:<\/p>\n\n\n\n<ul class=\"wp-block-list\">\n<li>\u016adens filtri AquaBoll\u00ae, izm\u0113ri DN50 \u2013 DN500, filtr\u0113\u0161anas l\u012bme\u0146u diapazons 10\u00b5 \u2013 5mm;<\/li>\n<\/ul>\n\n\n\n<div class=\"wp-block-group is-nowrap is-layout-flex wp-container-core-group-is-layout-ad2f72ca wp-block-group-is-layout-flex\">\n<figure class=\"wp-block-image size-full\"><img loading=\"lazy\" decoding=\"async\" width=\"400\" height=\"728\" src=\"https:\/\/www.tektrade.ee\/lv\/wp-content\/uploads\/sites\/6\/2025\/08\/ResizedImage400728-Bollfilter-aquaBoll-self-cleaning-filter.jpg\" alt=\"\" class=\"wp-image-2603\" srcset=\"https:\/\/www.tektrade.ee\/lv\/wp-content\/uploads\/sites\/6\/2025\/08\/ResizedImage400728-Bollfilter-aquaBoll-self-cleaning-filter.jpg 400w, https:\/\/www.tektrade.ee\/lv\/wp-content\/uploads\/sites\/6\/2025\/08\/ResizedImage400728-Bollfilter-aquaBoll-self-cleaning-filter-165x300.jpg 165w, https:\/\/www.tektrade.ee\/lv\/wp-content\/uploads\/sites\/6\/2025\/08\/ResizedImage400728-Bollfilter-aquaBoll-self-cleaning-filter-330x600.jpg 330w\" sizes=\"auto, (max-width: 400px) 100vw, 400px\" \/><figcaption class=\"wp-element-caption\">BOLLFILTER\u00a0AquaBoll\u00ae<br><\/figcaption><\/figure>\n<\/div>\n\n\n\n<div style=\"height:30px\" aria-hidden=\"true\" class=\"wp-block-spacer\"><\/div>\n\n\n\n<ul class=\"wp-block-list\">\n<li>EngineBoll\u00ae autom\u0101tiskie filtri motore\u013c\u013cu un \u0161\u0137idr\u0101 kurin\u0101m\u0101 t\u012br\u012b\u0161anai, izm\u0113ri DN50 \u2013 DN300, filtr\u0113\u0161anas pak\u0101pju diapazons 1\u00b5 \u2013 50\u00b5;<\/li>\n\n\n\n<li>Autom\u0101tiskie filtri emulsiju t\u012br\u012b\u0161anai, izm\u0113ri DN100 \u2013 DN400, filtr\u0113\u0161anas pak\u0101pju diapazons 6\u00b5 &#8211; 150\u00b5;<\/li>\n\n\n\n<li>&#8230; un citi.<\/li>\n<\/ul>\n\n\n\n<p>Filtru piederumu sast\u0101vda\u013cas ir atkar\u012bgas no filtra veida un ar\u012b no lieto\u0161anas vietas.<\/p>\n\n\n\n<p>Korpusa materi\u0101lu izv\u0113l\u0113 ietilpst \u010duguns, oglek\u013ca t\u0113rauds, ner\u016bs\u0113jo\u0161ais t\u0113rauds.<\/p>\n\n\n\n<p>Filtru elementi parasti izgatavoti no ner\u016bs\u0113jo\u0161\u0101 t\u0113rauda \u2013 groza elementi, kase\u0161u elementi, sve\u010du elementi, saloc\u012bti elementi utt. Tiek izmantoti da\u017e\u0101di izstr\u0101d\u0101jumi, piem\u0113ram, t\u0113rauda siets, perfor\u0113t\u0101 pl\u0101ksne utt.&nbsp; Pie kase\u0161u elementu materi\u0101liem pieder ar\u012b pap\u012brs, stikla \u0161\u0137iedra, plastmasa.<\/p>\n\n\n\n<div class=\"wp-block-group is-nowrap is-layout-flex wp-container-core-group-is-layout-ad2f72ca wp-block-group-is-layout-flex\">\n<figure class=\"wp-block-image size-full\"><img loading=\"lazy\" decoding=\"async\" width=\"500\" height=\"325\" src=\"https:\/\/www.tektrade.ee\/lv\/wp-content\/uploads\/sites\/6\/2025\/08\/ResizedImage500325-Bollfilter-Filter-elements.jpg\" alt=\"\" class=\"wp-image-2605\" srcset=\"https:\/\/www.tektrade.ee\/lv\/wp-content\/uploads\/sites\/6\/2025\/08\/ResizedImage500325-Bollfilter-Filter-elements.jpg 500w, https:\/\/www.tektrade.ee\/lv\/wp-content\/uploads\/sites\/6\/2025\/08\/ResizedImage500325-Bollfilter-Filter-elements-300x195.jpg 300w\" sizes=\"auto, (max-width: 500px) 100vw, 500px\" \/><figcaption class=\"wp-element-caption\">BOLLFILTER\u00a0filtru elementi<br><\/figcaption><\/figure>\n<\/div>\n\n\n\n<p>Filtru apr\u012bkojuma komponentes bie\u017ei vien ir gumijas bl\u012bves, spiediena starp\u012bbas indikatori, vad\u012bbas pane\u013ci.<\/p>\n\n\n\n<div class=\"wp-block-file\"><a id=\"wp-block-file--media-5e9b4605-7108-46a7-bc47-5fd1aa50654a\" href=\"https:\/\/www.tektrade.ee\/lv\/wp-content\/uploads\/sites\/6\/2025\/08\/Bollfilter-Filter-questionnaire.pdf\" target=\"_blank\" rel=\"noreferrer noopener\">Aptauju lapa<\/a><\/div>\n","protected":false},"featured_media":0,"parent":2300,"menu_order":31,"template":"","class_list":["post-2314","product","type-product","status-publish","hentry"],"acf":[],"_links":{"self":[{"href":"https:\/\/www.tektrade.ee\/lv\/wp-json\/wp\/v2\/product\/2314","targetHints":{"allow":["GET"]}}],"collection":[{"href":"https:\/\/www.tektrade.ee\/lv\/wp-json\/wp\/v2\/product"}],"about":[{"href":"https:\/\/www.tektrade.ee\/lv\/wp-json\/wp\/v2\/types\/product"}],"version-history":[{"count":4,"href":"https:\/\/www.tektrade.ee\/lv\/wp-json\/wp\/v2\/product\/2314\/revisions"}],"predecessor-version":[{"id":3117,"href":"https:\/\/www.tektrade.ee\/lv\/wp-json\/wp\/v2\/product\/2314\/revisions\/3117"}],"up":[{"embeddable":true,"href":"https:\/\/www.tektrade.ee\/lv\/wp-json\/wp\/v2\/product\/2300"}],"wp:attachment":[{"href":"https:\/\/www.tektrade.ee\/lv\/wp-json\/wp\/v2\/media?parent=2314"}],"curies":[{"name":"wp","href":"https:\/\/api.w.org\/{rel}","templated":true}]}}