{"id":2312,"date":"2025-08-12T23:19:54","date_gmt":"2025-08-12T20:19:54","guid":{"rendered":"https:\/\/www.tektrade.ee\/lv\/?post_type=product&#038;p=2312"},"modified":"2025-08-18T20:27:28","modified_gmt":"2025-08-18T17:27:28","slug":"industrialie-vakuuma-suceji-delfin","status":"publish","type":"product","link":"https:\/\/www.tektrade.ee\/lv\/preces\/filtri-un-separatori\/industrialie-vakuuma-suceji-delfin\/","title":{"rendered":"Industri\u0101lie vakuuma s\u016bc\u0113ji Delfin"},"content":{"rendered":"\n<div class=\"wp-block-group is-nowrap is-layout-flex wp-container-core-group-is-layout-ad2f72ca wp-block-group-is-layout-flex\">\n<figure class=\"wp-block-image size-full\"><img loading=\"lazy\" decoding=\"async\" width=\"480\" height=\"400\" src=\"https:\/\/www.tektrade.ee\/lv\/wp-content\/uploads\/sites\/6\/2025\/08\/ResizedImage480400-Gamma-Atex.png\" alt=\"\" class=\"wp-image-2586\" srcset=\"https:\/\/www.tektrade.ee\/lv\/wp-content\/uploads\/sites\/6\/2025\/08\/ResizedImage480400-Gamma-Atex.png 480w, https:\/\/www.tektrade.ee\/lv\/wp-content\/uploads\/sites\/6\/2025\/08\/ResizedImage480400-Gamma-Atex-300x250.png 300w\" sizes=\"auto, (max-width: 480px) 100vw, 480px\" \/><\/figure>\n<\/div>\n\n\n\n<p>TekTrade Baltic pre\u010du sortiment\u0101 ir atz\u012bt\u0101 It\u0101lijas ra\u017eot\u0101ja Delfin vakuuma s\u016bc\u0113ji jebkura veida ra\u017eo\u0161anas nozarei. Katrs vakuuma s\u016bc\u0113js ir konstru\u0113ts noteiktam m\u0113r\u0137im, lai str\u0101d\u0101tu ar putek\u013ciem, ciet\u0101m viel\u0101m vai \u00a0\u0161\u0137idrumiem. Delfin industri\u0101lie s\u016bc\u0113ji ir lab\u0101kais risin\u0101jums putek\u013cu un\/vai ra\u017eo\u0161anas atlikumu aizg\u0101d\u0101\u0161anai no jebkuras darba vides, nodro\u0161inot ra\u017eo\u0161anas vid\u0113 efektivit\u0101ti un dro\u0161\u012bbu. Pateicoties HEPA filtr\u0113\u0161anai un papildino\u0161\u0101m sertific\u0113t\u0101m komponent\u0113m, ATEX industri\u0101lie s\u016bc\u0113ji nodro\u0161ina augst\u0101ko t\u012br\u012bbas l\u012bmeni un dro\u0161\u012bbu ar\u012b spr\u0101dzienb\u012bstam\u0101 vid\u0113.<\/p>\n\n\n\n<div class=\"wp-block-file\"><a id=\"wp-block-file--media-afb4953b-b269-4339-8d71-cd8effbe24ba\" href=\"https:\/\/www.tektrade.ee\/lv\/wp-content\/uploads\/sites\/6\/2025\/08\/Delfin-Catalogue-V1.0-ENG-web1.pdf\" target=\"_blank\" rel=\"noreferrer noopener\">Delfin produktu\u00a0katalogs<\/a><\/div>\n\n\n\n<p>Pieejami da\u017e\u0101di industri\u0101lo vakuuma s\u016bc\u0113ju tipi:<\/p>\n\n\n\n<div class=\"wp-block-group is-nowrap is-layout-flex wp-container-core-group-is-layout-ad2f72ca wp-block-group-is-layout-flex\">\n<figure class=\"wp-block-image size-full\"><img loading=\"lazy\" decoding=\"async\" width=\"206\" height=\"300\" src=\"https:\/\/www.tektrade.ee\/lv\/wp-content\/uploads\/sites\/6\/2025\/08\/ResizedImage206300-3-faasilised.png\" alt=\"\" class=\"wp-image-2588\"\/><\/figure>\n<\/div>\n\n\n\n<p>&#8211;&nbsp;&nbsp;&nbsp;&nbsp;&nbsp;&nbsp;3 f\u0101\u017eu industri\u0101lie vakuuma s\u016bc\u0113ji, kas paredz\u0113ti nep\u0101rtrauktam pielietojumam.<\/p>\n\n\n\n<div style=\"height:30px\" aria-hidden=\"true\" class=\"wp-block-spacer\"><\/div>\n\n\n\n<div class=\"wp-block-group is-nowrap is-layout-flex wp-container-core-group-is-layout-ad2f72ca wp-block-group-is-layout-flex\">\n<figure class=\"wp-block-image size-full\"><img loading=\"lazy\" decoding=\"async\" width=\"151\" height=\"300\" src=\"https:\/\/www.tektrade.ee\/lv\/wp-content\/uploads\/sites\/6\/2025\/08\/ResizedImage151300-1-faasilised.png\" alt=\"\" class=\"wp-image-2590\"\/><\/figure>\n<\/div>\n\n\n\n<p>&#8211;&nbsp;&nbsp;&nbsp;&nbsp;&nbsp;&nbsp;1 f\u0101zes industri\u0101lie vakuuma s\u016bc\u0113ji, kas paredz\u0113ti putek\u013cu un \u0161\u0137idrumu uzs\u016bk\u0161anai. Nav paredz\u0113ts nemit\u012bgi funkcion\u0113jo\u0161iem pielietojumiem, bet gan visp\u0101r\u012bgai t\u012br\u012b\u0161anai darba vid\u0113. \u013bauj p\u0101rvietot vielas no vienas darba vides uz otru.<\/p>\n\n\n\n<div style=\"height:30px\" aria-hidden=\"true\" class=\"wp-block-spacer\"><\/div>\n\n\n\n<div class=\"wp-block-group is-nowrap is-layout-flex wp-container-core-group-is-layout-ad2f72ca wp-block-group-is-layout-flex\">\n<figure class=\"wp-block-image size-full\"><img loading=\"lazy\" decoding=\"async\" width=\"206\" height=\"300\" src=\"https:\/\/www.tektrade.ee\/lv\/wp-content\/uploads\/sites\/6\/2025\/08\/ResizedImage206300-peene-ja-murgise-tolmu-jaoks.png\" alt=\"\" class=\"wp-image-2591\"\/><\/figure>\n<\/div>\n\n\n\n<p>&#8211;&nbsp;&nbsp;&nbsp;&nbsp;&nbsp;&nbsp; Industri\u0101lie vakuuma s\u016bc\u0113ji, kas paredz\u0113ti smalkiem un ind\u012bgiem putek\u013ciem.<\/p>\n\n\n\n<div style=\"height:30px\" aria-hidden=\"true\" class=\"wp-block-spacer\"><\/div>\n\n\n\n<div class=\"wp-block-group is-nowrap is-layout-flex wp-container-core-group-is-layout-ad2f72ca wp-block-group-is-layout-flex\">\n<figure class=\"wp-block-image size-full\"><img loading=\"lazy\" decoding=\"async\" width=\"182\" height=\"300\" src=\"https:\/\/www.tektrade.ee\/lv\/wp-content\/uploads\/sites\/6\/2025\/08\/ResizedImage182300-suruohuimur.png\" alt=\"\" class=\"wp-image-2592\"\/><\/figure>\n<\/div>\n\n\n\n<p>&#8211;&nbsp;&nbsp;&nbsp;&nbsp;&nbsp;&nbsp; Industri\u0101lie saspiest\u0101 gaisa vakuuma s\u016bc\u0113ji.<\/p>\n\n\n\n<div style=\"height:30px\" aria-hidden=\"true\" class=\"wp-block-spacer\"><\/div>\n\n\n\n<div class=\"wp-block-group is-nowrap is-layout-flex wp-container-core-group-is-layout-ad2f72ca wp-block-group-is-layout-flex\">\n<figure class=\"wp-block-image size-full\"><img loading=\"lazy\" decoding=\"async\" width=\"182\" height=\"300\" src=\"https:\/\/www.tektrade.ee\/lv\/wp-content\/uploads\/sites\/6\/2025\/08\/ResizedImage182300-atex.png\" alt=\"\" class=\"wp-image-2593\"\/><\/figure>\n<\/div>\n\n\n\n<p>&#8211;&nbsp;&nbsp;&nbsp;&nbsp;&nbsp;&nbsp; ATEX sertific\u0113tie industri\u0101lie vakuuma s\u016bc\u0113ji.<\/p>\n\n\n\n<div style=\"height:30px\" aria-hidden=\"true\" class=\"wp-block-spacer\"><\/div>\n\n\n\n<div class=\"wp-block-group is-nowrap is-layout-flex wp-container-core-group-is-layout-ad2f72ca wp-block-group-is-layout-flex\">\n<figure class=\"wp-block-image size-full\"><img loading=\"lazy\" decoding=\"async\" width=\"206\" height=\"300\" src=\"https:\/\/www.tektrade.ee\/lv\/wp-content\/uploads\/sites\/6\/2025\/08\/ResizedImage206300-metallijaakidele.png\" alt=\"\" class=\"wp-image-2594\"\/><\/figure>\n<\/div>\n\n\n\n<p>&#8211;&nbsp;&nbsp;&nbsp;&nbsp;&nbsp;&nbsp; Industri\u0101lie vakuuma s\u016bc\u0113ji met\u0101la palieku atdal\u012b\u0161anai no e\u013c\u013cas un emulsij\u0101m.<\/p>\n\n\n\n<div style=\"height:30px\" aria-hidden=\"true\" class=\"wp-block-spacer\"><\/div>\n\n\n\n<div class=\"wp-block-group is-nowrap is-layout-flex wp-container-core-group-is-layout-ad2f72ca wp-block-group-is-layout-flex\">\n<figure class=\"wp-block-image size-full\"><img loading=\"lazy\" decoding=\"async\" width=\"206\" height=\"300\" src=\"https:\/\/www.tektrade.ee\/lv\/wp-content\/uploads\/sites\/6\/2025\/08\/ResizedImage206300-farma.png\" alt=\"\" class=\"wp-image-2595\"\/><\/figure>\n<\/div>\n\n\n\n<p>&#8211;&nbsp;&nbsp;&nbsp;&nbsp;&nbsp;&nbsp; Industri\u0101lie vakuuma s\u016bc\u0113ji p\u0101rtikas produktu, farm\u0101cijas ra\u017eotn\u0113m un cit\u0101m ra\u017eotn\u0113m, kas prasa \u0101rk\u0101rt\u012bgi lielu t\u012br\u012bbu.<\/p>\n\n\n\n<div style=\"height:30px\" aria-hidden=\"true\" class=\"wp-block-spacer\"><\/div>\n\n\n\n<div class=\"wp-block-group is-nowrap is-layout-flex wp-container-core-group-is-layout-ad2f72ca wp-block-group-is-layout-flex\">\n<figure class=\"wp-block-image size-full\"><img loading=\"lazy\" decoding=\"async\" width=\"206\" height=\"300\" src=\"https:\/\/www.tektrade.ee\/lv\/wp-content\/uploads\/sites\/6\/2025\/08\/ResizedImage206300-tootmisliinidele.png\" alt=\"\" class=\"wp-image-2596\"\/><\/figure>\n<\/div>\n\n\n\n<p>&#8211;&nbsp;&nbsp;&nbsp;&nbsp;&nbsp;&nbsp; Industri\u0101lie vakuuma s\u016bc\u0113ji palieku un atlikumu no\u0146em\u0161anai OEM ra\u017eotn\u0113m, iepako\u0161anas ra\u017eotn\u0113m un ra\u017eo\u0161anas l\u012bnij\u0101m.<\/p>\n\n\n\n<div style=\"height:30px\" aria-hidden=\"true\" class=\"wp-block-spacer\"><\/div>\n\n\n\n<div class=\"wp-block-group is-nowrap is-layout-flex wp-container-core-group-is-layout-ad2f72ca wp-block-group-is-layout-flex\">\n<figure class=\"wp-block-image size-full\"><img loading=\"lazy\" decoding=\"async\" width=\"206\" height=\"300\" src=\"https:\/\/www.tektrade.ee\/lv\/wp-content\/uploads\/sites\/6\/2025\/08\/ResizedImage206300-keevitamisega-seotud.png\" alt=\"\" class=\"wp-image-2597\"\/><\/figure>\n<\/div>\n\n\n\n<p>&#8211;&nbsp;&nbsp;&nbsp;&nbsp;&nbsp;&nbsp; Industri\u0101lie vakuuma s\u016bc\u0113ji ra\u017eotn\u0113m, kas nodarbojas ar metin\u0101\u0161anu.<\/p>\n\n\n\n<div style=\"height:30px\" aria-hidden=\"true\" class=\"wp-block-spacer\"><\/div>\n\n\n\n<div class=\"wp-block-group is-nowrap is-layout-flex wp-container-core-group-is-layout-ad2f72ca wp-block-group-is-layout-flex\">\n<figure class=\"wp-block-image size-full\"><img loading=\"lazy\" decoding=\"async\" width=\"237\" height=\"300\" src=\"https:\/\/www.tektrade.ee\/lv\/wp-content\/uploads\/sites\/6\/2025\/08\/ResizedImage237300-rasketoostusele.png\" alt=\"\" class=\"wp-image-2598\"\/><\/figure>\n<\/div>\n\n\n\n<p>&#8211;&nbsp;&nbsp;&nbsp;&nbsp;&nbsp;&nbsp; Industri\u0101lie vakuuma s\u016bc\u0113ji smagajai r\u016bpniec\u012bbai ar lielu darbsp\u0113ju.<\/p>\n","protected":false},"featured_media":0,"parent":2300,"menu_order":30,"template":"","class_list":["post-2312","product","type-product","status-publish","hentry"],"acf":[],"_links":{"self":[{"href":"https:\/\/www.tektrade.ee\/lv\/wp-json\/wp\/v2\/product\/2312","targetHints":{"allow":["GET"]}}],"collection":[{"href":"https:\/\/www.tektrade.ee\/lv\/wp-json\/wp\/v2\/product"}],"about":[{"href":"https:\/\/www.tektrade.ee\/lv\/wp-json\/wp\/v2\/types\/product"}],"version-history":[{"count":4,"href":"https:\/\/www.tektrade.ee\/lv\/wp-json\/wp\/v2\/product\/2312\/revisions"}],"predecessor-version":[{"id":3116,"href":"https:\/\/www.tektrade.ee\/lv\/wp-json\/wp\/v2\/product\/2312\/revisions\/3116"}],"up":[{"embeddable":true,"href":"https:\/\/www.tektrade.ee\/lv\/wp-json\/wp\/v2\/product\/2300"}],"wp:attachment":[{"href":"https:\/\/www.tektrade.ee\/lv\/wp-json\/wp\/v2\/media?parent=2312"}],"curies":[{"name":"wp","href":"https:\/\/api.w.org\/{rel}","templated":true}]}}