{"id":2310,"date":"2025-08-12T23:19:38","date_gmt":"2025-08-12T20:19:38","guid":{"rendered":"https:\/\/www.tektrade.ee\/lv\/?post_type=product&#038;p=2310"},"modified":"2025-08-18T20:26:18","modified_gmt":"2025-08-18T17:26:18","slug":"vakuuma-iekartas-freddy","status":"publish","type":"product","link":"https:\/\/www.tektrade.ee\/lv\/preces\/filtri-un-separatori\/vakuuma-iekartas-freddy\/","title":{"rendered":"Vakuuma iek\u0101rtas Freddy"},"content":{"rendered":"\n<p>Freddy\u00ae mobilos vakuuma filtrus izmanto galvenok\u0101rt met\u0101lapstr\u0101des r\u016bpn\u012bc\u0101s.&nbsp;<\/p>\n\n\n\n<p>Freddy\u00ae iek\u0101rtas \u013cauj izs\u016bkn\u0113t no darbgaldu tvertn\u0113m\/konveijera met\u0101lgrie\u0161anas \u0161\u0137idrumu, emulsiju vai dzes\u0113\u0161anas un e\u013c\u013co\u0161anas \u0161\u0137idrumu. Lai uzlabotu ra\u017eo\u0161anas kvalit\u0101ti, tiek paaugstin\u0101ta izmantojam\u0101 \u0161\u0137idruma t\u012br\u012bbas pak\u0101pe.<\/p>\n\n\n\n<p>Filtr\u0113\u0161anas iek\u0101rtas att\u012bra \u0161\u0137idrumu no meh\u0101niskaj\u0101m da\u013ci\u0146\u0101m vai e\u013c\u013cas p\u0101rpalikumiem.<br>L\u012bdz ar to Freddy iek\u0101rtas \u013cauj b\u016btiski samazin\u0101t \u0161\u0137idruma pat\u0113ri\u0146u, uzlabot meh\u0101nisma darb\u012bbu un pagarin\u0101t t\u0101 kalpo\u0161anas laiku, k\u0101 ar\u012b ietaup\u012bt p\u0101rpalikumu likvid\u0113\u0161anas izmaksas.<\/p>\n\n\n\n<p>P\u0113c ra\u017e\u012bbas un pielietojuma iz\u0161\u0137ir \u0161\u0101das iek\u0101rtas \u2013 Superminor, Ecovac, Tramp Oil Separator.<\/p>\n\n\n\n<p>Pied\u0101v\u0101jam ieg\u0101d\u0101ties ar\u012b nomain\u0101mos uzga\u013cus, da\u017e\u0101da bl\u012bvuma filtru maisi\u0146us un citus iek\u0101rt\u0101m nepiecie\u0161amos piederumus.<\/p>\n\n\n\n<div class=\"wp-block-group is-nowrap is-layout-flex wp-container-core-group-is-layout-ad2f72ca wp-block-group-is-layout-flex\">\n<figure class=\"wp-block-image size-full\"><img loading=\"lazy\" decoding=\"async\" width=\"300\" height=\"290\" src=\"https:\/\/www.tektrade.ee\/lv\/wp-content\/uploads\/sites\/6\/2025\/08\/ResizedImage300290-SuperMinor-square.jpg\" alt=\"\" class=\"wp-image-2582\"\/><figcaption class=\"wp-element-caption\">SuperMinor<br><\/figcaption><\/figure>\n<\/div>\n\n\n\n<div class=\"wp-block-group is-nowrap is-layout-flex wp-container-core-group-is-layout-ad2f72ca wp-block-group-is-layout-flex\">\n<figure class=\"wp-block-image size-full\"><img loading=\"lazy\" decoding=\"async\" width=\"300\" height=\"294\" src=\"https:\/\/www.tektrade.ee\/lv\/wp-content\/uploads\/sites\/6\/2025\/08\/ResizedImage300294-Ecovac-square.jpg\" alt=\"\" class=\"wp-image-2583\"\/><figcaption class=\"wp-element-caption\"><em>Ecovac<\/em><br><\/figcaption><\/figure>\n<\/div>\n\n\n\n<div class=\"wp-block-group is-nowrap is-layout-flex wp-container-core-group-is-layout-ad2f72ca wp-block-group-is-layout-flex\">\n<figure class=\"wp-block-image size-full\"><img loading=\"lazy\" decoding=\"async\" width=\"300\" height=\"261\" src=\"https:\/\/www.tektrade.ee\/lv\/wp-content\/uploads\/sites\/6\/2025\/08\/ResizedImage300261-TOS-square.jpg\" alt=\"\" class=\"wp-image-2584\"\/><figcaption class=\"wp-element-caption\">Tramp Oil Separator<br><br><\/figcaption><\/figure>\n<\/div>\n","protected":false},"featured_media":0,"parent":2300,"menu_order":29,"template":"","class_list":["post-2310","product","type-product","status-publish","hentry"],"acf":[],"_links":{"self":[{"href":"https:\/\/www.tektrade.ee\/lv\/wp-json\/wp\/v2\/product\/2310","targetHints":{"allow":["GET"]}}],"collection":[{"href":"https:\/\/www.tektrade.ee\/lv\/wp-json\/wp\/v2\/product"}],"about":[{"href":"https:\/\/www.tektrade.ee\/lv\/wp-json\/wp\/v2\/types\/product"}],"version-history":[{"count":3,"href":"https:\/\/www.tektrade.ee\/lv\/wp-json\/wp\/v2\/product\/2310\/revisions"}],"predecessor-version":[{"id":3115,"href":"https:\/\/www.tektrade.ee\/lv\/wp-json\/wp\/v2\/product\/2310\/revisions\/3115"}],"up":[{"embeddable":true,"href":"https:\/\/www.tektrade.ee\/lv\/wp-json\/wp\/v2\/product\/2300"}],"wp:attachment":[{"href":"https:\/\/www.tektrade.ee\/lv\/wp-json\/wp\/v2\/media?parent=2310"}],"curies":[{"name":"wp","href":"https:\/\/api.w.org\/{rel}","templated":true}]}}