{"id":2308,"date":"2025-08-12T23:19:23","date_gmt":"2025-08-12T20:19:23","guid":{"rendered":"https:\/\/www.tektrade.ee\/lv\/?post_type=product&#038;p=2308"},"modified":"2025-08-18T20:25:04","modified_gmt":"2025-08-18T17:25:04","slug":"vibro-sijataji-un-sieti","status":"publish","type":"product","link":"https:\/\/www.tektrade.ee\/lv\/preces\/filtri-un-separatori\/vibro-sijataji-un-sieti\/","title":{"rendered":"Vibro sij\u0101t\u0101ji un sieti"},"content":{"rendered":"\n<p>Vibro sij\u0101t\u0101jus izmanto \u0161\u0137idrumu att\u012br\u012b\u0161anai no net\u012brumiem vai cieto da\u013ci\u0146u \u0161\u0137iro\u0161anai p\u0113c izm\u0113ra. Darba process balst\u0101s uz sij\u0101jam\u0101 produkta vibr\u0113\u0161anu un gravit\u0101ciju. Da\u013ci\u0146u atdal\u012b\u0161anai tiek izmantoti sieti ar da\u017e\u0101du \u0161\u016bnu izm\u0113ru. Sadal\u012b\u0161anai da\u017e\u0101d\u0101s frakcij\u0101s izmanto ar\u012b sietu modu\u013cu sist\u0113mas.<\/p>\n\n\n\n<div class=\"wp-block-group is-layout-grid wp-container-core-group-is-layout-baef362d wp-block-group-is-layout-grid\">\n<div class=\"wp-block-group is-content-justification-left is-layout-constrained wp-container-core-group-is-layout-8c890d92 wp-block-group-is-layout-constrained\">\n<figure class=\"wp-block-image size-full\"><img loading=\"lazy\" decoding=\"async\" width=\"253\" height=\"250\" src=\"https:\/\/www.tektrade.ee\/lv\/wp-content\/uploads\/sites\/6\/2025\/08\/ResizedImage253250-Moodul.jpg\" alt=\"\" class=\"wp-image-2572\" srcset=\"https:\/\/www.tektrade.ee\/lv\/wp-content\/uploads\/sites\/6\/2025\/08\/ResizedImage253250-Moodul.jpg 253w, https:\/\/www.tektrade.ee\/lv\/wp-content\/uploads\/sites\/6\/2025\/08\/ResizedImage253250-Moodul-100x100.jpg 100w\" sizes=\"auto, (max-width: 253px) 100vw, 253px\" \/><figcaption class=\"wp-element-caption\">Sadal\u012b\u0161ana pa grup\u0101m. Sietu modu\u013cu sist\u0113ma.<br><\/figcaption><\/figure>\n<\/div>\n\n\n\n<figure class=\"wp-block-image size-full\"><img loading=\"lazy\" decoding=\"async\" width=\"286\" height=\"250\" src=\"https:\/\/www.tektrade.ee\/lv\/wp-content\/uploads\/sites\/6\/2025\/08\/ResizedImage286250-Filtreerimine.jpg\" alt=\"\" class=\"wp-image-2573\"\/><figcaption class=\"wp-element-caption\"><em>Filtr\u0113\u0161ana<br><\/em><\/figcaption><\/figure>\n<\/div>\n\n\n\n<div style=\"height:30px\" aria-hidden=\"true\" class=\"wp-block-spacer\"><\/div>\n\n\n\n<p>Vajadz\u012bbas gad\u012bjum\u0101 ier\u012bce var tikt konstru\u0113ta p\u0113c CIP (t\u012br\u012b\u0161ana uz vietas neizjaucot) sist\u0113mas vai izmanto\u0161anai spr\u0101dzienb\u012bstam\u0101s vid\u0113s ATEX.<\/p>\n\n\n\n<p>Sij\u0101t\u0101jus SWECO izmanto kokapstr\u0101des r\u016bpniec\u012bb\u0101, ve\u013cas mazg\u0101tav\u0101s, \u0137\u012bmiskaj\u0101 un farm\u0101cijas r\u016bpniec\u012bb\u0101, pap\u012bra r\u016bpniec\u012bb\u0101, p\u0101rtikas r\u016bpniec\u012bb\u0101 un alus ra\u017eo\u0161an\u0101, k\u0101 ar\u012b notek\u016bde\u0146u att\u012br\u012b\u0161anai no meh\u0101niskajiem p\u0101rpalikumiem un \u0161\u0137iedr\u0101m.<\/p>\n\n\n\n<p>Vibro sij\u0101t\u0101jus p\u0113c to darbvirsmas jeb sieta veida iedala div\u0101s grup\u0101s: apa\u013ci un \u010detrst\u016brveida sij\u0101t\u0101ji.<\/p>\n\n\n\n<div class=\"wp-block-group is-nowrap is-layout-flex wp-container-core-group-is-layout-ad2f72ca wp-block-group-is-layout-flex\">\n<figure class=\"wp-block-image size-full\"><img loading=\"lazy\" decoding=\"async\" width=\"189\" height=\"150\" src=\"https:\/\/www.tektrade.ee\/lv\/wp-content\/uploads\/sites\/6\/2025\/08\/ResizedImage189150-Umara-kujuga-vibro-separaator.jpg\" alt=\"\" class=\"wp-image-2574\"\/><figcaption class=\"wp-element-caption\"><em>Apa\u013ci vibro sij\u0101t\u0101ji<br><\/em><\/figcaption><\/figure>\n<\/div>\n\n\n\n<div class=\"wp-block-group is-layout-grid wp-container-core-group-is-layout-baef362d wp-block-group-is-layout-grid\">\n<div class=\"wp-block-group is-content-justification-left is-layout-constrained wp-container-core-group-is-layout-8c890d92 wp-block-group-is-layout-constrained\">\n<figure class=\"wp-block-image size-full\"><img loading=\"lazy\" decoding=\"async\" width=\"303\" height=\"150\" src=\"https:\/\/www.tektrade.ee\/lv\/wp-content\/uploads\/sites\/6\/2025\/08\/ResizedImage303150-GyraMax-Vibro-separaator.jpg\" alt=\"\" class=\"wp-image-2575\" srcset=\"https:\/\/www.tektrade.ee\/lv\/wp-content\/uploads\/sites\/6\/2025\/08\/ResizedImage303150-GyraMax-Vibro-separaator.jpg 303w, https:\/\/www.tektrade.ee\/lv\/wp-content\/uploads\/sites\/6\/2025\/08\/ResizedImage303150-GyraMax-Vibro-separaator-300x150.jpg 300w\" sizes=\"auto, (max-width: 303px) 100vw, 303px\" \/><figcaption class=\"wp-element-caption\">\u010cetrst\u016brveida GyraMax vibro sij\u0101t\u0101ji<br><\/figcaption><\/figure>\n<\/div>\n\n\n\n<figure class=\"wp-block-image size-full\"><img loading=\"lazy\" decoding=\"async\" width=\"173\" height=\"150\" src=\"https:\/\/www.tektrade.ee\/lv\/wp-content\/uploads\/sites\/6\/2025\/08\/ResizedImage173150-Vibroseparaatorid.jpg\" alt=\"\" class=\"wp-image-2576\"\/><figcaption class=\"wp-element-caption\"><em>\u010cetrst\u016brveida vibro sij\u0101t\u0101ji<br><\/em><\/figcaption><\/figure>\n<\/div>\n\n\n\n<div style=\"height:30px\" aria-hidden=\"true\" class=\"wp-block-spacer\"><\/div>\n\n\n\n<div class=\"wp-block-file\"><a id=\"wp-block-file--media-4a5bd653-e3cd-4199-9276-d69dd2072e62\" href=\"https:\/\/www.tektrade.ee\/lv\/wp-content\/uploads\/sites\/6\/2025\/08\/Sweco-round-separator.pdf\" target=\"_blank\" rel=\"noreferrer noopener\">Apa\u013ci vibro sij\u0101t\u0101ji<\/a><\/div>\n\n\n\n<div class=\"wp-block-file\"><a id=\"wp-block-file--media-230e635d-e546-4248-bd09-83ef6bb4bf5d\" href=\"https:\/\/www.tektrade.ee\/lv\/wp-content\/uploads\/sites\/6\/2025\/08\/Sweco-rectangular-separator.pdf\" target=\"_blank\" rel=\"noreferrer noopener\">\u010cetrst\u016brveida vibro sij\u0101t\u0101ji<\/a><\/div>\n\n\n\n<div style=\"height:30px\" aria-hidden=\"true\" class=\"wp-block-spacer\"><\/div>\n\n\n\n<p>Iek\u0101rtas pirc\u0113jam pied\u0101v\u0101jam visas rezerves da\u013cas un sietus.<\/p>\n\n\n\n<div class=\"wp-block-group is-nowrap is-layout-flex wp-container-core-group-is-layout-ad2f72ca wp-block-group-is-layout-flex\">\n<figure class=\"wp-block-image size-full\"><img loading=\"lazy\" decoding=\"async\" width=\"275\" height=\"200\" src=\"https:\/\/www.tektrade.ee\/lv\/wp-content\/uploads\/sites\/6\/2025\/08\/ResizedImage275200-Vibroseparaator-soelad.jpg\" alt=\"\" class=\"wp-image-2580\"\/><figcaption class=\"wp-element-caption\">Sietu izv\u0113le<br><br><br><\/figcaption><\/figure>\n<\/div>\n","protected":false},"featured_media":0,"parent":2300,"menu_order":28,"template":"","class_list":["post-2308","product","type-product","status-publish","hentry"],"acf":[],"_links":{"self":[{"href":"https:\/\/www.tektrade.ee\/lv\/wp-json\/wp\/v2\/product\/2308","targetHints":{"allow":["GET"]}}],"collection":[{"href":"https:\/\/www.tektrade.ee\/lv\/wp-json\/wp\/v2\/product"}],"about":[{"href":"https:\/\/www.tektrade.ee\/lv\/wp-json\/wp\/v2\/types\/product"}],"version-history":[{"count":3,"href":"https:\/\/www.tektrade.ee\/lv\/wp-json\/wp\/v2\/product\/2308\/revisions"}],"predecessor-version":[{"id":3112,"href":"https:\/\/www.tektrade.ee\/lv\/wp-json\/wp\/v2\/product\/2308\/revisions\/3112"}],"up":[{"embeddable":true,"href":"https:\/\/www.tektrade.ee\/lv\/wp-json\/wp\/v2\/product\/2300"}],"wp:attachment":[{"href":"https:\/\/www.tektrade.ee\/lv\/wp-json\/wp\/v2\/media?parent=2308"}],"curies":[{"name":"wp","href":"https:\/\/api.w.org\/{rel}","templated":true}]}}