{"id":2306,"date":"2025-08-12T23:19:10","date_gmt":"2025-08-12T20:19:10","guid":{"rendered":"https:\/\/www.tektrade.ee\/lv\/?post_type=product&#038;p=2306"},"modified":"2025-08-18T20:25:44","modified_gmt":"2025-08-18T17:25:44","slug":"ventilacijas-filtri","status":"publish","type":"product","link":"https:\/\/www.tektrade.ee\/lv\/preces\/filtri-un-separatori\/ventilacijas-filtri\/","title":{"rendered":"Ventil\u0101cijas filtri"},"content":{"rendered":"\n<p><strong>Standarta ventil\u0101cijas filtri, kas paredz\u0113ti vienreiz\u0113jai lieto\u0161anai<\/strong><\/p>\n\n\n\n<p>Ja e\u013c\u013cas tvertne atrodas \u0101r\u0101 apst\u0101k\u013cos vai e\u013c\u013ca sist\u0113ma\/iek\u0101rta atrodas mitr\u0101 vid\u0113, tvertnei ieteicams uzst\u0101d\u012bt vienreizlietojamo ventil\u0101cijas filtru.<br>Ventil\u0101cijas filtri ir patent\u0113ti gaisa filtri, kas satur silikag\u0113lu un kas paredz\u0113ti e\u013c\u013co\u0161anas sist\u0113mu \u201eelpo\u0161anas atveres\u201d v\u0101ka aizst\u0101\u0161anai.<\/p>\n\n\n\n<p>Pielietojums: hidraulisk\u0101s sist\u0113mas, transformatori, p\u0101rnesumk\u0101rbas, celt\u0146i u.c.<\/p>\n\n\n\n<p><strong><br>Ventil\u0101cijas filtri ar t\u0113rauda korpusu un main\u0101mu vidu<\/strong><\/p>\n\n\n\n<p>Liel\u0101s cirkul\u0101cijas e\u013c\u013co\u0161anas sist\u0113m\u0101s, rezervu\u0101ros un tvertn\u0113s eso\u0161ais gaiss bie\u017ei vien ir \u013coti pies\u0101r\u0146ots. Lai nodro\u0161in\u0101tu t\u012bru vidi, pied\u0101v\u0101jam atjaunojamus ventil\u0101cijas filtrus ar main\u0101mu vidu.<br>\u0160iem ventil\u0101cijas filtriem ir augsta caurlaides sp\u0113ja ar pl\u016bsmas diapazonu 2200\u20135800 l\/min.<br>Filtra t\u0113rauda korpus\u0101 ir iestr\u0101d\u0101ts putek\u013cu filtrs ar atveri 1&nbsp;mikrometrs un mitrumu absorb\u0113jo\u0161s elements, kas satur silikag\u0113lu.<\/p>\n","protected":false},"featured_media":0,"parent":2300,"menu_order":27,"template":"","class_list":["post-2306","product","type-product","status-publish","hentry"],"acf":[],"_links":{"self":[{"href":"https:\/\/www.tektrade.ee\/lv\/wp-json\/wp\/v2\/product\/2306","targetHints":{"allow":["GET"]}}],"collection":[{"href":"https:\/\/www.tektrade.ee\/lv\/wp-json\/wp\/v2\/product"}],"about":[{"href":"https:\/\/www.tektrade.ee\/lv\/wp-json\/wp\/v2\/types\/product"}],"version-history":[{"count":3,"href":"https:\/\/www.tektrade.ee\/lv\/wp-json\/wp\/v2\/product\/2306\/revisions"}],"predecessor-version":[{"id":3114,"href":"https:\/\/www.tektrade.ee\/lv\/wp-json\/wp\/v2\/product\/2306\/revisions\/3114"}],"up":[{"embeddable":true,"href":"https:\/\/www.tektrade.ee\/lv\/wp-json\/wp\/v2\/product\/2300"}],"wp:attachment":[{"href":"https:\/\/www.tektrade.ee\/lv\/wp-json\/wp\/v2\/media?parent=2306"}],"curies":[{"name":"wp","href":"https:\/\/api.w.org\/{rel}","templated":true}]}}