{"id":2304,"date":"2025-08-12T23:18:53","date_gmt":"2025-08-12T20:18:53","guid":{"rendered":"https:\/\/www.tektrade.ee\/lv\/?post_type=product&#038;p=2304"},"modified":"2025-08-18T20:25:19","modified_gmt":"2025-08-18T17:25:19","slug":"notekudenu-filtri-un-sateces-udens-filtra","status":"publish","type":"product","link":"https:\/\/www.tektrade.ee\/lv\/preces\/filtri-un-separatori\/notekudenu-filtri-un-sateces-udens-filtra\/","title":{"rendered":"Notek\u016bde\u0146u filtri un sateces \u016bdens filtra"},"content":{"rendered":"\n<p>CJC\u2122 Blue Baleen Oil Absorb Systems &#8211;\u00a0filtri un filtru elementi r\u016bp\u012bgai \u016bdens att\u012br\u012b\u0161anai no e\u013c\u013cas (e\u013c\u013cas atlikuma da\u013ci\u0146as maz\u0101k par 5 ppm).<br>Pied\u0101v\u0101jam kompleksu priek\u0161filtr\u0113\u0161anu ar maisu filtriem un smalko filtr\u0113\u0161anu ar polipropil\u0113na elementiem.<br>Ja izmantojat \u016bdens-e\u013c\u013cas separatoru, iesak\u0101m separ\u0113t\u0101 \u016bdens r\u016bp\u012bgai att\u012br\u012b\u0161anai papildus uzst\u0101d\u012bt Blue Baleen smalk\u0101s filtr\u0113\u0161anas sist\u0113mu.<\/p>\n\n\n\n<div class=\"wp-block-group is-nowrap is-layout-flex wp-container-core-group-is-layout-ad2f72ca wp-block-group-is-layout-flex\">\n<figure class=\"wp-block-image size-full\"><img loading=\"lazy\" decoding=\"async\" width=\"300\" height=\"283\" src=\"https:\/\/www.tektrade.ee\/lv\/wp-content\/uploads\/sites\/6\/2025\/08\/ResizedImage300283-Blue-Baleen-OA-PC.jpg\" alt=\"\" class=\"wp-image-2565\"\/><figcaption class=\"wp-element-caption\">Blue Baleen OA &amp; PC<br><\/figcaption><\/figure>\n<\/div>\n\n\n\n<div style=\"height:30px\" aria-hidden=\"true\" class=\"wp-block-spacer\"><\/div>\n\n\n\n<div class=\"wp-block-file\"><a id=\"wp-block-file--media-095fb4c7-b808-4422-975f-13e0f60c628a\" href=\"https:\/\/www.tektrade.ee\/lv\/wp-content\/uploads\/sites\/6\/2025\/08\/Blue-Baleen-System-Brochure-UK-250908.pdf\" target=\"_blank\" rel=\"noreferrer noopener\">Blue Baleen System\u00a0inform\u0101cijas katalogs<\/a><\/div>\n\n\n\n<div style=\"height:30px\" aria-hidden=\"true\" class=\"wp-block-spacer\"><\/div>\n\n\n\n<p>SWECO&nbsp;vibro sij\u0101t\u0101ji&nbsp;\u2013 pla\u0161i pielieto notek\u016bde\u0146u att\u012br\u012b\u0161anai no meh\u0101niskiem net\u012brumiem.&nbsp;<\/p>\n\n\n\n<div class=\"wp-block-group is-nowrap is-layout-flex wp-container-core-group-is-layout-ad2f72ca wp-block-group-is-layout-flex\">\n<figure class=\"wp-block-image size-full\"><img loading=\"lazy\" decoding=\"async\" width=\"300\" height=\"240\" src=\"https:\/\/www.tektrade.ee\/lv\/wp-content\/uploads\/sites\/6\/2025\/08\/ResizedImage300240-Umara-kujuga-vibro-separaator.jpg\" alt=\"\" class=\"wp-image-2567\"\/><figcaption class=\"wp-element-caption\">Vibro sij\u0101t\u0101ji<br><\/figcaption><\/figure>\n<\/div>\n\n\n\n<div style=\"height:30px\" aria-hidden=\"true\" class=\"wp-block-spacer\"><\/div>\n\n\n\n<p><a href=\"https:\/\/www.tektrade.ee\/lv\/preces\/filtri-un-separatori\/vibro-sijataji-un-sieti\/\">Skat. papildu inform\u0101ciju\u00a0\u2013\u00a0Vibro sij\u0101t\u0101ji un sieti.<\/a><\/p>\n\n\n\n<p><\/p>\n","protected":false},"featured_media":0,"parent":2300,"menu_order":26,"template":"","class_list":["post-2304","product","type-product","status-publish","hentry"],"acf":[],"_links":{"self":[{"href":"https:\/\/www.tektrade.ee\/lv\/wp-json\/wp\/v2\/product\/2304","targetHints":{"allow":["GET"]}}],"collection":[{"href":"https:\/\/www.tektrade.ee\/lv\/wp-json\/wp\/v2\/product"}],"about":[{"href":"https:\/\/www.tektrade.ee\/lv\/wp-json\/wp\/v2\/types\/product"}],"version-history":[{"count":5,"href":"https:\/\/www.tektrade.ee\/lv\/wp-json\/wp\/v2\/product\/2304\/revisions"}],"predecessor-version":[{"id":3113,"href":"https:\/\/www.tektrade.ee\/lv\/wp-json\/wp\/v2\/product\/2304\/revisions\/3113"}],"up":[{"embeddable":true,"href":"https:\/\/www.tektrade.ee\/lv\/wp-json\/wp\/v2\/product\/2300"}],"wp:attachment":[{"href":"https:\/\/www.tektrade.ee\/lv\/wp-json\/wp\/v2\/media?parent=2304"}],"curies":[{"name":"wp","href":"https:\/\/api.w.org\/{rel}","templated":true}]}}