{"id":2302,"date":"2025-08-12T23:18:38","date_gmt":"2025-08-12T20:18:38","guid":{"rendered":"https:\/\/www.tektrade.ee\/lv\/?post_type=product&#038;p=2302"},"modified":"2025-08-18T20:22:47","modified_gmt":"2025-08-18T17:22:47","slug":"ellas-attirisanas-iekartas-un-filtri","status":"publish","type":"product","link":"https:\/\/www.tektrade.ee\/lv\/preces\/filtri-un-separatori\/ellas-attirisanas-iekartas-un-filtri\/","title":{"rendered":"E\u013c\u013cas att\u012br\u012b\u0161anas iek\u0101rtas un filtri"},"content":{"rendered":"\n<p>\u201eTekTrade Baltic\u201d ir CJC\u2122 e\u013c\u013cas att\u012br\u012b\u0161anas iek\u0101rtu un filtru elementu ofici\u0101lais izplat\u012bt\u0101js Baltijas valst\u012bs.&nbsp;<\/p>\n\n\n\n<p>CJC\u2122 e\u013c\u013cas att\u012br\u012b\u0161anas iek\u0101rtas darbojas k\u0101 autonomi jeb off-line e\u013c\u013cas filtri, ko uzst\u0101da paral\u0113li e\u013c\u013cas tvertnei tvertn\u0113 eso\u0161\u0101s e\u013c\u013cas filtr\u0113\u0161anai un apkopei. Filtr\u0113to e\u013c\u013cu p\u0101rs\u016bkn\u0113 no tvertnes uz e\u013c\u013co\u0161anas sist\u0113mu, kur e\u013c\u013ca izt\u012bra caurules un citas sist\u0113mas da\u013cas.&nbsp;<br>Izmantojot CJC\u2122 e\u013c\u013cas att\u012br\u012b\u0161anas iek\u0101rtas, e\u013c\u013co\u0161anas sist\u0113ma tiek uztur\u0113ta k\u0101rt\u012bb\u0101.<br>Skat. \u0161o sh\u0113mu:<\/p>\n\n\n\n<div style=\"height:30px\" aria-hidden=\"true\" class=\"wp-block-spacer\"><\/div>\n\n\n\n<div class=\"wp-block-group is-nowrap is-layout-flex wp-container-core-group-is-layout-ad2f72ca wp-block-group-is-layout-flex\">\n<figure class=\"wp-block-image size-full\"><img loading=\"lazy\" decoding=\"async\" width=\"300\" height=\"424\" src=\"https:\/\/www.tektrade.ee\/lv\/wp-content\/uploads\/sites\/6\/2025\/08\/ResizedImage300424-Oil-system-Off-line.jpg\" alt=\"\" class=\"wp-image-2537\" srcset=\"https:\/\/www.tektrade.ee\/lv\/wp-content\/uploads\/sites\/6\/2025\/08\/ResizedImage300424-Oil-system-Off-line.jpg 300w, https:\/\/www.tektrade.ee\/lv\/wp-content\/uploads\/sites\/6\/2025\/08\/ResizedImage300424-Oil-system-Off-line-212x300.jpg 212w\" sizes=\"auto, (max-width: 300px) 100vw, 300px\" \/><figcaption class=\"wp-element-caption\">Off-line filtr\u0113\u0161ana<br><\/figcaption><\/figure>\n<\/div>\n\n\n\n<div style=\"height:30px\" aria-hidden=\"true\" class=\"wp-block-spacer\"><\/div>\n\n\n\n<p>Produkti atbilsto\u0161i pielietojumam un probl\u0113mas b\u016bt\u012bbai tiek iedal\u012bti \u0161\u0101di:<\/p>\n\n\n\n<p><strong>CJC\u2122 Fine Filter<\/strong>&nbsp;\u2013 e\u013c\u013cas att\u012br\u012b\u0161anas iek\u0101rta hidraulisk\u0101s un transmisijas e\u013c\u013cas filtr\u0113\u0161anai<br>\u2022&nbsp;&nbsp; &nbsp;filtr\u0113 meh\u0101niskas da\u013ci\u0146as, kuru abs. lielums ir 3 mikrometri<br>\u2022&nbsp;&nbsp; &nbsp;filtra elementi absorb\u0113 \u016bdeni<br>\u2022&nbsp;&nbsp; &nbsp;filtra elementi absorb\u0113 oksid\u0101cijas procesa atlikumus<\/p>\n\n\n\n<div class=\"wp-block-group is-nowrap is-layout-flex wp-container-core-group-is-layout-ad2f72ca wp-block-group-is-layout-flex\">\n<figure class=\"wp-block-image size-full\"><img loading=\"lazy\" decoding=\"async\" width=\"221\" height=\"200\" src=\"https:\/\/www.tektrade.ee\/lv\/wp-content\/uploads\/sites\/6\/2025\/08\/ResizedImage221200-Fine-Filter-HDU.jpg\" alt=\"\" class=\"wp-image-2538\"\/><figcaption class=\"wp-element-caption\">CJC\u2122 Fine Filter<br><\/figcaption><\/figure>\n<\/div>\n\n\n\n<div style=\"height:30px\" aria-hidden=\"true\" class=\"wp-block-spacer\"><\/div>\n\n\n\n<p><strong>CJC\u2122 Filter-Separator&nbsp;<\/strong>\u2013 e\u013c\u013cas att\u012br\u012b\u0161anas iek\u0101rta tvaika turb\u012bnu un ku\u0123u st\u016bres meh\u0101nisma e\u013c\u013co\u0161anas sist\u0113mas apkopei un d\u012bze\u013cdegvielas filtr\u0113\u0161anai. Paredz\u0113ta e\u013c\u013co\u0161anas sist\u0113m\u0101m ar past\u0101v\u012bgiem \u016bdens piemais\u012bjumiem vai to ra\u0161an\u0101s riskiem.<\/p>\n\n\n\n<p>\u2022&nbsp;&nbsp; &nbsp;filtr\u0113 meh\u0101niskas da\u013ci\u0146as, kuru abs. lielums ir 3 mikrometri<br>\u2022&nbsp;&nbsp; &nbsp;\u016bdens tiek atdal\u012bts no e\u013c\u013cas<br>\u2022&nbsp;&nbsp; &nbsp;filtra elementi absorb\u0113 oksid\u0101cijas procesa atlikumus &nbsp;<\/p>\n\n\n\n<div class=\"wp-block-group is-nowrap is-layout-flex wp-container-core-group-is-layout-ad2f72ca wp-block-group-is-layout-flex\">\n<figure class=\"wp-block-image size-full\"><img loading=\"lazy\" decoding=\"async\" width=\"138\" height=\"200\" src=\"https:\/\/www.tektrade.ee\/lv\/wp-content\/uploads\/sites\/6\/2025\/08\/ResizedImage138200-Filter-Separator-PTU.jpg\" alt=\"\" class=\"wp-image-2540\"\/><figcaption class=\"wp-element-caption\">CJC\u2122 Filter-Separator<br><\/figcaption><\/figure>\n<\/div>\n\n\n\n<div style=\"height:30px\" aria-hidden=\"true\" class=\"wp-block-spacer\"><\/div>\n\n\n\n<p><strong>CJC\u2122 Desorber<\/strong>\u00a0\u2013\u00a0\u016bdens atdal\u012b\u0161anas iek\u0101rta, kas sp\u0113j\u012bga atdal\u012bt \u016bdeni pat no augstas viskozit\u0101tes e\u013c\u013c\u0101m un \u016bdens\/e\u013c\u013cas mais\u012bjumiem.<\/p>\n\n\n\n<div class=\"wp-block-group is-nowrap is-layout-flex wp-container-core-group-is-layout-ad2f72ca wp-block-group-is-layout-flex\">\n<figure class=\"wp-block-image size-full\"><img loading=\"lazy\" decoding=\"async\" width=\"164\" height=\"200\" src=\"https:\/\/www.tektrade.ee\/lv\/wp-content\/uploads\/sites\/6\/2025\/08\/ResizedImage164200-Desorber.jpg\" alt=\"\" class=\"wp-image-2541\"\/><figcaption class=\"wp-element-caption\">CJC\u2122 Desorber<br><\/figcaption><\/figure>\n<\/div>\n\n\n\n<div style=\"height:30px\" aria-hidden=\"true\" class=\"wp-block-spacer\"><\/div>\n\n\n\n<p><strong>CJC\u2122 Ion-Exchange \/ Acid Removal Filter<\/strong>\u00a0\u2013\u00a0iek\u0101rta transformatoru e\u013c\u013cas un turb\u012bnu e\u013c\u013co\u0161anas \u0161\u0137idruma att\u012br\u012b\u0161anai no meh\u0101nisk\u0101m da\u013ci\u0146\u0101m un sk\u0101buma samazin\u0101\u0161anai. Iek\u0101rtas darb\u0101 tiek izmantoti sk\u0101bi neitraliz\u0113jo\u0161i elementi un CJC\u00a0standarta tilpuma elementi.\u00a0\u00a0<\/p>\n\n\n\n<div class=\"wp-block-group is-nowrap is-layout-flex wp-container-core-group-is-layout-ad2f72ca wp-block-group-is-layout-flex\">\n<figure class=\"wp-block-image size-full\"><img loading=\"lazy\" decoding=\"async\" width=\"247\" height=\"200\" src=\"https:\/\/www.tektrade.ee\/lv\/wp-content\/uploads\/sites\/6\/2025\/08\/ResizedImage247200-Ion-Exchange-Acid-Removal-Filter-.jpg\" alt=\"\" class=\"wp-image-2542\"\/><figcaption class=\"wp-element-caption\"><em>CJC\u2122 Ion-Exchange \/ Acid Removal Filter<\/em><\/figcaption><\/figure>\n<\/div>\n\n\n\n<div style=\"height:30px\" aria-hidden=\"true\" class=\"wp-block-spacer\"><\/div>\n\n\n\n<p><strong>CJC\u2122 Filter for Heat Transfer Oil \/ High Pressure Filter<\/strong>\u00a0\u2013\u00a0iek\u0101rta siltuma p\u0101rneses e\u013c\u013cas un citu karstu e\u013c\u013cu att\u012br\u012b\u0161anai no net\u012brumiem un oksid\u0101cijas procesa p\u0101rpalikumiem.<\/p>\n\n\n\n<div class=\"wp-block-group is-nowrap is-layout-flex wp-container-core-group-is-layout-ad2f72ca wp-block-group-is-layout-flex\">\n<figure class=\"wp-block-image size-full\"><img loading=\"lazy\" decoding=\"async\" width=\"267\" height=\"200\" src=\"https:\/\/www.tektrade.ee\/lv\/wp-content\/uploads\/sites\/6\/2025\/08\/ResizedImage267200-HTO-filter-1.jpg\" alt=\"\" class=\"wp-image-2544\"\/><figcaption class=\"wp-element-caption\">CJC\u2122 Filter for Heat Transfer Oil \/ High Pressure Filter<br><\/figcaption><\/figure>\n<\/div>\n\n\n\n<div style=\"height:30px\" aria-hidden=\"true\" class=\"wp-block-spacer\"><\/div>\n\n\n\n<p><strong>CJC\u2122 VRU (Varnish Removal Unit)<\/strong>\u00a0\u2013\u00a0iek\u0101rta oksid\u0101cijas blakusproduktu atdal\u012b\u0161anai no e\u013c\u013cas. Galvenok\u0101rt tiek izmantota g\u0101zes un tvaika turb\u012bnu e\u013c\u013co\u0161anas sist\u0113m\u0101s.\u00a0<\/p>\n\n\n\n<div class=\"wp-block-group is-nowrap is-layout-flex wp-container-core-group-is-layout-ad2f72ca wp-block-group-is-layout-flex\">\n<figure class=\"wp-block-image size-full\"><img loading=\"lazy\" decoding=\"async\" width=\"301\" height=\"200\" src=\"https:\/\/www.tektrade.ee\/lv\/wp-content\/uploads\/sites\/6\/2025\/08\/ResizedImage301200-Varnish-Removal-Unit-VRU.jpg\" alt=\"\" class=\"wp-image-2545\"\/><figcaption class=\"wp-element-caption\">CJC\u2122 VRU (Varnish Removal Unit)<br><\/figcaption><\/figure>\n<\/div>\n\n\n\n<div style=\"height:30px\" aria-hidden=\"true\" class=\"wp-block-spacer\"><\/div>\n\n\n\n<p><strong>CJC\u2122 e\u013c\u013cas att\u012br\u012b\u0161anas iek\u0101rtu filtru elementi<\/strong>\u00a0ir uz celulozes un kokvilnas b\u0101zes izgatavoti tilpuma elementi. Standarta elementa izm\u0113rs ir 27x27cm, un tas sav\u0101c 4\u00a0litrus net\u012brumu.\u00a0<br>Atbilsto\u0161i pielietojumam tiek izgatavoti \u0161\u0101di filtru elementi: A, B, BG, BLA, BLAT, F, U, Vri.\u00a0<br>Visi CJC\u2122 elementi att\u012bra l\u012bdz abs. pak\u0101pei 3\u00a0mikrometri.<br>Filtru elementi ir noliktav\u0101 eso\u0161a produkcija.<\/p>\n\n\n\n<div class=\"wp-block-group is-layout-grid wp-container-core-group-is-layout-baef362d wp-block-group-is-layout-grid\">\n<div class=\"wp-block-group is-content-justification-left is-layout-constrained wp-container-core-group-is-layout-8c890d92 wp-block-group-is-layout-constrained\">\n<figure class=\"wp-block-image size-full\"><img loading=\"lazy\" decoding=\"async\" width=\"264\" height=\"200\" src=\"https:\/\/www.tektrade.ee\/lv\/wp-content\/uploads\/sites\/6\/2025\/08\/ResizedImage264200-Filter-inserts-AFB.jpg\" alt=\"\" class=\"wp-image-2546\"\/><figcaption class=\"wp-element-caption\">CJC\u2122 e\u013c\u013cas att\u012br\u012b\u0161anas iek\u0101rtu un filtru elementi<br><\/figcaption><\/figure>\n<\/div>\n\n\n\n<figure class=\"wp-block-image size-full\"><img loading=\"lazy\" decoding=\"async\" width=\"250\" height=\"200\" src=\"https:\/\/www.tektrade.ee\/lv\/wp-content\/uploads\/sites\/6\/2025\/08\/ResizedImage250200-Filter-Inserts-modular.jpg\" alt=\"\" class=\"wp-image-2547\"\/><figcaption class=\"wp-element-caption\">CJC\u2122 e\u013c\u013cas att\u012br\u012b\u0161anas iek\u0101rtu un filtru elementi<br><\/figcaption><\/figure>\n<\/div>\n\n\n\n<div style=\"height:30px\" aria-hidden=\"true\" class=\"wp-block-spacer\"><\/div>\n\n\n\n<div class=\"wp-block-file\"><a id=\"wp-block-file--media-4d1b2ab4-7df2-4f33-b863-c31bbf83f89f\" href=\"https:\/\/www.tektrade.ee\/lv\/wp-content\/uploads\/sites\/6\/2025\/08\/Clean-Oil-Guide.pdf\" target=\"_blank\" rel=\"noreferrer noopener\">CJC\u2122 katalogs\u00a0&#8211; Clean Oil Guide<\/a><\/div>\n\n\n\n<div class=\"wp-block-file\"><a id=\"wp-block-file--media-db5f18af-2567-441f-a742-821ab481ef27\" href=\"https:\/\/www.tektrade.ee\/lv\/wp-content\/uploads\/sites\/6\/2025\/08\/CJC-kataloog-Mining-Industry.pdf\" target=\"_blank\" rel=\"noreferrer noopener\">CJC\u2122\u00a0katalogs &#8211; Mining Industry<\/a><\/div>\n\n\n\n<div class=\"wp-block-file\"><a id=\"wp-block-file--media-535cda2c-c22b-4c6b-8fa4-ca534ff26c95\" href=\"https:\/\/www.tektrade.ee\/lv\/wp-content\/uploads\/sites\/6\/2025\/08\/CJC-kataloog-Wind-Energy.pdf\" target=\"_blank\" rel=\"noreferrer noopener\">CJC\u2122 katalogs &#8211; Wind Energy<\/a><\/div>\n\n\n\n<div class=\"wp-block-file\"><a id=\"wp-block-file--media-65e090af-caa9-4d07-be17-3f048fd5c8c8\" href=\"https:\/\/www.tektrade.ee\/lv\/wp-content\/uploads\/sites\/6\/2025\/08\/CJC-kataloog-Power-Industry.pdf\" target=\"_blank\" rel=\"noreferrer noopener\">CJC\u2122 katalogs &#8211; Power Industry<\/a><\/div>\n\n\n\n<div class=\"wp-block-file\"><a id=\"wp-block-file--media-c332011c-b39e-41b7-a0af-d9ff31f54675\" href=\"https:\/\/www.tektrade.ee\/lv\/wp-content\/uploads\/sites\/6\/2025\/08\/CJC-kataloog-Marine-Industry.pdf\" target=\"_blank\" rel=\"noreferrer noopener\">CJC\u2122 katalogs &#8211; Marine Industry<\/a><\/div>\n\n\n\n<div style=\"height:30px\" aria-hidden=\"true\" class=\"wp-block-spacer\"><\/div>\n\n\n\n<div class=\"wp-block-file\"><a id=\"wp-block-file--media-e7f7e91d-d749-440b-a870-3f5d2bff594d\" href=\"https:\/\/www.tektrade.ee\/lv\/wp-content\/uploads\/sites\/6\/2025\/08\/Questionnaire-Quotation-FILTER-CJC.pdf\" target=\"_blank\" rel=\"noreferrer noopener\">CJC\u2122 anketa<\/a><\/div>\n\n\n\n<div style=\"height:30px\" aria-hidden=\"true\" class=\"wp-block-spacer\"><\/div>\n\n\n\n<p><strong>Filtru ielikt\u0146i jeb in-line filtri<\/strong><\/p>\n\n\n\n<p>Sadarb\u012bb\u0101 ar da\u017e\u0101diem filtru izgatavot\u0101jiem pied\u0101v\u0101jam e\u013c\u013cas filtru ielikt\u0146us, piem\u0113ram, Parker, Donaldson, SF-Filter u.c.<\/p>\n\n\n\n<div class=\"wp-block-group is-nowrap is-layout-flex wp-container-core-group-is-layout-ad2f72ca wp-block-group-is-layout-flex\">\n<figure class=\"wp-block-image size-full\"><img loading=\"lazy\" decoding=\"async\" width=\"136\" height=\"200\" src=\"https:\/\/www.tektrade.ee\/lv\/wp-content\/uploads\/sites\/6\/2025\/08\/ResizedImage136200-Inline-filter-insert.jpg\" alt=\"\" class=\"wp-image-2560\"\/><figcaption class=\"wp-element-caption\">In-line filtri<br><br><br><\/figcaption><\/figure>\n<\/div>\n","protected":false},"featured_media":0,"parent":2300,"menu_order":25,"template":"","class_list":["post-2302","product","type-product","status-publish","hentry"],"acf":[],"_links":{"self":[{"href":"https:\/\/www.tektrade.ee\/lv\/wp-json\/wp\/v2\/product\/2302","targetHints":{"allow":["GET"]}}],"collection":[{"href":"https:\/\/www.tektrade.ee\/lv\/wp-json\/wp\/v2\/product"}],"about":[{"href":"https:\/\/www.tektrade.ee\/lv\/wp-json\/wp\/v2\/types\/product"}],"version-history":[{"count":3,"href":"https:\/\/www.tektrade.ee\/lv\/wp-json\/wp\/v2\/product\/2302\/revisions"}],"predecessor-version":[{"id":3109,"href":"https:\/\/www.tektrade.ee\/lv\/wp-json\/wp\/v2\/product\/2302\/revisions\/3109"}],"up":[{"embeddable":true,"href":"https:\/\/www.tektrade.ee\/lv\/wp-json\/wp\/v2\/product\/2300"}],"wp:attachment":[{"href":"https:\/\/www.tektrade.ee\/lv\/wp-json\/wp\/v2\/media?parent=2302"}],"curies":[{"name":"wp","href":"https:\/\/api.w.org\/{rel}","templated":true}]}}