{"id":2298,"date":"2025-08-12T23:17:55","date_gmt":"2025-08-12T20:17:55","guid":{"rendered":"https:\/\/www.tektrade.ee\/lv\/?post_type=product&#038;p=2298"},"modified":"2025-09-26T12:52:41","modified_gmt":"2025-09-26T09:52:41","slug":"karstumizturigi-materiali","status":"publish","type":"product","link":"https:\/\/www.tektrade.ee\/lv\/preces\/blives-un-blivejuma-materiali\/karstumizturigi-materiali\/","title":{"rendered":"Karstumiztur\u012bgi materi\u0101li"},"content":{"rendered":"\n<p>Elektrostacij\u0101m, katlum\u0101j\u0101m, siltuma izol\u0101cijas uz\u0146\u0113mumiem un procesu nozar\u0113 pied\u0101v\u0101jam augstu karstumu izturo\u0161us tekstila materi\u0101lus, materi\u0101lus no karstumiztur\u012bg\u0101m \u0161\u0137iedr\u0101m un no tiem izgatavotu gatavo produkciju.<\/p>\n\n\n\n<p>Materi\u0101li iedal\u0101s:<\/p>\n\n\n\n<ul class=\"wp-block-list\">\n<li>aram\u012bda materi\u0101li \u2013 maksim\u0101l\u0101 izmanto\u0161anas temperat\u016bra 350 \u00baC, materi\u0101lam piem\u012bt laba nodiluma un \u0137\u012bmisk\u0101 iztur\u012bba;<\/li>\n\n\n\n<li>materi\u0101li no stikla \u0161\u0137iedras \u2013 maksim\u0101l\u0101 izmanto\u0161anas temperat\u016bra 550 \u00baC;<\/li>\n\n\n\n<li>materi\u0101li no keramisk\u0101s \u0161\u0137iedras un biolo\u0123isk\u0101s keramikas \u2013 maksim\u0101l\u0101 izmanto\u0161anas temperat\u016bra 1260 \/ 1000 \u00baC,&nbsp; materi\u0101li ar labu \u0137\u012bmisko iztur\u012bbu.<\/li>\n<\/ul>\n\n\n\n<p>Produkcija:<\/p>\n\n\n\n<ul class=\"wp-block-list\">\n<li>Sav\u012btas auklas pinumi<\/li>\n\n\n\n<li>P\u012btas lentas un ze\u0137es<\/li>\n\n\n\n<li>Audumi un pild\u012bti audumi (virsmas segumi \u2013 silikona gumija, alum\u012bnija pl\u0113ve, poliuret\u0101na pl\u0113ve utt.)<\/li>\n\n\n\n<li>Vilnas pakl\u0101ji un filci<\/li>\n\n\n\n<li>Izol\u0101cijas pl\u0101ksnes un pap\u012bri<\/li>\n\n\n\n<li>Keramisk\u0101s l\u012bmes<\/li>\n<\/ul>\n\n\n\n<p>Gatav\u0101 produkcija:<\/p>\n\n\n\n<ul class=\"wp-block-list\">\n<li>Auduma kompensatoru audumi d\u016bmu un putek\u013cu ej\u0101m, k\u0101 ar\u012b g\u0101zu izvades caurul\u0113m<\/li>\n\n\n\n<li>Izol\u0101cijas spilveni g\u0101zu izvades caurul\u0113m<\/li>\n<\/ul>\n\n\n\n<div class=\"wp-block-group is-nowrap is-layout-flex wp-container-core-group-is-layout-ad2f72ca wp-block-group-is-layout-flex\">\n<figure class=\"wp-block-image size-full\"><img loading=\"lazy\" decoding=\"async\" width=\"400\" height=\"300\" src=\"https:\/\/www.tektrade.ee\/lv\/wp-content\/uploads\/sites\/6\/2025\/08\/ResizedImage400300-keraamilisest-kiust-punutised.jpg\" alt=\"\" class=\"wp-image-2529\" srcset=\"https:\/\/www.tektrade.ee\/lv\/wp-content\/uploads\/sites\/6\/2025\/08\/ResizedImage400300-keraamilisest-kiust-punutised.jpg 400w, https:\/\/www.tektrade.ee\/lv\/wp-content\/uploads\/sites\/6\/2025\/08\/ResizedImage400300-keraamilisest-kiust-punutised-300x225.jpg 300w\" sizes=\"auto, (max-width: 400px) 100vw, 400px\" \/><figcaption class=\"wp-element-caption\"><em>Pinumi no keramisk\u0101s \u0161\u0137iedras<br><\/em><\/figcaption><\/figure>\n<\/div>\n\n\n\n<p>Dati par noliktav\u0101 pieejamo produkciju:<\/p>\n\n\n\n<div class=\"wp-block-file\"><a id=\"wp-block-file--media-293e355e-180d-45b5-98b3-96c96cbee1b2\" href=\"https:\/\/www.tektrade.ee\/lv\/wp-content\/uploads\/sites\/6\/2025\/08\/Leaflet-HTTP.pdf\" target=\"_blank\" rel=\"noreferrer noopener\">Pinumi, virves, lentas no stikla \u0161\u0137iedras un keramisk\u0101s \u0161\u0137iedras<\/a><\/div>\n\n\n\n<div class=\"wp-block-file\"><a id=\"wp-block-file--media-a56ee771-06da-42f3-b399-53ae3a217414\" href=\"https:\/\/www.tektrade.ee\/lv\/wp-content\/uploads\/sites\/6\/2025\/08\/Leaflet-Fibre-Products.pdf\" target=\"_blank\" rel=\"noreferrer noopener\">M\u012bkstie pakl\u0101ji no keramisk\u0101s \u0161\u0137iedras<\/a><\/div>\n\n\n\n<div class=\"wp-block-file\"><a id=\"wp-block-file--media-39d62564-a6ad-472b-a2ee-8da8613f99ef\" href=\"https:\/\/www.tektrade.ee\/lv\/wp-content\/uploads\/sites\/6\/2025\/08\/Cerpak-Board-1000.pdf\" target=\"_blank\" rel=\"noreferrer noopener\">Cerpak lok\u0161\u0146u materi\u0101ls<\/a><\/div>\n\n\n\n<div class=\"wp-block-file\"><a id=\"wp-block-file--media-fea8e358-56f9-4f1c-b051-8d8894139b6d\" href=\"https:\/\/www.tektrade.ee\/lv\/wp-content\/uploads\/sites\/6\/2025\/08\/Glue-Thermofix.pdf\" target=\"_blank\" rel=\"noreferrer noopener\">Keramisk\u0101 l\u012bme Thermofix<\/a><\/div>\n\n\n\n<p><\/p>\n","protected":false},"featured_media":0,"parent":2252,"menu_order":23,"template":"","class_list":["post-2298","product","type-product","status-publish","hentry"],"acf":[],"_links":{"self":[{"href":"https:\/\/www.tektrade.ee\/lv\/wp-json\/wp\/v2\/product\/2298","targetHints":{"allow":["GET"]}}],"collection":[{"href":"https:\/\/www.tektrade.ee\/lv\/wp-json\/wp\/v2\/product"}],"about":[{"href":"https:\/\/www.tektrade.ee\/lv\/wp-json\/wp\/v2\/types\/product"}],"version-history":[{"count":4,"href":"https:\/\/www.tektrade.ee\/lv\/wp-json\/wp\/v2\/product\/2298\/revisions"}],"predecessor-version":[{"id":3239,"href":"https:\/\/www.tektrade.ee\/lv\/wp-json\/wp\/v2\/product\/2298\/revisions\/3239"}],"up":[{"embeddable":true,"href":"https:\/\/www.tektrade.ee\/lv\/wp-json\/wp\/v2\/product\/2252"}],"wp:attachment":[{"href":"https:\/\/www.tektrade.ee\/lv\/wp-json\/wp\/v2\/media?parent=2298"}],"curies":[{"name":"wp","href":"https:\/\/api.w.org\/{rel}","templated":true}]}}