{"id":2294,"date":"2025-08-12T23:17:18","date_gmt":"2025-08-12T20:17:18","guid":{"rendered":"https:\/\/www.tektrade.ee\/lv\/?post_type=product&#038;p=2294"},"modified":"2025-08-18T20:19:30","modified_gmt":"2025-08-18T17:19:30","slug":"parsega-un-profila-blives","status":"publish","type":"product","link":"https:\/\/www.tektrade.ee\/lv\/preces\/blives-un-blivejuma-materiali\/parsega-un-profila-blives\/","title":{"rendered":"P\u0101rsega un profila bl\u012bves"},"content":{"rendered":"\n<p>\u201cTekTrade Baltic\u201d pla\u0161\u0101 izv\u0113l\u0113 pied\u0101v\u0101 statisk\u0101s p\u0101rsegu, durvju un profilu bl\u012bves.&nbsp;<br><br>Izmanto\u0161anas vietas:<\/p>\n\n\n\n<ul class=\"wp-block-list\">\n<li>lielie atloki<\/li>\n\n\n\n<li>katlu p\u0101rsegi<\/li>\n\n\n\n<li>procesu nozares ier\u012b\u010du p\u0101rsegi<\/li>\n\n\n\n<li>p\u0101rtikas r\u016bpniec\u012bbas tvert\u0146u p\u0101rsegi<\/li>\n\n\n\n<li>\u0137\u012bmisk\u0101s r\u016bpniec\u012bbas tvert\u0146u p\u0101rsegi<\/li>\n<\/ul>\n\n\n\n<p>Materi\u0101lu izv\u0113le ir at\u0161\u0137ir\u012bga:<\/p>\n\n\n\n<ul class=\"wp-block-list\">\n<li>gumijas materi\u0101li \u2013 NBR, EPDM, silikons, FPM, SBR u.c.<\/li>\n\n\n\n<li>plastmasas materi\u0101li \u2013 PTFE, PU u.c.<\/li>\n\n\n\n<li>stikla \u0161\u0137iedras un keramisk\u0101s \u0161\u0137iedras<\/li>\n\n\n\n<li>aram\u012bda \u0161\u0137iedras un Nomex \u0161\u0137iedras<\/li>\n\n\n\n<li>izplests graf\u012bts<br>\u00a0<\/li>\n<\/ul>\n\n\n\n<p>Produkcija iedal\u0101s:<\/p>\n\n\n\n<ul class=\"wp-block-list\">\n<li>karstumiztur\u012bgi tekstila materi\u0101li \u2013 lentas no stikla \u0161\u0137iedras un keramisk\u0101s \u0161\u0137iedras, pinumi, auklas<\/li>\n\n\n\n<li>profila bl\u012bves no gumijas materi\u0101liem<\/li>\n\n\n\n<li>ar saspiestu gaisu darbojo\u0161\u0101s gumijas bl\u012bves durvju un p\u0101rsegu hermetiz\u0113\u0161anai<\/li>\n\n\n\n<li>graf\u012bta lentas ar pa\u0161l\u012bm\u0113jo\u0161os virsmu un PTFE-lentas<\/li>\n\n\n\n<li>o-gredzeni no gumijas materi\u0101liem un FEP\/PFA \u0137\u012bmiski iztur\u012bgi o-gredzeni<\/li>\n\n\n\n<li>bl\u012bvsl\u0113gi un speci\u0101l\u0101s p\u0101rsegu bl\u012bves cistern\u0101m un tvertn\u0113m<\/li>\n<\/ul>\n\n\n\n<div class=\"wp-block-group is-layout-grid wp-container-core-group-is-layout-6be84c55 wp-block-group-is-layout-grid\">\n<div class=\"wp-block-group is-content-justification-left is-layout-constrained wp-container-core-group-is-layout-8c890d92 wp-block-group-is-layout-constrained\">\n<figure class=\"wp-block-image aligncenter size-full\"><img loading=\"lazy\" decoding=\"async\" width=\"250\" height=\"250\" src=\"https:\/\/www.tektrade.ee\/lv\/wp-content\/uploads\/sites\/6\/2025\/08\/ResizedImage250250-suruohuga-profiiltihend.jpg\" alt=\"\" class=\"wp-image-3098\" srcset=\"https:\/\/www.tektrade.ee\/lv\/wp-content\/uploads\/sites\/6\/2025\/08\/ResizedImage250250-suruohuga-profiiltihend.jpg 250w, https:\/\/www.tektrade.ee\/lv\/wp-content\/uploads\/sites\/6\/2025\/08\/ResizedImage250250-suruohuga-profiiltihend-150x150.jpg 150w, https:\/\/www.tektrade.ee\/lv\/wp-content\/uploads\/sites\/6\/2025\/08\/ResizedImage250250-suruohuga-profiiltihend-100x100.jpg 100w\" sizes=\"auto, (max-width: 250px) 100vw, 250px\" \/><figcaption class=\"wp-element-caption\">Profila bl\u012bves ar saspiestu gaisu<br><\/figcaption><\/figure>\n<\/div>\n\n\n\n<div class=\"wp-block-group is-layout-constrained wp-block-group-is-layout-constrained\">\n<figure class=\"wp-block-image aligncenter size-full\"><img loading=\"lazy\" decoding=\"async\" width=\"250\" height=\"250\" src=\"https:\/\/www.tektrade.ee\/lv\/wp-content\/uploads\/sites\/6\/2025\/08\/ResizedImage250250-PTFE-paelad.jpg\" alt=\"\" class=\"wp-image-3099\" srcset=\"https:\/\/www.tektrade.ee\/lv\/wp-content\/uploads\/sites\/6\/2025\/08\/ResizedImage250250-PTFE-paelad.jpg 250w, https:\/\/www.tektrade.ee\/lv\/wp-content\/uploads\/sites\/6\/2025\/08\/ResizedImage250250-PTFE-paelad-150x150.jpg 150w, https:\/\/www.tektrade.ee\/lv\/wp-content\/uploads\/sites\/6\/2025\/08\/ResizedImage250250-PTFE-paelad-100x100.jpg 100w\" sizes=\"auto, (max-width: 250px) 100vw, 250px\" \/><figcaption class=\"wp-element-caption\">PTFE lentas<br><\/figcaption><\/figure>\n<\/div>\n\n\n\n<div class=\"wp-block-group is-layout-constrained wp-block-group-is-layout-constrained\">\n<figure class=\"wp-block-image aligncenter size-full\"><img loading=\"lazy\" decoding=\"async\" width=\"250\" height=\"250\" src=\"https:\/\/www.tektrade.ee\/lv\/wp-content\/uploads\/sites\/6\/2025\/08\/ResizedImage250250-luugitihend.jpg\" alt=\"\" class=\"wp-image-3100\" srcset=\"https:\/\/www.tektrade.ee\/lv\/wp-content\/uploads\/sites\/6\/2025\/08\/ResizedImage250250-luugitihend.jpg 250w, https:\/\/www.tektrade.ee\/lv\/wp-content\/uploads\/sites\/6\/2025\/08\/ResizedImage250250-luugitihend-150x150.jpg 150w, https:\/\/www.tektrade.ee\/lv\/wp-content\/uploads\/sites\/6\/2025\/08\/ResizedImage250250-luugitihend-100x100.jpg 100w\" sizes=\"auto, (max-width: 250px) 100vw, 250px\" \/><figcaption class=\"wp-element-caption\">P\u0101rsegu bl\u012bve<br><\/figcaption><\/figure>\n<\/div>\n<\/div>\n\n\n\n<div class=\"wp-block-group is-layout-grid wp-container-core-group-is-layout-6be84c55 wp-block-group-is-layout-grid\">\n<div class=\"wp-block-group is-content-justification-left is-layout-constrained wp-container-core-group-is-layout-8c890d92 wp-block-group-is-layout-constrained\">\n<figure class=\"wp-block-image aligncenter size-full\"><img loading=\"lazy\" decoding=\"async\" width=\"250\" height=\"250\" src=\"https:\/\/www.tektrade.ee\/lv\/wp-content\/uploads\/sites\/6\/2025\/08\/ResizedImage250250-kuumakindlad-tekstiilmaterjalid.jpg\" alt=\"\" class=\"wp-image-3101\" srcset=\"https:\/\/www.tektrade.ee\/lv\/wp-content\/uploads\/sites\/6\/2025\/08\/ResizedImage250250-kuumakindlad-tekstiilmaterjalid.jpg 250w, https:\/\/www.tektrade.ee\/lv\/wp-content\/uploads\/sites\/6\/2025\/08\/ResizedImage250250-kuumakindlad-tekstiilmaterjalid-150x150.jpg 150w, https:\/\/www.tektrade.ee\/lv\/wp-content\/uploads\/sites\/6\/2025\/08\/ResizedImage250250-kuumakindlad-tekstiilmaterjalid-100x100.jpg 100w\" sizes=\"auto, (max-width: 250px) 100vw, 250px\" \/><figcaption class=\"wp-element-caption\">Karstumiztur\u012bgi tekstila materi\u0101li<br><\/figcaption><\/figure>\n<\/div>\n\n\n\n<div class=\"wp-block-group is-layout-constrained wp-block-group-is-layout-constrained\">\n<figure class=\"wp-block-image aligncenter size-full\"><img loading=\"lazy\" decoding=\"async\" width=\"250\" height=\"250\" src=\"https:\/\/www.tektrade.ee\/lv\/wp-content\/uploads\/sites\/6\/2025\/08\/ResizedImage250250-kummiprofiilid.jpg\" alt=\"\" class=\"wp-image-3102\" srcset=\"https:\/\/www.tektrade.ee\/lv\/wp-content\/uploads\/sites\/6\/2025\/08\/ResizedImage250250-kummiprofiilid.jpg 250w, https:\/\/www.tektrade.ee\/lv\/wp-content\/uploads\/sites\/6\/2025\/08\/ResizedImage250250-kummiprofiilid-150x150.jpg 150w, https:\/\/www.tektrade.ee\/lv\/wp-content\/uploads\/sites\/6\/2025\/08\/ResizedImage250250-kummiprofiilid-100x100.jpg 100w\" sizes=\"auto, (max-width: 250px) 100vw, 250px\" \/><figcaption class=\"wp-element-caption\">Gumijas profili<br><\/figcaption><\/figure>\n<\/div>\n\n\n\n<div class=\"wp-block-group is-layout-constrained wp-block-group-is-layout-constrained\">\n<figure class=\"wp-block-image aligncenter size-full\"><img loading=\"lazy\" decoding=\"async\" width=\"250\" height=\"250\" src=\"https:\/\/www.tektrade.ee\/lv\/wp-content\/uploads\/sites\/6\/2025\/08\/ResizedImage250250-grafiitteip.jpg\" alt=\"\" class=\"wp-image-3103\" srcset=\"https:\/\/www.tektrade.ee\/lv\/wp-content\/uploads\/sites\/6\/2025\/08\/ResizedImage250250-grafiitteip.jpg 250w, https:\/\/www.tektrade.ee\/lv\/wp-content\/uploads\/sites\/6\/2025\/08\/ResizedImage250250-grafiitteip-150x150.jpg 150w, https:\/\/www.tektrade.ee\/lv\/wp-content\/uploads\/sites\/6\/2025\/08\/ResizedImage250250-grafiitteip-100x100.jpg 100w\" sizes=\"auto, (max-width: 250px) 100vw, 250px\" \/><figcaption class=\"wp-element-caption\">Graf\u012bta lenta<br><\/figcaption><\/figure>\n<\/div>\n<\/div>\n\n\n\n<div class=\"wp-block-group is-layout-grid wp-container-core-group-is-layout-6be84c55 wp-block-group-is-layout-grid\">\n<div class=\"wp-block-group is-content-justification-left is-layout-constrained wp-container-core-group-is-layout-8c890d92 wp-block-group-is-layout-constrained\">\n<figure class=\"wp-block-image aligncenter size-full\"><img loading=\"lazy\" decoding=\"async\" width=\"250\" height=\"250\" src=\"https:\/\/www.tektrade.ee\/lv\/wp-content\/uploads\/sites\/6\/2025\/08\/ResizedImage250250-FEP-ja-PFA-O-rongad.jpg\" alt=\"\" class=\"wp-image-3104\" srcset=\"https:\/\/www.tektrade.ee\/lv\/wp-content\/uploads\/sites\/6\/2025\/08\/ResizedImage250250-FEP-ja-PFA-O-rongad.jpg 250w, https:\/\/www.tektrade.ee\/lv\/wp-content\/uploads\/sites\/6\/2025\/08\/ResizedImage250250-FEP-ja-PFA-O-rongad-150x150.jpg 150w, https:\/\/www.tektrade.ee\/lv\/wp-content\/uploads\/sites\/6\/2025\/08\/ResizedImage250250-FEP-ja-PFA-O-rongad-100x100.jpg 100w\" sizes=\"auto, (max-width: 250px) 100vw, 250px\" \/><figcaption class=\"wp-element-caption\">FEP un PFA O-gredzeni<br><\/figcaption><\/figure>\n<\/div>\n<\/div>\n","protected":false},"featured_media":0,"parent":2252,"menu_order":21,"template":"","class_list":["post-2294","product","type-product","status-publish","hentry"],"acf":[],"_links":{"self":[{"href":"https:\/\/www.tektrade.ee\/lv\/wp-json\/wp\/v2\/product\/2294","targetHints":{"allow":["GET"]}}],"collection":[{"href":"https:\/\/www.tektrade.ee\/lv\/wp-json\/wp\/v2\/product"}],"about":[{"href":"https:\/\/www.tektrade.ee\/lv\/wp-json\/wp\/v2\/types\/product"}],"version-history":[{"count":2,"href":"https:\/\/www.tektrade.ee\/lv\/wp-json\/wp\/v2\/product\/2294\/revisions"}],"predecessor-version":[{"id":3105,"href":"https:\/\/www.tektrade.ee\/lv\/wp-json\/wp\/v2\/product\/2294\/revisions\/3105"}],"up":[{"embeddable":true,"href":"https:\/\/www.tektrade.ee\/lv\/wp-json\/wp\/v2\/product\/2252"}],"wp:attachment":[{"href":"https:\/\/www.tektrade.ee\/lv\/wp-json\/wp\/v2\/media?parent=2294"}],"curies":[{"name":"wp","href":"https:\/\/api.w.org\/{rel}","templated":true}]}}