{"id":2292,"date":"2025-08-12T23:16:46","date_gmt":"2025-08-12T20:16:46","guid":{"rendered":"https:\/\/www.tektrade.ee\/lv\/?post_type=product&#038;p=2292"},"modified":"2025-08-18T20:17:03","modified_gmt":"2025-08-18T17:17:03","slug":"varstu-stienu-blives","status":"publish","type":"product","link":"https:\/\/www.tektrade.ee\/lv\/preces\/blives-un-blivejuma-materiali\/varpstu-un-suknu-blives\/varstu-stienu-blives\/","title":{"rendered":"V\u0101rstu stie\u0146u bl\u012bves"},"content":{"rendered":"\n<p>V\u0101rstu stie\u0146u bl\u012bv\u0113\u0161anai tiek izmantoti iepriek\u0161 sapres\u0113ti bl\u012bv\u0113juma gredzeni, kas izgatavoti no elast\u012bga graf\u012bta vai p\u012bta bl\u012bvsl\u0113ga.&nbsp;<\/p>\n\n\n\n<div class=\"wp-block-group is-layout-grid wp-container-core-group-is-layout-baef362d wp-block-group-is-layout-grid\">\n<div class=\"wp-block-group is-content-justification-left is-layout-constrained wp-container-core-group-is-layout-8c890d92 wp-block-group-is-layout-constrained\">\n<figure class=\"wp-block-image aligncenter size-full\"><img loading=\"lazy\" decoding=\"async\" width=\"219\" height=\"290\" src=\"https:\/\/www.tektrade.ee\/lv\/wp-content\/uploads\/sites\/6\/2025\/08\/ResizedImage219290-eelpressitud-grafiitrongas.jpg\" alt=\"\" class=\"wp-image-2520\"\/><figcaption class=\"wp-element-caption\">Iepriek\u0161 sapres\u0113ts graf\u012bta gredzens<br><\/figcaption><\/figure>\n<\/div>\n\n\n\n<div class=\"wp-block-group is-layout-constrained wp-block-group-is-layout-constrained\">\n<figure class=\"wp-block-image aligncenter size-full\"><img loading=\"lazy\" decoding=\"async\" width=\"279\" height=\"290\" src=\"https:\/\/www.tektrade.ee\/lv\/wp-content\/uploads\/sites\/6\/2025\/08\/ResizedImage279290-Ventiilivarretihendid.jpg\" alt=\"\" class=\"wp-image-2521\"\/><figcaption class=\"wp-element-caption\">Bl\u012bv\u0113\u0161anas komplekts\u00a0<br><\/figcaption><\/figure>\n<\/div>\n<\/div>\n","protected":false},"featured_media":0,"parent":2278,"menu_order":20,"template":"","class_list":["post-2292","product","type-product","status-publish","hentry"],"acf":[],"_links":{"self":[{"href":"https:\/\/www.tektrade.ee\/lv\/wp-json\/wp\/v2\/product\/2292","targetHints":{"allow":["GET"]}}],"collection":[{"href":"https:\/\/www.tektrade.ee\/lv\/wp-json\/wp\/v2\/product"}],"about":[{"href":"https:\/\/www.tektrade.ee\/lv\/wp-json\/wp\/v2\/types\/product"}],"version-history":[{"count":8,"href":"https:\/\/www.tektrade.ee\/lv\/wp-json\/wp\/v2\/product\/2292\/revisions"}],"predecessor-version":[{"id":3096,"href":"https:\/\/www.tektrade.ee\/lv\/wp-json\/wp\/v2\/product\/2292\/revisions\/3096"}],"up":[{"embeddable":true,"href":"https:\/\/www.tektrade.ee\/lv\/wp-json\/wp\/v2\/product\/2278"}],"wp:attachment":[{"href":"https:\/\/www.tektrade.ee\/lv\/wp-json\/wp\/v2\/media?parent=2292"}],"curies":[{"name":"wp","href":"https:\/\/api.w.org\/{rel}","templated":true}]}}