{"id":2290,"date":"2025-08-12T23:16:27","date_gmt":"2025-08-12T20:16:27","guid":{"rendered":"https:\/\/www.tektrade.ee\/lv\/?post_type=product&#038;p=2290"},"modified":"2025-08-18T20:16:41","modified_gmt":"2025-08-18T17:16:41","slug":"o-gredzeni","status":"publish","type":"product","link":"https:\/\/www.tektrade.ee\/lv\/preces\/blives-un-blivejuma-materiali\/varpstu-un-suknu-blives\/o-gredzeni\/","title":{"rendered":"O-gredzeni"},"content":{"rendered":"\n<div class=\"wp-block-group is-nowrap is-layout-flex wp-container-core-group-is-layout-64989fb1 wp-block-group-is-layout-flex\">\n<div class=\"wp-block-group is-layout-constrained wp-block-group-is-layout-constrained\">\n<p>O-gredzeni tiek izmantoti v\u0101rpstu, korpusu un ar\u012b atloku bl\u012bv\u0113\u0161anai.&nbsp;<br>Materi\u0101li: FKM, NBR, EPDM, Kalrez u.c.<br>\u0136\u012bmiski agres\u012bv\u0101m vid\u0113m tiek ra\u017eoti speci\u0101li o-gredzeni ar FEP un PFA polim\u0113ra apvalku, kuru iek\u0161\u0113j\u0101 da\u013ca ir izgatavota no silikona vai vitona gumijas materi\u0101la.<\/p>\n\n\n\n<p><br>Tehniskie dati:<br><br>Temperat\u016bras interv\u0101li:<br>FEP apvalks -60\u00b0C &#8211; +205\u00b0C (\u012bslaic\u012bgi +260\u00b0C)<br>PFA apvalks -60\u00b0C &#8211; +260\u00b0C (\u012bslaic\u012bgi +300\u00b0C)<\/p>\n\n\n\n<p>Stipr\u012bbas:<br>75-90 Shore A &nbsp;&#8211; ar silikona serdeni<br>90-95&nbsp;Shore A \u2013 ar vitona serdeni<\/p>\n<\/div>\n\n\n\n<div class=\"wp-block-group is-layout-flow wp-block-group-is-layout-flow\">\n<figure class=\"wp-block-image size-full is-resized wp-container-content-69bc4bdf\"><img loading=\"lazy\" decoding=\"async\" width=\"250\" height=\"181\" src=\"https:\/\/www.tektrade.ee\/lv\/wp-content\/uploads\/sites\/6\/2025\/08\/ResizedImage250181-FEP-ja-PFEvO-rongad.jpg\" alt=\"\" class=\"wp-image-2516\" style=\"width:300px\"\/><figcaption class=\"wp-element-caption\">FEP un PFA o-gredzeni<br><\/figcaption><\/figure>\n<\/div>\n<\/div>\n","protected":false},"featured_media":0,"parent":2278,"menu_order":19,"template":"","class_list":["post-2290","product","type-product","status-publish","hentry"],"acf":[],"_links":{"self":[{"href":"https:\/\/www.tektrade.ee\/lv\/wp-json\/wp\/v2\/product\/2290","targetHints":{"allow":["GET"]}}],"collection":[{"href":"https:\/\/www.tektrade.ee\/lv\/wp-json\/wp\/v2\/product"}],"about":[{"href":"https:\/\/www.tektrade.ee\/lv\/wp-json\/wp\/v2\/types\/product"}],"version-history":[{"count":5,"href":"https:\/\/www.tektrade.ee\/lv\/wp-json\/wp\/v2\/product\/2290\/revisions"}],"predecessor-version":[{"id":3095,"href":"https:\/\/www.tektrade.ee\/lv\/wp-json\/wp\/v2\/product\/2290\/revisions\/3095"}],"up":[{"embeddable":true,"href":"https:\/\/www.tektrade.ee\/lv\/wp-json\/wp\/v2\/product\/2278"}],"wp:attachment":[{"href":"https:\/\/www.tektrade.ee\/lv\/wp-json\/wp\/v2\/media?parent=2290"}],"curies":[{"name":"wp","href":"https:\/\/api.w.org\/{rel}","templated":true}]}}