{"id":2288,"date":"2025-08-12T23:16:16","date_gmt":"2025-08-12T20:16:16","guid":{"rendered":"https:\/\/www.tektrade.ee\/lv\/?post_type=product&#038;p=2288"},"modified":"2025-08-18T20:16:20","modified_gmt":"2025-08-18T17:16:20","slug":"motora-varpstas-sazemejosais-gredzens","status":"publish","type":"product","link":"https:\/\/www.tektrade.ee\/lv\/preces\/blives-un-blivejuma-materiali\/varpstu-un-suknu-blives\/motora-varpstas-sazemejosais-gredzens\/","title":{"rendered":"Motora v\u0101rpstas sazem\u0113jo\u0161ais gredzens"},"content":{"rendered":"\n<div class=\"wp-block-group is-nowrap is-layout-flex wp-container-core-group-is-layout-64989fb1 wp-block-group-is-layout-flex\">\n<div class=\"wp-block-group is-layout-constrained wp-block-group-is-layout-constrained\">\n<p>Lai pasarg\u0101tu elektromotora v\u0101rpstu vai gult\u0146us no klejojo\u0161\u0101s str\u0101vas ietekmes, zem\u0113jumam tiek izmantoti zem\u0113juma gredzeni ar oglek\u013ca dziju. T\u0101d\u0113j\u0101di var maksimiz\u0113t ier\u012bces darbm\u016b\u017eu, samazin\u0101t lielus izdevumus par apkopi un samazin\u0101t nepl\u0101notas d\u012bkst\u0101ves.<\/p>\n<\/div>\n\n\n\n<div class=\"wp-block-group is-layout-flow wp-block-group-is-layout-flow\">\n<figure class=\"wp-block-image size-full is-resized wp-container-content-69bc4bdf\"><img loading=\"lazy\" decoding=\"async\" width=\"200\" height=\"203\" src=\"https:\/\/www.tektrade.ee\/lv\/wp-content\/uploads\/sites\/6\/2025\/08\/ResizedImage200203-Volli-maandus-tihend.jpg\" alt=\"\" class=\"wp-image-2513\" style=\"width:300px\"\/><figcaption class=\"wp-element-caption\">V\u0101rpstas zem\u0113juma bl\u012bve<br><\/figcaption><\/figure>\n<\/div>\n<\/div>\n","protected":false},"featured_media":0,"parent":2278,"menu_order":18,"template":"","class_list":["post-2288","product","type-product","status-publish","hentry"],"acf":[],"_links":{"self":[{"href":"https:\/\/www.tektrade.ee\/lv\/wp-json\/wp\/v2\/product\/2288","targetHints":{"allow":["GET"]}}],"collection":[{"href":"https:\/\/www.tektrade.ee\/lv\/wp-json\/wp\/v2\/product"}],"about":[{"href":"https:\/\/www.tektrade.ee\/lv\/wp-json\/wp\/v2\/types\/product"}],"version-history":[{"count":4,"href":"https:\/\/www.tektrade.ee\/lv\/wp-json\/wp\/v2\/product\/2288\/revisions"}],"predecessor-version":[{"id":3094,"href":"https:\/\/www.tektrade.ee\/lv\/wp-json\/wp\/v2\/product\/2288\/revisions\/3094"}],"up":[{"embeddable":true,"href":"https:\/\/www.tektrade.ee\/lv\/wp-json\/wp\/v2\/product\/2278"}],"wp:attachment":[{"href":"https:\/\/www.tektrade.ee\/lv\/wp-json\/wp\/v2\/media?parent=2288"}],"curies":[{"name":"wp","href":"https:\/\/api.w.org\/{rel}","templated":true}]}}