{"id":2286,"date":"2025-08-12T23:16:03","date_gmt":"2025-08-12T20:16:03","guid":{"rendered":"https:\/\/www.tektrade.ee\/lv\/?post_type=product&#038;p=2286"},"modified":"2025-08-18T20:15:57","modified_gmt":"2025-08-18T17:15:57","slug":"labirinta-tipa-blives-gultnu-aizsargi","status":"publish","type":"product","link":"https:\/\/www.tektrade.ee\/lv\/preces\/blives-un-blivejuma-materiali\/varpstu-un-suknu-blives\/labirinta-tipa-blives-gultnu-aizsargi\/","title":{"rendered":"Labirinta tipa bl\u012bves \u2013 gult\u0146u aizsargi"},"content":{"rendered":"\n<div class=\"wp-block-group is-nowrap is-layout-flex wp-container-core-group-is-layout-64989fb1 wp-block-group-is-layout-flex\">\n<div class=\"wp-block-group is-layout-constrained wp-block-group-is-layout-constrained\">\n<p>Labirinta tipa bl\u012bve ir speci\u0101la bl\u012bve va\u013c\u0113ju gult\u0146u aizsarg\u0101\u0161anai un gult\u0146u sm\u0113rvielu saglab\u0101\u0161anai, pies\u0101r\u0146ojuma vielu nov\u0113r\u0161anai vai ar\u012b \u0161\u0137idrumu atdal\u012b\u0161anai. T\u0101 ir divu komponentu dinamisk\u0101 bl\u012bve, kura stacion\u0101r\u0101 da\u013ca ir piestiprin\u0101ta pie gult\u0146a korpusa un rot\u0113jo\u0161\u0101 da\u013ca ir piestiprin\u0101ta pie v\u0101rpsta.<\/p>\n\n\n\n<p>Labirinta tipa bl\u012bves tiek pla\u0161i izmantotas \u0137\u012bmiskaj\u0101, celulozes un pap\u012bra r\u016bpniec\u012bb\u0101, oglek\u013ca p\u0101rstr\u0101d\u0113, ener\u0123\u0113tik\u0101 un daudz\u0101s cit\u0101s r\u016bpniecisk\u0101s jom\u0101s.<\/p>\n<\/div>\n\n\n\n<div class=\"wp-block-group is-layout-flow wp-block-group-is-layout-flow\">\n<figure class=\"wp-block-image size-frontpage-thumbnail is-resized wp-container-content-69bc4bdf\"><img loading=\"lazy\" decoding=\"async\" width=\"228\" height=\"280\" src=\"https:\/\/www.tektrade.ee\/lv\/wp-content\/uploads\/sites\/6\/2025\/08\/ResizedImage228301-Laburinttihend-laagrikaitse-228x280.png\" alt=\"\" class=\"wp-image-2509\" style=\"aspect-ratio:3\/4;object-fit:cover;width:300px\"\/><figcaption class=\"wp-element-caption\">&nbsp; &nbsp;Lab\u00fcrint-tihend-laagrikaitse<br><\/figcaption><\/figure>\n<\/div>\n<\/div>\n","protected":false},"featured_media":0,"parent":2278,"menu_order":17,"template":"","class_list":["post-2286","product","type-product","status-publish","hentry"],"acf":[],"_links":{"self":[{"href":"https:\/\/www.tektrade.ee\/lv\/wp-json\/wp\/v2\/product\/2286","targetHints":{"allow":["GET"]}}],"collection":[{"href":"https:\/\/www.tektrade.ee\/lv\/wp-json\/wp\/v2\/product"}],"about":[{"href":"https:\/\/www.tektrade.ee\/lv\/wp-json\/wp\/v2\/types\/product"}],"version-history":[{"count":5,"href":"https:\/\/www.tektrade.ee\/lv\/wp-json\/wp\/v2\/product\/2286\/revisions"}],"predecessor-version":[{"id":3093,"href":"https:\/\/www.tektrade.ee\/lv\/wp-json\/wp\/v2\/product\/2286\/revisions\/3093"}],"up":[{"embeddable":true,"href":"https:\/\/www.tektrade.ee\/lv\/wp-json\/wp\/v2\/product\/2278"}],"wp:attachment":[{"href":"https:\/\/www.tektrade.ee\/lv\/wp-json\/wp\/v2\/media?parent=2286"}],"curies":[{"name":"wp","href":"https:\/\/api.w.org\/{rel}","templated":true}]}}