{"id":2284,"date":"2025-08-12T23:15:52","date_gmt":"2025-08-12T20:15:52","guid":{"rendered":"https:\/\/www.tektrade.ee\/lv\/?post_type=product&#038;p=2284"},"modified":"2025-08-18T20:15:36","modified_gmt":"2025-08-18T17:15:36","slug":"mansetes","status":"publish","type":"product","link":"https:\/\/www.tektrade.ee\/lv\/preces\/blives-un-blivejuma-materiali\/varpstu-un-suknu-blives\/mansetes\/","title":{"rendered":"Man\u0161etes"},"content":{"rendered":"\n<div class=\"wp-block-group is-nowrap is-layout-flex wp-container-core-group-is-layout-64989fb1 wp-block-group-is-layout-flex\">\n<div class=\"wp-block-group is-layout-constrained wp-block-group-is-layout-constrained\">\n<p>Man\u0161etes ir paredz\u0113tas vis\u0101m rot\u0113jo\u0161\u0101m v\u0101rpst\u0101m vai sm\u0113rvielu saglab\u0101\u0161anai, pies\u0101r\u0146ojuma vielu<br>nov\u0113r\u0161anai vai ar\u012b \u0161\u0137idrumu atdal\u012b\u0161anai.<br><br>M\u016bsu produktu kl\u0101st\u0101 pieejamas e\u013c\u013cas bl\u012bves, kas pamatos ir gatavotas no standarta gumijas<br>materi\u0101liem k\u0101 NBR, HNBR, EPDM, FKM,VMQ.<\/p>\n\n\n\n<p>Izmanto\u0161anas jomas: raktuves, celulozes un pap\u012bra r\u016bpniec\u012bba, met\u0101lapstr\u0101de, ku\u0123niec\u012bba utt.<\/p>\n<\/div>\n\n\n\n<div class=\"wp-block-group is-layout-flow wp-block-group-is-layout-flow\">\n<figure class=\"wp-block-image size-full is-resized wp-container-content-69bc4bdf\"><img loading=\"lazy\" decoding=\"async\" width=\"250\" height=\"273\" src=\"https:\/\/www.tektrade.ee\/lv\/wp-content\/uploads\/sites\/6\/2025\/08\/ResizedImage250273-Klozure-olitihend.jpg\" alt=\"\" class=\"wp-image-2496\" style=\"aspect-ratio:1;object-fit:cover;width:480px\"\/><figcaption class=\"wp-element-caption\"><em>E\u013c\u013cas bl\u012bvsl\u0113gs<br><\/em><\/figcaption><\/figure>\n<\/div>\n<\/div>\n\n\n\n<div style=\"height:50px\" aria-hidden=\"true\" class=\"wp-block-spacer\"><\/div>\n\n\n\n<div class=\"wp-block-group is-nowrap is-layout-flex wp-container-core-group-is-layout-64989fb1 wp-block-group-is-layout-flex\">\n<div class=\"wp-block-group is-layout-constrained wp-block-group-is-layout-constrained\">\n<p>Pirmaj\u0101 rind\u0101 att\u0113lotas e\u013c\u013cas bl\u012bves ar met\u0101la atlokiem.<\/p>\n\n\n\n<p>Otraj\u0101 rind\u0101 att\u0113lotas e\u013c\u013cas bl\u012bves ar gumijas atlokiem.<\/p>\n\n\n\n<p>Tre\u0161aj\u0101 rind\u0101 att\u0113lotas p\u0101rdal\u0101mas e\u013c\u013cas bl\u012bves.<\/p>\n<\/div>\n\n\n\n<div class=\"wp-block-group is-layout-flow wp-block-group-is-layout-flow\">\n<figure class=\"wp-block-image size-full is-resized wp-container-content-69bc4bdf\"><img loading=\"lazy\" decoding=\"async\" width=\"250\" height=\"156\" src=\"https:\/\/www.tektrade.ee\/lv\/wp-content\/uploads\/sites\/6\/2025\/08\/ResizedImage250156-Tihendite-ristloiked.jpg\" alt=\"\" class=\"wp-image-2498\" style=\"aspect-ratio:3\/2;object-fit:cover;width:480px\"\/><\/figure>\n<\/div>\n<\/div>\n\n\n\n<div style=\"height:30px\" aria-hidden=\"true\" class=\"wp-block-spacer\"><\/div>\n\n\n\n<div class=\"wp-block-group is-nowrap is-layout-flex wp-container-core-group-is-layout-64989fb1 wp-block-group-is-layout-flex\">\n<div class=\"wp-block-group is-layout-constrained wp-block-group-is-layout-constrained\">\n<p>Pateicoties bl\u012bves man\u0161etes speci\u0101lajam stiprin\u0101jumam un PTFE&nbsp; materi\u0101lam standarta bl\u012bve iztur<br>spiedienu l\u012bdz 10 bar. Bl\u012bve ir veidota, lai nobl\u012bv\u0113tu \u0101tri rot\u0113jo\u0161as v\u0101rpstas un paredz\u0113ta izmanto\u0161anai<br>augsta spiediena un temperat\u016bras apst\u0101k\u013cos, k\u0101 ar\u012b agres\u012bv\u0101 vid\u0113. Radi\u0101l\u0101 v\u0101rpstas bl\u012bv\u0113jums ir<br>kompakta alternat\u012bva bl\u012bvsl\u0113giem un meh\u0101nisk\u0101m bl\u012bv\u0113m.<\/p>\n\n\n\n<p>Priek\u0161roc\u012bbas:<\/p>\n\n\n\n<ul class=\"wp-block-list\">\n<li>max v\u0101rpstas rot\u0101cijas \u0101trums 45 m\/s;<\/li>\n\n\n\n<li>laba \u0137\u012bmisk\u0101 iztur\u012bba (pH 0-14);<\/li>\n\n\n\n<li>laba nodilumiztur\u012bba;<\/li>\n\n\n\n<li>var izmantot gan vakuum\u0101, gan ar\u012b spiediena vid\u0113;<\/li>\n\n\n\n<li>temperat\u016bras interv\u0101ls: -60\u00b0C l\u012bdz +260 \u00b0C;<\/li>\n\n\n\n<li>labs \u201esaus\u0101s\u201d darbo\u0161an\u0101s sp\u0113j\u012bgums;<\/li>\n\n\n\n<li>izmantojams gan p\u0101rtikas produktu, \u0137\u012bmiskaj\u0101, gan ar\u012b farm\u0101cijas r\u016bpniec\u012bb\u0101;<\/li>\n\n\n\n<li>atbilst direkt\u012bvas 94\/9\/EC (ATEX) nosac\u012bjumiem.<\/li>\n<\/ul>\n<\/div>\n\n\n\n<div class=\"wp-block-group is-layout-flow wp-block-group-is-layout-flow\">\n<figure class=\"wp-block-image size-full is-resized wp-container-content-69bc4bdf\"><img loading=\"lazy\" decoding=\"async\" width=\"250\" height=\"146\" src=\"https:\/\/www.tektrade.ee\/lv\/wp-content\/uploads\/sites\/6\/2025\/08\/ResizedImage250146-PS-SEAL-tihendid.jpg\" alt=\"\" class=\"wp-image-2499\" style=\"aspect-ratio:3\/2;object-fit:cover;width:480px\"\/><figcaption class=\"wp-element-caption\">Radi\u0101l\u0101 v\u0101rpstas bl\u012bv\u0113jums\u00a0<br><\/figcaption><\/figure>\n<\/div>\n<\/div>\n","protected":false},"featured_media":0,"parent":2278,"menu_order":16,"template":"","class_list":["post-2284","product","type-product","status-publish","hentry"],"acf":[],"_links":{"self":[{"href":"https:\/\/www.tektrade.ee\/lv\/wp-json\/wp\/v2\/product\/2284","targetHints":{"allow":["GET"]}}],"collection":[{"href":"https:\/\/www.tektrade.ee\/lv\/wp-json\/wp\/v2\/product"}],"about":[{"href":"https:\/\/www.tektrade.ee\/lv\/wp-json\/wp\/v2\/types\/product"}],"version-history":[{"count":11,"href":"https:\/\/www.tektrade.ee\/lv\/wp-json\/wp\/v2\/product\/2284\/revisions"}],"predecessor-version":[{"id":3092,"href":"https:\/\/www.tektrade.ee\/lv\/wp-json\/wp\/v2\/product\/2284\/revisions\/3092"}],"up":[{"embeddable":true,"href":"https:\/\/www.tektrade.ee\/lv\/wp-json\/wp\/v2\/product\/2278"}],"wp:attachment":[{"href":"https:\/\/www.tektrade.ee\/lv\/wp-json\/wp\/v2\/media?parent=2284"}],"curies":[{"name":"wp","href":"https:\/\/api.w.org\/{rel}","templated":true}]}}