{"id":2282,"date":"2025-08-12T23:15:39","date_gmt":"2025-08-12T20:15:39","guid":{"rendered":"https:\/\/www.tektrade.ee\/lv\/?post_type=product&#038;p=2282"},"modified":"2025-08-18T20:14:54","modified_gmt":"2025-08-18T17:14:54","slug":"blivslegi","status":"publish","type":"product","link":"https:\/\/www.tektrade.ee\/lv\/preces\/blives-un-blivejuma-materiali\/varpstu-un-suknu-blives\/blivslegi\/","title":{"rendered":"Bl\u012bvsl\u0113gi"},"content":{"rendered":"\n<p>Pinumi ar \u010detrst\u016bru griezumu jeb bl\u012bvsl\u0113gi ir paredz\u0113ti rot\u0113jo\u0161o v\u0101rpstu, turp-atpaka\u013c kusto\u0161u cilindru, statisko atloku\/p\u0101rsegu un v\u0101rstu stie\u0146u bl\u012bv\u0113\u0161anai.<\/p>\n\n\n\n<div class=\"wp-block-group is-nowrap is-layout-flex wp-container-core-group-is-layout-ad2f72ca wp-block-group-is-layout-flex\">\n<figure class=\"wp-block-image size-full\"><img loading=\"lazy\" decoding=\"async\" width=\"284\" height=\"200\" src=\"https:\/\/www.tektrade.ee\/lv\/wp-content\/uploads\/sites\/6\/2025\/08\/ResizedImage284200-Erinevad-topendid.jpg\" alt=\"\" class=\"wp-image-2493\"\/><figcaption class=\"wp-element-caption\">Da\u017e\u0101di bl\u012bvsl\u0113gi<br><\/figcaption><\/figure>\n<\/div>\n\n\n\n<div style=\"height:30px\" aria-hidden=\"true\" class=\"wp-block-spacer\"><\/div>\n\n\n\n<p>Bl\u012bvsl\u0113gi iedal\u0101s:<br><strong>1. P.A.N. (poliakrilnitrila) \u0161\u0137iedras kombin\u0113tas vai nu ar PTFE vai ar\u012b oglekli<\/strong><br>Temperat\u016bras: -40 +250 \u00b0C<br>Spiediens: l\u012bdz 100 bar<br>\u0100trumi: l\u012bdz 18 m\/s<br><strong>2. Stikla \u0161\u0137iedras kombin\u0113tas ar PTFE, Inconel vai graf\u012bta \u0161\u0137iedr\u0101m<\/strong><br>Temperat\u016bras: -100 +550 \u00b0C<br>Spiediens: l\u012bdz 250 bar<br>\u0100trumi: l\u012bdz 12 m\/s<br><strong>3. \u201eKevlar\u201d jeb aram\u012bda \u0161\u0137iedras, kas pacie\u0161 abraz\u012bvu vidi, kombin\u0113tas ar PTFE vai graf\u012bta \u0161\u0137iedr\u0101m<\/strong><br>Temperat\u016bras: -100 +280 \u00b0C<br>Spiediens: l\u012bdz 400 bar<br>\u0100trumi: l\u012bdz 20 m\/s<br><strong>4. PTFE \u0161\u0137iedras<\/strong><br>Temperat\u016bras: -200 +280 \u00b0C<br>Spiediens: l\u012bdz 200 bar<br>\u0100trumi: l\u012bdz 12 m\/s<br><strong>5. GORE\u00ae&nbsp;\u0161\u0137iedras vai citas kombin\u0113tas&nbsp;PTFE\/graf\u012bta \u0161\u0137iedras<\/strong><br>Temperat\u016bras: -200 +280 \u00b0C (inert\u0101 vid\u0113 l\u012bdz +2760 \u00b0C)<br>Spiediens: l\u012bdz 150 bar<br>\u0100trumi: l\u012bdz 25 m\/s<br><strong>6. Oglek\u013ca \u0161\u0137iedras un graf\u012bta \u0161\u0137iedras&nbsp;<\/strong><br>Temperat\u016bras: -150 +650 \u00b0C<br>Spiediens: l\u012bdz 300 bar<br>\u0100trumi: l\u012bdz 30 m\/s<br><strong>7. Izplesta graf\u012bta \u0161\u0137iedras vai kombin\u0113tas ar \u201eGrafan\u201d \u0161\u0137iedr\u0101m<\/strong><br>Temperat\u016bras: -200 +600 \u00b0C (inert\u0101 vid\u0113 l\u012bdz +3000 \u00b0C)<br>Spiediens: l\u012bdz 360 bar<br>\u0100trumi: l\u012bdz 30 m\/s<br><strong>8. No dab\u012bg\u0101m \u0161\u0137iedr\u0101m (kokvilna, \u201eRamie\u201d, lins)&nbsp; kombin\u0113tas ar PTFE vai graf\u012bta \u0161\u0137iedr\u0101m<\/strong><br>Temperat\u016bras: -30 +120 \u00b0C&nbsp;<br>Spiedien: l\u012bdz 130 bar<br>\u0100trumi: l\u012bdz 12 m\/s<\/p>\n\n\n\n<p>Vec\u0101 bl\u012bvsl\u0113ga izrau\u0161anai tiek izmantoti kor\u0137vi\u013c\u0137i jeb ekstraktori.<\/p>\n\n\n\n<div class=\"wp-block-group is-nowrap is-layout-flex wp-container-core-group-is-layout-ad2f72ca wp-block-group-is-layout-flex\">\n<figure class=\"wp-block-image size-full\"><img loading=\"lazy\" decoding=\"async\" width=\"200\" height=\"200\" src=\"https:\/\/www.tektrade.ee\/lv\/wp-content\/uploads\/sites\/6\/2025\/08\/ResizedImage200200-Ekstraktor.jpg\" alt=\"\" class=\"wp-image-2494\" srcset=\"https:\/\/www.tektrade.ee\/lv\/wp-content\/uploads\/sites\/6\/2025\/08\/ResizedImage200200-Ekstraktor.jpg 200w, https:\/\/www.tektrade.ee\/lv\/wp-content\/uploads\/sites\/6\/2025\/08\/ResizedImage200200-Ekstraktor-150x150.jpg 150w, https:\/\/www.tektrade.ee\/lv\/wp-content\/uploads\/sites\/6\/2025\/08\/ResizedImage200200-Ekstraktor-100x100.jpg 100w\" sizes=\"auto, (max-width: 200px) 100vw, 200px\" \/><figcaption class=\"wp-element-caption\"><em><em>Ekstraktors<\/em><\/em><\/figcaption><\/figure>\n<\/div>\n","protected":false},"featured_media":0,"parent":2278,"menu_order":15,"template":"","class_list":["post-2282","product","type-product","status-publish","hentry"],"acf":[],"_links":{"self":[{"href":"https:\/\/www.tektrade.ee\/lv\/wp-json\/wp\/v2\/product\/2282","targetHints":{"allow":["GET"]}}],"collection":[{"href":"https:\/\/www.tektrade.ee\/lv\/wp-json\/wp\/v2\/product"}],"about":[{"href":"https:\/\/www.tektrade.ee\/lv\/wp-json\/wp\/v2\/types\/product"}],"version-history":[{"count":3,"href":"https:\/\/www.tektrade.ee\/lv\/wp-json\/wp\/v2\/product\/2282\/revisions"}],"predecessor-version":[{"id":3091,"href":"https:\/\/www.tektrade.ee\/lv\/wp-json\/wp\/v2\/product\/2282\/revisions\/3091"}],"up":[{"embeddable":true,"href":"https:\/\/www.tektrade.ee\/lv\/wp-json\/wp\/v2\/product\/2278"}],"wp:attachment":[{"href":"https:\/\/www.tektrade.ee\/lv\/wp-json\/wp\/v2\/media?parent=2282"}],"curies":[{"name":"wp","href":"https:\/\/api.w.org\/{rel}","templated":true}]}}