{"id":2280,"date":"2025-08-12T23:15:22","date_gmt":"2025-08-12T20:15:22","guid":{"rendered":"https:\/\/www.tektrade.ee\/lv\/?post_type=product&#038;p=2280"},"modified":"2025-08-20T10:57:24","modified_gmt":"2025-08-20T07:57:24","slug":"mehaniskas-blives","status":"publish","type":"product","link":"https:\/\/www.tektrade.ee\/lv\/preces\/blives-un-blivejuma-materiali\/varpstu-un-suknu-blives\/mehaniskas-blives\/","title":{"rendered":"Meh\u0101nisk\u0101s bl\u012bves"},"content":{"rendered":"\n<p>Meh\u0101nisk\u0101s v\u0101rpstu bl\u012bves ir paredz\u0113tas s\u016bk\u0146u un mikseru v\u0101rpstu, k\u0101 ar\u012b korpusu bl\u012bv\u0113\u0161anai. T\u0101s iedal\u0101s div\u0113j\u0101di: iek\u0161\u0113j\u0101s v\u0101rpstu bl\u012bves ar atsperi un \u0101r\u0113j\u0101s kase\u0161u bl\u012bves.<\/p>\n\n\n\n<p>Meh\u0101nisko v\u0101rpstas bl\u012bvju darba virsmas var b\u016bt no sekojo\u0161iem materi\u0101liem: keramikas, oglek\u013ca, sil\u012bcija karb\u012bda vai volframa karb\u012bda.<br>Bl\u012bv\u0113s tiek izmantoti elastom\u0113ri un plastikas deta\u013cas no sekojo\u0161iem materi\u0101liem: EPDM, NBR, FPM (vitons) vai \u0137\u012bmiski iztur\u012bgi PTFE, FEP vai PFA o-gredzeni.<br>Bl\u012bvju materi\u0101lu izv\u0113le ir atkar\u012bga no s\u016bkn\u0113jamo \u0161\u0137idrumu \u012bpatn\u012bb\u0101m, \u0161\u0137idrumu temperat\u016br\u0101m un darba spiedieniem.<\/p>\n\n\n\n<div style=\"height:30px\" aria-hidden=\"true\" class=\"wp-block-spacer\"><\/div>\n\n\n\n<div class=\"wp-block-group is-layout-grid wp-container-core-group-is-layout-6be84c55 wp-block-group-is-layout-grid\">\n<div class=\"wp-block-group is-content-justification-left is-layout-constrained wp-container-core-group-is-layout-8c890d92 wp-block-group-is-layout-constrained\">\n<figure class=\"wp-block-image aligncenter size-full\"><img loading=\"lazy\" decoding=\"async\" width=\"283\" height=\"187\" src=\"https:\/\/www.tektrade.ee\/lv\/wp-content\/uploads\/sites\/6\/2025\/08\/ResizedImage283187-Keerdvedruga-vollitihend.jpg\" alt=\"\" class=\"wp-image-2479\"\/><figcaption class=\"wp-element-caption\">V\u0101rpstas bl\u012bve ar spir\u0101lveida atsperi<br><\/figcaption><\/figure>\n<\/div>\n\n\n\n<div class=\"wp-block-group is-layout-constrained wp-block-group-is-layout-constrained\">\n<figure class=\"wp-block-image aligncenter size-full\"><img loading=\"lazy\" decoding=\"async\" width=\"180\" height=\"185\" src=\"https:\/\/www.tektrade.ee\/lv\/wp-content\/uploads\/sites\/6\/2025\/08\/ResizedImage180185-Lainelise-vedruga-vollitihend.jpg\" alt=\"\" class=\"wp-image-2480\"\/><figcaption class=\"wp-element-caption\">V\u0101rpstas bl\u012bve ar vi\u013c\u0146veida atsperi<br><\/figcaption><\/figure>\n<\/div>\n\n\n\n<div class=\"wp-block-group is-layout-constrained wp-block-group-is-layout-constrained\">\n<figure class=\"wp-block-image aligncenter size-full\"><img loading=\"lazy\" decoding=\"async\" width=\"164\" height=\"184\" src=\"https:\/\/www.tektrade.ee\/lv\/wp-content\/uploads\/sites\/6\/2025\/08\/ResizedImage164184-Kassett-tihend.jpg\" alt=\"\" class=\"wp-image-2481\"\/><figcaption class=\"wp-element-caption\">Kase\u0161u bl\u012bve<br><\/figcaption><\/figure>\n<\/div>\n<\/div>\n\n\n\n<div style=\"height:30px\" aria-hidden=\"true\" class=\"wp-block-spacer\"><\/div>\n\n\n\n<div class=\"wp-block-file\"><a id=\"wp-block-file--media-8b8384da-d810-4e73-a97b-0f8b94d6abdc\" href=\"https:\/\/www.tektrade.ee\/lv\/wp-content\/uploads\/sites\/6\/2025\/08\/VULCAN-kataloog-Mehaanilised-tihendid.pdf\" target=\"_blank\" rel=\"noreferrer noopener\">VULCAN\u00ae katalogs \u2013 meh\u0101nisk\u0101s v\u0101rpstas bl\u012bves<\/a><\/div>\n\n\n\n<div class=\"wp-block-file\"><a id=\"wp-block-file--media-e7ef9620-9153-45a7-ba30-a9dd92a5f2ac\" href=\"https:\/\/www.tektrade.ee\/lv\/wp-content\/uploads\/sites\/6\/2025\/08\/ANGA-Mechanical-Seals_catalogue_ENG_2015-.pdf\" target=\"_blank\" rel=\"noreferrer noopener\">ANGA katalogs &#8211; meh\u0101nisk\u0101s bl\u012bves<\/a><\/div>\n\n\n\n<p>Papildus kase\u0161u bl\u012bv\u0113m varam pied\u0101v\u0101t ar\u012b pal\u012bgier\u012bci, kas var b\u016bt vai ar spiediena funkciju, vai ar dzes\u0113\u0161anas funkciju, vai ar abu funkciju.<\/p>\n\n\n\n<p>Lai sasniegtu meh\u0101nisk\u0101s bl\u012bves augst\u0101ku darbsp\u0113ju, bl\u012bves darba vid\u0113 tiek izmantota pal\u012bgsist\u0113ma vai iek\u0101rta, kas savuk\u0101rt \u013cauj atkl\u0101t bl\u012bvju boj\u0101jumus un sekot l\u012bdzi sist\u0113mai.<\/p>\n\n\n\n<p>Papildu sist\u0113ma var balst\u012bties uz vair\u0101kiem komponentiem un to var izv\u0113l\u0113ties atbilsto\u0161i bl\u012bves darba nosac\u012bjumiem un gal\u012bg\u0101 lietot\u0101ja pras\u012bb\u0101m. Piem\u0113ram, ja s\u016bkn\u0113jam\u0101 \u0161\u0137idrum\u0101 ir iev\u0113rojams daudzums pies\u0101r\u0146ojuma vielas, tad var ieteikt filtru\/atdal\u012bt\u0101ju, lai nepie\u013cautu pies\u0101r\u0146ojuma vielas uzkr\u0101\u0161anos uz bl\u012bves virsm\u0101m. Ja s\u016bkn\u0113jamam produktam ir augsta temperat\u016bra, tad ieteicams pievienot dzes\u0113\u0161anas sist\u0113mu, lai mazin\u0101tu siltuma zudumu bl\u012bvei. Papildus var izv\u0113l\u0113ties ar\u012b monitoringu, kas apr\u0113\u0137ina nopl\u016bdu\u0161\u0101 produkta daudzumu vai boj\u0101jumu apm\u0113ru bl\u012bves darb\u012bb\u0101. Ar monitoringa pal\u012bdz\u012bbu var nov\u0113rot bl\u012bves st\u0101vokli un t\u0101d\u0113j\u0101di izvair\u012bties no nepl\u0101notas d\u012bkst\u0101ves.<\/p>\n\n\n\n<div style=\"height:30px\" aria-hidden=\"true\" class=\"wp-block-spacer\"><\/div>\n\n\n\n<div class=\"wp-block-group is-nowrap is-layout-flex wp-container-core-group-is-layout-ad2f72ca wp-block-group-is-layout-flex\">\n<figure class=\"wp-block-image size-full\"><img loading=\"lazy\" decoding=\"async\" width=\"320\" height=\"240\" src=\"https:\/\/www.tektrade.ee\/lv\/wp-content\/uploads\/sites\/6\/2025\/08\/ResizedImage320240-Abiseade-kassett-tihendile.jpg\" alt=\"\" class=\"wp-image-2489\" srcset=\"https:\/\/www.tektrade.ee\/lv\/wp-content\/uploads\/sites\/6\/2025\/08\/ResizedImage320240-Abiseade-kassett-tihendile.jpg 320w, https:\/\/www.tektrade.ee\/lv\/wp-content\/uploads\/sites\/6\/2025\/08\/ResizedImage320240-Abiseade-kassett-tihendile-300x225.jpg 300w\" sizes=\"auto, (max-width: 320px) 100vw, 320px\" \/><figcaption class=\"wp-element-caption\">Pal\u012bgier\u012bces kase\u0161u bl\u012bvei<br><\/figcaption><\/figure>\n<\/div>\n\n\n\n<p>Kase\u0161u bl\u012bv\u0113m pied\u0101v\u0101jam ar\u012b apkopes pakalpojumu un meh\u0101nisko dilsto\u0161o da\u013cu remontu to izgatavot\u0101ju ra\u017eotn\u0113s.<\/p>\n\n\n\n<div class=\"wp-block-file\"><a id=\"wp-block-file--media-f9a00fde-8059-47ce-bd48-877a8dba1e2a\" href=\"https:\/\/www.tektrade.ee\/lv\/wp-content\/uploads\/sites\/6\/2025\/08\/K-INFO-EN-form1.pdf\" target=\"_blank\" rel=\"noreferrer noopener\">ANGA piepras\u012bjumu lapa<\/a><\/div>\n\n\n\n<p><\/p>\n","protected":false},"featured_media":0,"parent":2278,"menu_order":14,"template":"","class_list":["post-2280","product","type-product","status-publish","hentry"],"acf":[],"_links":{"self":[{"href":"https:\/\/www.tektrade.ee\/lv\/wp-json\/wp\/v2\/product\/2280","targetHints":{"allow":["GET"]}}],"collection":[{"href":"https:\/\/www.tektrade.ee\/lv\/wp-json\/wp\/v2\/product"}],"about":[{"href":"https:\/\/www.tektrade.ee\/lv\/wp-json\/wp\/v2\/types\/product"}],"version-history":[{"count":9,"href":"https:\/\/www.tektrade.ee\/lv\/wp-json\/wp\/v2\/product\/2280\/revisions"}],"predecessor-version":[{"id":3229,"href":"https:\/\/www.tektrade.ee\/lv\/wp-json\/wp\/v2\/product\/2280\/revisions\/3229"}],"up":[{"embeddable":true,"href":"https:\/\/www.tektrade.ee\/lv\/wp-json\/wp\/v2\/product\/2278"}],"wp:attachment":[{"href":"https:\/\/www.tektrade.ee\/lv\/wp-json\/wp\/v2\/media?parent=2280"}],"curies":[{"name":"wp","href":"https:\/\/api.w.org\/{rel}","templated":true}]}}