{"id":2278,"date":"2025-08-12T23:15:06","date_gmt":"2025-08-12T20:15:06","guid":{"rendered":"https:\/\/www.tektrade.ee\/lv\/?post_type=product&#038;p=2278"},"modified":"2025-08-18T20:13:21","modified_gmt":"2025-08-18T17:13:21","slug":"varpstu-un-suknu-blives","status":"publish","type":"product","link":"https:\/\/www.tektrade.ee\/lv\/preces\/blives-un-blivejuma-materiali\/varpstu-un-suknu-blives\/","title":{"rendered":"V\u0101rpstu un s\u016bk\u0146u bl\u012bves"},"content":{"rendered":"","protected":false},"featured_media":0,"parent":2252,"menu_order":13,"template":"","class_list":["post-2278","product","type-product","status-publish","hentry"],"acf":[],"_links":{"self":[{"href":"https:\/\/www.tektrade.ee\/lv\/wp-json\/wp\/v2\/product\/2278","targetHints":{"allow":["GET"]}}],"collection":[{"href":"https:\/\/www.tektrade.ee\/lv\/wp-json\/wp\/v2\/product"}],"about":[{"href":"https:\/\/www.tektrade.ee\/lv\/wp-json\/wp\/v2\/types\/product"}],"version-history":[{"count":2,"href":"https:\/\/www.tektrade.ee\/lv\/wp-json\/wp\/v2\/product\/2278\/revisions"}],"predecessor-version":[{"id":3089,"href":"https:\/\/www.tektrade.ee\/lv\/wp-json\/wp\/v2\/product\/2278\/revisions\/3089"}],"up":[{"embeddable":true,"href":"https:\/\/www.tektrade.ee\/lv\/wp-json\/wp\/v2\/product\/2252"}],"wp:attachment":[{"href":"https:\/\/www.tektrade.ee\/lv\/wp-json\/wp\/v2\/media?parent=2278"}],"curies":[{"name":"wp","href":"https:\/\/api.w.org\/{rel}","templated":true}]}}