{"id":2276,"date":"2025-08-12T23:14:39","date_gmt":"2025-08-12T20:14:39","guid":{"rendered":"https:\/\/www.tektrade.ee\/lv\/?post_type=product&#038;p=2276"},"modified":"2025-08-18T20:13:03","modified_gmt":"2025-08-18T17:13:03","slug":"blivju-izgatavosana","status":"publish","type":"product","link":"https:\/\/www.tektrade.ee\/lv\/preces\/blives-un-blivejuma-materiali\/atloku-blives-un-blivejuma-materiali\/blivju-izgatavosana\/","title":{"rendered":"Bl\u012bvju izgatavo\u0161ana"},"content":{"rendered":"\n<div class=\"wp-block-group is-nowrap is-layout-flex wp-container-core-group-is-layout-64989fb1 wp-block-group-is-layout-flex\">\n<div class=\"wp-block-group is-layout-constrained wp-block-group-is-layout-constrained\">\n<p>Atbilsto\u0161i klienta v\u0113lm\u0113m izgatavojam da\u017e\u0101das atloku bl\u012bves.&nbsp;Papildus bl\u012bvju izgatavo\u0161anai pied\u0101v\u0101jam ar roku darbin\u0101mas grie\u0161anas iek\u0101rtas ar meh\u0101nisko vai elektrisko dzin\u0113ju.<\/p>\n<\/div>\n\n\n\n<div class=\"wp-block-group is-layout-flow wp-block-group-is-layout-flow\">\n<figure class=\"wp-block-image size-full is-resized wp-container-content-69bc4bdf\"><img loading=\"lazy\" decoding=\"async\" width=\"215\" height=\"161\" src=\"https:\/\/www.tektrade.ee\/lv\/wp-content\/uploads\/sites\/6\/2025\/08\/ResizedImage215161-IMG-1212.jpg\" alt=\"\" class=\"wp-image-2475\" style=\"aspect-ratio:4\/3;object-fit:cover;width:300px\"\/><figcaption class=\"wp-element-caption\">Grieztas atloku bl\u012bves<br><\/figcaption><\/figure>\n<\/div>\n<\/div>\n","protected":false},"featured_media":0,"parent":2254,"menu_order":12,"template":"","class_list":["post-2276","product","type-product","status-publish","hentry"],"acf":[],"_links":{"self":[{"href":"https:\/\/www.tektrade.ee\/lv\/wp-json\/wp\/v2\/product\/2276","targetHints":{"allow":["GET"]}}],"collection":[{"href":"https:\/\/www.tektrade.ee\/lv\/wp-json\/wp\/v2\/product"}],"about":[{"href":"https:\/\/www.tektrade.ee\/lv\/wp-json\/wp\/v2\/types\/product"}],"version-history":[{"count":5,"href":"https:\/\/www.tektrade.ee\/lv\/wp-json\/wp\/v2\/product\/2276\/revisions"}],"predecessor-version":[{"id":3088,"href":"https:\/\/www.tektrade.ee\/lv\/wp-json\/wp\/v2\/product\/2276\/revisions\/3088"}],"up":[{"embeddable":true,"href":"https:\/\/www.tektrade.ee\/lv\/wp-json\/wp\/v2\/product\/2254"}],"wp:attachment":[{"href":"https:\/\/www.tektrade.ee\/lv\/wp-json\/wp\/v2\/media?parent=2276"}],"curies":[{"name":"wp","href":"https:\/\/api.w.org\/{rel}","templated":true}]}}