{"id":2274,"date":"2025-08-12T23:14:28","date_gmt":"2025-08-12T20:14:28","guid":{"rendered":"https:\/\/www.tektrade.ee\/lv\/?post_type=product&#038;p=2274"},"modified":"2025-08-29T16:11:45","modified_gmt":"2025-08-29T13:11:45","slug":"tehniskie-filci","status":"publish","type":"product","link":"https:\/\/www.tektrade.ee\/lv\/preces\/blives-un-blivejuma-materiali\/atloku-blives-un-blivejuma-materiali\/tehniskie-filci\/","title":{"rendered":"Tehniskie filci"},"content":{"rendered":"\n<div class=\"wp-block-group is-nowrap is-layout-flex wp-container-core-group-is-layout-ad2f72ca wp-block-group-is-layout-flex\">\n<div class=\"wp-block-group is-layout-constrained wp-block-group-is-layout-constrained\">\n<figure class=\"wp-block-image alignleft size-full\"><img loading=\"lazy\" decoding=\"async\" width=\"300\" height=\"200\" src=\"https:\/\/www.tektrade.ee\/lv\/wp-content\/uploads\/sites\/6\/2025\/08\/Tehniline-vilt.jpg\" alt=\"\" class=\"wp-image-2472\" \/><figcaption class=\"wp-element-caption\">Tehnilised vildid<br><\/figcaption><\/figure>\n<\/div>\n<\/div>\n\n\n\n<div style=\"height:30px\" aria-hidden=\"true\" class=\"wp-block-spacer\"><\/div>\n\n\n\n<p>\u201cTekTrade Baltic\u201d pre\u010du sortiment\u0101 ir dab\u012bg\u0101s vilnas un ar\u012b sint\u0113tisk\u0101s \u0161\u0137iedras tehniskie filci. Filca materi\u0101li ir pieejami ar da\u017e\u0101du bl\u012bvumu un biezumu.<\/p>\n\n\n\n<p>Izmanto\u0161anas vietas:&nbsp;<\/p>\n\n\n\n<ul class=\"wp-block-list\">\n<li>ma\u0161\u012bnb\u016bve<\/li>\n\n\n\n<li>elektr\u012bbas un elektronikas ra\u017eo\u0161ana<\/li>\n\n\n\n<li>stikla, pap\u012bra un keramikas ra\u017eo\u0161ana<\/li>\n\n\n\n<li>siltuma tehnolo\u0123ija<\/li>\n\n\n\n<li>t\u0113rauda ra\u017eo\u0161ana<\/li>\n\n\n\n<li>m\u0113be\u013cu ra\u017eo\u0161ana<\/li>\n<\/ul>\n\n\n\n<p>Noliktav\u0101 glab\u0101jam:<\/p>\n\n\n\n<ul class=\"wp-block-list\">\n<li>Dab\u012bg\u0101s vilnas filcu ar biezumiem 3 mm, 5 mm, 6 mm, 8 mm, 10 mm, 15 mm un 20 mm; platums 1500 mm; bl\u012bvums 0,42 g\/cm\u00b3; kr\u0101sa \u2013 balta.<\/li>\n\n\n\n<li>PES sint\u0113tisko \u0161\u0137iedru filcu ar biezumiem 3 mm, 5 mm un 10 mm; platumi 2000 mm un 1700 mm; bl\u012bvums 0,25 g\/cm\u00b3; kr\u0101sa \u2013 balta.<br><br>Izstr\u0101d\u0101jumi un deta\u013cas, kas izgatavotas no filca, pieejami p\u0113c pas\u016bt\u012bjuma.<\/li>\n<\/ul>\n","protected":false},"featured_media":0,"parent":2254,"menu_order":11,"template":"","class_list":["post-2274","product","type-product","status-publish","hentry"],"acf":[],"_links":{"self":[{"href":"https:\/\/www.tektrade.ee\/lv\/wp-json\/wp\/v2\/product\/2274","targetHints":{"allow":["GET"]}}],"collection":[{"href":"https:\/\/www.tektrade.ee\/lv\/wp-json\/wp\/v2\/product"}],"about":[{"href":"https:\/\/www.tektrade.ee\/lv\/wp-json\/wp\/v2\/types\/product"}],"version-history":[{"count":6,"href":"https:\/\/www.tektrade.ee\/lv\/wp-json\/wp\/v2\/product\/2274\/revisions"}],"predecessor-version":[{"id":3238,"href":"https:\/\/www.tektrade.ee\/lv\/wp-json\/wp\/v2\/product\/2274\/revisions\/3238"}],"up":[{"embeddable":true,"href":"https:\/\/www.tektrade.ee\/lv\/wp-json\/wp\/v2\/product\/2254"}],"wp:attachment":[{"href":"https:\/\/www.tektrade.ee\/lv\/wp-json\/wp\/v2\/media?parent=2274"}],"curies":[{"name":"wp","href":"https:\/\/api.w.org\/{rel}","templated":true}]}}