{"id":2272,"date":"2025-08-12T23:14:18","date_gmt":"2025-08-12T20:14:18","guid":{"rendered":"https:\/\/www.tektrade.ee\/lv\/?post_type=product&#038;p=2272"},"modified":"2025-08-18T20:12:25","modified_gmt":"2025-08-18T17:12:25","slug":"siltummainu-blives","status":"publish","type":"product","link":"https:\/\/www.tektrade.ee\/lv\/preces\/blives-un-blivejuma-materiali\/atloku-blives-un-blivejuma-materiali\/siltummainu-blives\/","title":{"rendered":"Siltummai\u0146u bl\u012bves"},"content":{"rendered":"\n<p>\u201cTekTrade Baltic\u201d pre\u010du sortiment\u0101 ir bl\u012bves attais\u0101majiem siltummai\u0146iem.<\/p>\n\n\n\n<p>Cauru\u013cu un bloka tipa siltummai\u0146iem:<\/p>\n\n\n\n<ul class=\"wp-block-list\">\n<li>bl\u012bves starp korpusa da\u013c\u0101m; pieejami no da\u017e\u0101diem materi\u0101liem: met\u0101la, azbestu nesaturo\u0161as bl\u012bv\u0113jam\u0101s papes utt.;<\/li>\n\n\n\n<li>v\u0101ka bl\u012bves no met\u0101la starp gala v\u0101ku un korpusu: spir\u0101lveida bl\u012bves, kombin\u0113ta profila bl\u012bves vai apvalku bl\u012bves\u00a0 (izgatavotas saska\u0146\u0101 ar bl\u012bves skici);<\/li>\n\n\n\n<li>atloku bl\u012bves cauru\u013cu savienojumiem.<\/li>\n<\/ul>\n\n\n\n<p>Gumijas gredzenveida un profila bl\u012bves pl\u0101k\u0161\u0146u tipa siltummai\u0146iem:<\/p>\n\n\n\n<ul class=\"wp-block-list\">\n<li>bl\u012bvsl\u0113gi;<\/li>\n\n\n\n<li>bl\u012bves starp pl\u0101ksn\u0113m (k\u0101 l\u012bm\u0113jo\u0161\u0101s, t\u0101 ar \u201eclip\u201d savienojumu).<\/li>\n<\/ul>\n\n\n\n<p>Pieejamas bl\u012bves da\u017e\u0101du ra\u017eot\u0101ju pl\u0101k\u0161\u0146u tipa siltummai\u0146iem.<\/p>\n\n\n\n<div style=\"height:30px\" aria-hidden=\"true\" class=\"wp-block-spacer\"><\/div>\n\n\n\n<div class=\"wp-block-file\"><a id=\"wp-block-file--media-035dedc7-3309-46cb-b06a-65241ee16ebf\" href=\"https:\/\/www.tektrade.ee\/lv\/wp-content\/uploads\/sites\/6\/2025\/08\/Heat-Exchanger-gaskets.pdf\" target=\"_blank\" rel=\"noreferrer noopener\">Produktu katalogs<\/a><\/div>\n\n\n\n<p><\/p>\n","protected":false},"featured_media":0,"parent":2254,"menu_order":10,"template":"","class_list":["post-2272","product","type-product","status-publish","hentry"],"acf":[],"_links":{"self":[{"href":"https:\/\/www.tektrade.ee\/lv\/wp-json\/wp\/v2\/product\/2272","targetHints":{"allow":["GET"]}}],"collection":[{"href":"https:\/\/www.tektrade.ee\/lv\/wp-json\/wp\/v2\/product"}],"about":[{"href":"https:\/\/www.tektrade.ee\/lv\/wp-json\/wp\/v2\/types\/product"}],"version-history":[{"count":3,"href":"https:\/\/www.tektrade.ee\/lv\/wp-json\/wp\/v2\/product\/2272\/revisions"}],"predecessor-version":[{"id":3086,"href":"https:\/\/www.tektrade.ee\/lv\/wp-json\/wp\/v2\/product\/2272\/revisions\/3086"}],"up":[{"embeddable":true,"href":"https:\/\/www.tektrade.ee\/lv\/wp-json\/wp\/v2\/product\/2254"}],"wp:attachment":[{"href":"https:\/\/www.tektrade.ee\/lv\/wp-json\/wp\/v2\/media?parent=2272"}],"curies":[{"name":"wp","href":"https:\/\/api.w.org\/{rel}","templated":true}]}}