{"id":2270,"date":"2025-08-12T23:14:06","date_gmt":"2025-08-12T20:14:06","guid":{"rendered":"https:\/\/www.tektrade.ee\/lv\/?post_type=product&#038;p=2270"},"modified":"2025-08-18T20:11:49","modified_gmt":"2025-08-18T17:11:49","slug":"blivejamas-lentas","status":"publish","type":"product","link":"https:\/\/www.tektrade.ee\/lv\/preces\/blives-un-blivejuma-materiali\/atloku-blives-un-blivejuma-materiali\/blivejamas-lentas\/","title":{"rendered":"Bl\u012bv\u0113jam\u0101s lentas"},"content":{"rendered":"\n<p>Bl\u012bv\u0113jam\u0101s lentas ar pa\u0161l\u012bm\u0113jo\u0161os virsmu bie\u017ei izmanto liela kalibra atloku un p\u0101rsegu bl\u012bv\u0113\u0161anai.<br>Uzglab\u0101jam izplesta PTFE lentas, karstumiztur\u012bgas stikla \u0161\u0137iedras\/keramisk\u0101s \u0161\u0137iedras lentas un p\u012bt\u0101s bl\u012bv\u0113jam\u0101s lentas no elast\u012bga graf\u012bta.<\/p>\n\n\n\n<div class=\"wp-block-group is-layout-grid wp-container-core-group-is-layout-baef362d wp-block-group-is-layout-grid\">\n<div class=\"wp-block-group is-content-justification-left is-layout-constrained wp-container-core-group-is-layout-8c890d92 wp-block-group-is-layout-constrained\">\n<figure class=\"wp-block-image aligncenter size-full\"><img loading=\"lazy\" decoding=\"async\" width=\"300\" height=\"225\" src=\"https:\/\/www.tektrade.ee\/lv\/wp-content\/uploads\/sites\/6\/2025\/08\/ResizedImage300225-tihenduspaelad.jpg\" alt=\"\" class=\"wp-image-2466\"\/><figcaption class=\"wp-element-caption\">Karstumiztur\u012bgas lentas<br><\/figcaption><\/figure>\n<\/div>\n\n\n\n<div class=\"wp-block-group is-layout-constrained wp-block-group-is-layout-constrained\">\n<figure class=\"wp-block-image aligncenter size-full\"><img loading=\"lazy\" decoding=\"async\" width=\"300\" height=\"225\" src=\"https:\/\/www.tektrade.ee\/lv\/wp-content\/uploads\/sites\/6\/2025\/08\/ResizedImage300225-tihenduspaelad2.jpg\" alt=\"\" class=\"wp-image-2467\"\/><figcaption class=\"wp-element-caption\">Bl\u012bv\u0113jam\u0101s lentas no PTFE un graf\u012bta<br><\/figcaption><\/figure>\n<\/div>\n<\/div>\n\n\n\n<p><\/p>\n","protected":false},"featured_media":0,"parent":2254,"menu_order":9,"template":"","class_list":["post-2270","product","type-product","status-publish","hentry"],"acf":[],"_links":{"self":[{"href":"https:\/\/www.tektrade.ee\/lv\/wp-json\/wp\/v2\/product\/2270","targetHints":{"allow":["GET"]}}],"collection":[{"href":"https:\/\/www.tektrade.ee\/lv\/wp-json\/wp\/v2\/product"}],"about":[{"href":"https:\/\/www.tektrade.ee\/lv\/wp-json\/wp\/v2\/types\/product"}],"version-history":[{"count":5,"href":"https:\/\/www.tektrade.ee\/lv\/wp-json\/wp\/v2\/product\/2270\/revisions"}],"predecessor-version":[{"id":3085,"href":"https:\/\/www.tektrade.ee\/lv\/wp-json\/wp\/v2\/product\/2270\/revisions\/3085"}],"up":[{"embeddable":true,"href":"https:\/\/www.tektrade.ee\/lv\/wp-json\/wp\/v2\/product\/2254"}],"wp:attachment":[{"href":"https:\/\/www.tektrade.ee\/lv\/wp-json\/wp\/v2\/media?parent=2270"}],"curies":[{"name":"wp","href":"https:\/\/api.w.org\/{rel}","templated":true}]}}