{"id":2268,"date":"2025-08-12T23:13:55","date_gmt":"2025-08-12T20:13:55","guid":{"rendered":"https:\/\/www.tektrade.ee\/lv\/?post_type=product&#038;p=2268"},"modified":"2025-08-18T20:11:20","modified_gmt":"2025-08-18T17:11:20","slug":"atloku-izolacija","status":"publish","type":"product","link":"https:\/\/www.tektrade.ee\/lv\/preces\/blives-un-blivejuma-materiali\/atloku-blives-un-blivejuma-materiali\/atloku-izolacija\/","title":{"rendered":"Atloku izol\u0101cija"},"content":{"rendered":"\n<p>Izstr\u0101d\u0101jumi, kas paredz\u0113ti atloku izol\u0101cijai, izgatavoti no kvalitat\u012bviem fenoliem sve\u0137u materi\u0101liem. Izstr\u0101d\u0101jumu komplekt\u0101 iek\u013cautas izol\u0101cijas atloku bl\u012bves, izol\u0101cijas papl\u0101ksne un izol\u0101cijas \u010daula. Bl\u012bv\u0113\u0161anas\/izol\u0101cijas metode nodro\u0161ina bl\u012bves uzticamu ekspluat\u0101ciju un piln\u012bgu elektroizol\u0101ciju.<br>Izstr\u0101d\u0101jumi ir pieejami gan komplekt\u0101, gan ar\u012b pas\u016bt\u0101mi atsevi\u0161\u0137i.\u00a0<\/p>\n\n\n\n<div style=\"height:30px\" aria-hidden=\"true\" class=\"wp-block-spacer\"><\/div>\n\n\n\n<div class=\"wp-block-group is-layout-grid wp-container-core-group-is-layout-6be84c55 wp-block-group-is-layout-grid\">\n<div class=\"wp-block-group is-content-justification-left is-layout-constrained wp-container-core-group-is-layout-8c890d92 wp-block-group-is-layout-constrained\">\n<figure class=\"wp-block-image aligncenter size-full\"><img loading=\"lazy\" decoding=\"async\" width=\"200\" height=\"200\" src=\"https:\/\/www.tektrade.ee\/lv\/wp-content\/uploads\/sites\/6\/2025\/08\/ResizedImage200200-Isoleeraeaerikutihendikomplekt.jpg\" alt=\"\" class=\"wp-image-2458\" srcset=\"https:\/\/www.tektrade.ee\/lv\/wp-content\/uploads\/sites\/6\/2025\/08\/ResizedImage200200-Isoleeraeaerikutihendikomplekt.jpg 200w, https:\/\/www.tektrade.ee\/lv\/wp-content\/uploads\/sites\/6\/2025\/08\/ResizedImage200200-Isoleeraeaerikutihendikomplekt-150x150.jpg 150w, https:\/\/www.tektrade.ee\/lv\/wp-content\/uploads\/sites\/6\/2025\/08\/ResizedImage200200-Isoleeraeaerikutihendikomplekt-100x100.jpg 100w\" sizes=\"auto, (max-width: 200px) 100vw, 200px\" \/><figcaption class=\"wp-element-caption\">Izol\u0101cijas atloku bl\u012bvju komplekts<br><\/figcaption><\/figure>\n<\/div>\n\n\n\n<div class=\"wp-block-group is-layout-constrained wp-block-group-is-layout-constrained\">\n<figure class=\"wp-block-image aligncenter size-full\"><img loading=\"lazy\" decoding=\"async\" width=\"201\" height=\"150\" src=\"https:\/\/www.tektrade.ee\/lv\/wp-content\/uploads\/sites\/6\/2025\/08\/ResizedImage201150-Isoleeraeaerikutihendikomplekt-paigaldus.jpg\" alt=\"\" class=\"wp-image-2459\"\/><figcaption class=\"wp-element-caption\">Izol\u0101cijas atloku bl\u012bvju komplekta uzst\u0101d\u012b\u0161ana<br><\/figcaption><\/figure>\n<\/div>\n\n\n\n<div class=\"wp-block-group is-layout-constrained wp-block-group-is-layout-constrained\">\n<figure class=\"wp-block-image size-full\"><img loading=\"lazy\" decoding=\"async\" width=\"200\" height=\"200\" src=\"https:\/\/www.tektrade.ee\/lv\/wp-content\/uploads\/sites\/6\/2025\/08\/ResizedImage200200-Isoleeraeaerikutihend-laebiloige.jpg\" alt=\"\" class=\"wp-image-2460\" srcset=\"https:\/\/www.tektrade.ee\/lv\/wp-content\/uploads\/sites\/6\/2025\/08\/ResizedImage200200-Isoleeraeaerikutihend-laebiloige.jpg 200w, https:\/\/www.tektrade.ee\/lv\/wp-content\/uploads\/sites\/6\/2025\/08\/ResizedImage200200-Isoleeraeaerikutihend-laebiloige-150x150.jpg 150w, https:\/\/www.tektrade.ee\/lv\/wp-content\/uploads\/sites\/6\/2025\/08\/ResizedImage200200-Isoleeraeaerikutihend-laebiloige-100x100.jpg 100w\" sizes=\"auto, (max-width: 200px) 100vw, 200px\" \/><figcaption class=\"wp-element-caption\">Izol\u0101cijas atloku bl\u012bves griezums<br><\/figcaption><\/figure>\n<\/div>\n<\/div>\n","protected":false},"featured_media":0,"parent":2254,"menu_order":8,"template":"","class_list":["post-2268","product","type-product","status-publish","hentry"],"acf":[],"_links":{"self":[{"href":"https:\/\/www.tektrade.ee\/lv\/wp-json\/wp\/v2\/product\/2268","targetHints":{"allow":["GET"]}}],"collection":[{"href":"https:\/\/www.tektrade.ee\/lv\/wp-json\/wp\/v2\/product"}],"about":[{"href":"https:\/\/www.tektrade.ee\/lv\/wp-json\/wp\/v2\/types\/product"}],"version-history":[{"count":8,"href":"https:\/\/www.tektrade.ee\/lv\/wp-json\/wp\/v2\/product\/2268\/revisions"}],"predecessor-version":[{"id":3084,"href":"https:\/\/www.tektrade.ee\/lv\/wp-json\/wp\/v2\/product\/2268\/revisions\/3084"}],"up":[{"embeddable":true,"href":"https:\/\/www.tektrade.ee\/lv\/wp-json\/wp\/v2\/product\/2254"}],"wp:attachment":[{"href":"https:\/\/www.tektrade.ee\/lv\/wp-json\/wp\/v2\/media?parent=2268"}],"curies":[{"name":"wp","href":"https:\/\/api.w.org\/{rel}","templated":true}]}}