{"id":2266,"date":"2025-08-12T23:13:41","date_gmt":"2025-08-12T20:13:41","guid":{"rendered":"https:\/\/www.tektrade.ee\/lv\/?post_type=product&#038;p=2266"},"modified":"2025-08-18T20:11:59","modified_gmt":"2025-08-18T17:11:59","slug":"gumijas-terauda-chevron-blives-tips-wd","status":"publish","type":"product","link":"https:\/\/www.tektrade.ee\/lv\/preces\/blives-un-blivejuma-materiali\/atloku-blives-un-blivejuma-materiali\/gumijas-terauda-chevron-blives-tips-wd\/","title":{"rendered":"Gumijas\/t\u0113rauda Chevron bl\u012bves \u2013 tips WD"},"content":{"rendered":"\n<p>Bl\u012bve sast\u0101v no diviem diskiem ar 4\u00b0&nbsp;virsmas sl\u012bpumu, kuri tiek sav\u0101 starp\u0101 savienoti ar \u201emamma-t\u0113tis\u201d tipa savienojumu. \u0160\u0101ds risin\u0101jums bl\u012bves \u013cauj savienot l\u012bdz apm\u0113ram 8\u00b0&nbsp;le\u0146\u0137im. P\u0113c disku savieno\u0161anas tiek pan\u0101kts videi dro\u0161s savienojums. Standarta materi\u0101ls ir EPDM gumija, lai gan speci\u0101li var pas\u016bt\u012bt ar\u012b no FPM vai silikona gumijas. Izm\u0113ru interv\u0101ls: DN32-DN500.&nbsp;<\/p>\n\n\n\n<div class=\"wp-block-group is-layout-grid wp-container-core-group-is-layout-baef362d wp-block-group-is-layout-grid\">\n<div class=\"wp-block-group is-content-justification-left is-layout-constrained wp-container-core-group-is-layout-8c890d92 wp-block-group-is-layout-constrained\">\n<figure class=\"wp-block-image aligncenter size-full\"><img loading=\"lazy\" decoding=\"async\" width=\"200\" height=\"200\" src=\"https:\/\/www.tektrade.ee\/lv\/wp-content\/uploads\/sites\/6\/2025\/08\/ResizedImage200200-WD-tihend.jpg\" alt=\"\" class=\"wp-image-2453\" srcset=\"https:\/\/www.tektrade.ee\/lv\/wp-content\/uploads\/sites\/6\/2025\/08\/ResizedImage200200-WD-tihend.jpg 200w, https:\/\/www.tektrade.ee\/lv\/wp-content\/uploads\/sites\/6\/2025\/08\/ResizedImage200200-WD-tihend-150x150.jpg 150w, https:\/\/www.tektrade.ee\/lv\/wp-content\/uploads\/sites\/6\/2025\/08\/ResizedImage200200-WD-tihend-100x100.jpg 100w\" sizes=\"auto, (max-width: 200px) 100vw, 200px\" \/><figcaption class=\"wp-element-caption\">WD bl\u012bve<br><\/figcaption><\/figure>\n<\/div>\n\n\n\n<div class=\"wp-block-group is-layout-constrained wp-block-group-is-layout-constrained\">\n<figure class=\"wp-block-image aligncenter size-full\"><img loading=\"lazy\" decoding=\"async\" width=\"200\" height=\"200\" src=\"https:\/\/www.tektrade.ee\/lv\/wp-content\/uploads\/sites\/6\/2025\/08\/ResizedImage200200-WD-tihend-paigas.jpg\" alt=\"\" class=\"wp-image-2454\" srcset=\"https:\/\/www.tektrade.ee\/lv\/wp-content\/uploads\/sites\/6\/2025\/08\/ResizedImage200200-WD-tihend-paigas.jpg 200w, https:\/\/www.tektrade.ee\/lv\/wp-content\/uploads\/sites\/6\/2025\/08\/ResizedImage200200-WD-tihend-paigas-150x150.jpg 150w, https:\/\/www.tektrade.ee\/lv\/wp-content\/uploads\/sites\/6\/2025\/08\/ResizedImage200200-WD-tihend-paigas-100x100.jpg 100w\" sizes=\"auto, (max-width: 200px) 100vw, 200px\" \/><figcaption class=\"wp-element-caption\">Uzst\u0101d\u012bta WD bl\u012bve<br><\/figcaption><\/figure>\n<\/div>\n<\/div>\n","protected":false},"featured_media":0,"parent":2254,"menu_order":7,"template":"","class_list":["post-2266","product","type-product","status-publish","hentry"],"acf":[],"_links":{"self":[{"href":"https:\/\/www.tektrade.ee\/lv\/wp-json\/wp\/v2\/product\/2266","targetHints":{"allow":["GET"]}}],"collection":[{"href":"https:\/\/www.tektrade.ee\/lv\/wp-json\/wp\/v2\/product"}],"about":[{"href":"https:\/\/www.tektrade.ee\/lv\/wp-json\/wp\/v2\/types\/product"}],"version-history":[{"count":6,"href":"https:\/\/www.tektrade.ee\/lv\/wp-json\/wp\/v2\/product\/2266\/revisions"}],"predecessor-version":[{"id":3083,"href":"https:\/\/www.tektrade.ee\/lv\/wp-json\/wp\/v2\/product\/2266\/revisions\/3083"}],"up":[{"embeddable":true,"href":"https:\/\/www.tektrade.ee\/lv\/wp-json\/wp\/v2\/product\/2254"}],"wp:attachment":[{"href":"https:\/\/www.tektrade.ee\/lv\/wp-json\/wp\/v2\/media?parent=2266"}],"curies":[{"name":"wp","href":"https:\/\/api.w.org\/{rel}","templated":true}]}}