{"id":2264,"date":"2025-08-12T23:13:29","date_gmt":"2025-08-12T20:13:29","guid":{"rendered":"https:\/\/www.tektrade.ee\/lv\/?post_type=product&#038;p=2264"},"modified":"2025-08-18T20:10:30","modified_gmt":"2025-08-18T17:10:30","slug":"epdm-un-nbr-gumijas-terauda-atloku-blives","status":"publish","type":"product","link":"https:\/\/www.tektrade.ee\/lv\/preces\/blives-un-blivejuma-materiali\/atloku-blives-un-blivejuma-materiali\/epdm-un-nbr-gumijas-terauda-atloku-blives\/","title":{"rendered":"EPDM un NBR gumijas\/t\u0113rauda atloku bl\u012bves"},"content":{"rendered":"\n<p>Metalltugevdusega kummist tihendid tagavad turvalise tsentreerimise ja ideaalse tihendamise.<br>Gumijas bl\u012bves ar met\u0101la stiprin\u0101jumu nodro\u0161ina dro\u0161u nocentr\u0113\u0161anu un ide\u0101lu nobl\u012bv\u0113\u0161anu.<br>Pieejams izm\u0113ros DN15-DN1200 un spiediena klas\u0113m PN6-PN40.&nbsp;<br>Priek\u0161roc\u012bbas:<\/p>\n\n\n\n<ul class=\"wp-block-list\">\n<li>griezes moments bultskr\u016bvju pievilk\u0161an\u0101 ir zems, nav nepiecie\u0161ama p\u0101rgrie\u0161ana;<\/li>\n\n\n\n<li>\u0161\u0101 tipa bl\u012bves piem\u0113rotas gan nob\u012bd\u012bju\u0161ies un emalj\u0113tiem atlokiem gan ar\u012b atlokiem ar boj\u0101tu virsmu, jo bultskr\u016bvju pievilk\u0161anas spiediens p\u0101r bl\u012bves virsmu ir izplat\u012bts vienm\u0113r\u012bgi.\u00a0<\/li>\n<\/ul>\n\n\n\n<p>Pateicoties savam profilam, piem\u0113rota k\u0101 alternat\u012bva O ri\u0146\u0137veida bl\u012bv\u0113m.&nbsp;<br>NBR gumijas bl\u012bves ir sertific\u0113tas, lai t\u0101s izmantotu DIN-DVGW g\u0101zesvadu bl\u012bv\u0113\u0161anai; EPDM gumijas bl\u012bves atbilst KTW D1\/D2 dzeram\u0101 \u016bdens standartam.<\/p>\n\n\n\n<div style=\"height:30px\" aria-hidden=\"true\" class=\"wp-block-spacer\"><\/div>\n\n\n\n<div class=\"wp-block-group is-layout-grid wp-container-core-group-is-layout-baef362d wp-block-group-is-layout-grid\">\n<div class=\"wp-block-group is-content-justification-center is-layout-constrained wp-block-group-is-layout-constrained\">\n<figure class=\"wp-block-image aligncenter size-full\"><img loading=\"lazy\" decoding=\"async\" width=\"179\" height=\"150\" src=\"https:\/\/www.tektrade.ee\/lv\/wp-content\/uploads\/sites\/6\/2025\/08\/ResizedImage179150-Gasket-1.jpg\" alt=\"\" class=\"wp-image-2448\"\/><figcaption class=\"wp-element-caption\">Gumijas\/t\u0113rauda atloka bl\u012bve<br><\/figcaption><\/figure>\n<\/div>\n\n\n\n<div class=\"wp-block-group is-layout-constrained wp-block-group-is-layout-constrained\">\n<figure class=\"wp-block-image aligncenter size-full\"><img loading=\"lazy\" decoding=\"async\" width=\"345\" height=\"150\" src=\"https:\/\/www.tektrade.ee\/lv\/wp-content\/uploads\/sites\/6\/2025\/08\/ResizedImage345150-Gasket-2.jpg\" alt=\"\" class=\"wp-image-2449\" srcset=\"https:\/\/www.tektrade.ee\/lv\/wp-content\/uploads\/sites\/6\/2025\/08\/ResizedImage345150-Gasket-2.jpg 345w, https:\/\/www.tektrade.ee\/lv\/wp-content\/uploads\/sites\/6\/2025\/08\/ResizedImage345150-Gasket-2-300x130.jpg 300w\" sizes=\"auto, (max-width: 345px) 100vw, 345px\" \/><figcaption class=\"wp-element-caption\">Bl\u012bv\u0113juma profils<br><\/figcaption><\/figure>\n<\/div>\n<\/div>\n","protected":false},"featured_media":0,"parent":2254,"menu_order":6,"template":"","class_list":["post-2264","product","type-product","status-publish","hentry"],"acf":[],"_links":{"self":[{"href":"https:\/\/www.tektrade.ee\/lv\/wp-json\/wp\/v2\/product\/2264","targetHints":{"allow":["GET"]}}],"collection":[{"href":"https:\/\/www.tektrade.ee\/lv\/wp-json\/wp\/v2\/product"}],"about":[{"href":"https:\/\/www.tektrade.ee\/lv\/wp-json\/wp\/v2\/types\/product"}],"version-history":[{"count":9,"href":"https:\/\/www.tektrade.ee\/lv\/wp-json\/wp\/v2\/product\/2264\/revisions"}],"predecessor-version":[{"id":3082,"href":"https:\/\/www.tektrade.ee\/lv\/wp-json\/wp\/v2\/product\/2264\/revisions\/3082"}],"up":[{"embeddable":true,"href":"https:\/\/www.tektrade.ee\/lv\/wp-json\/wp\/v2\/product\/2254"}],"wp:attachment":[{"href":"https:\/\/www.tektrade.ee\/lv\/wp-json\/wp\/v2\/media?parent=2264"}],"curies":[{"name":"wp","href":"https:\/\/api.w.org\/{rel}","templated":true}]}}