{"id":2262,"date":"2025-08-12T23:13:15","date_gmt":"2025-08-12T20:13:15","guid":{"rendered":"https:\/\/www.tektrade.ee\/lv\/?post_type=product&#038;p=2262"},"modified":"2025-08-18T20:09:57","modified_gmt":"2025-08-18T17:09:57","slug":"metala-atloku-blives","status":"publish","type":"product","link":"https:\/\/www.tektrade.ee\/lv\/preces\/blives-un-blivejuma-materiali\/atloku-blives-un-blivejuma-materiali\/metala-atloku-blives\/","title":{"rendered":"Met\u0101la atloku bl\u012bves"},"content":{"rendered":"\n<p>Produktu kl\u0101sts ir \u013coti pla\u0161s, s\u0101kot no kombin\u0113ta profila bl\u012bv\u0113m un beidzot ar speci\u0101l\u0101m bl\u012bv\u0113m no t\u012bra met\u0101la.<\/p>\n\n\n\n<div class=\"wp-block-file\"><a id=\"wp-block-file--media-e0c2e847-b0d2-4dce-a9cb-3926b39b58de\" href=\"https:\/\/www.tektrade.ee\/lv\/wp-content\/uploads\/sites\/6\/2025\/08\/Spetech-Static-seals.pdf\" target=\"_blank\" rel=\"noreferrer noopener\">Spetech\u00ae katalogs<\/a><\/div>\n\n\n\n<p><\/p>\n\n\n\n<div class=\"wp-block-group is-nowrap is-layout-flex wp-container-core-group-is-layout-64989fb1 wp-block-group-is-layout-flex\">\n<div class=\"wp-block-group is-layout-constrained wp-block-group-is-layout-constrained\">\n<p><strong>Kombin\u0113ta profila bl\u012bves<\/strong>\u00a0\u2013\u00a0vienas no lab\u0101kaj\u0101m bl\u012bv\u0113m izmanto\u0161anai r\u016bpniec\u012bb\u0101. Liela kombin\u0113to profilu izv\u0113le \u013cauj \u0161\u012bs bl\u012bves izmantot da\u017e\u0101du tipu atloku savienojumos un da\u017e\u0101d\u0101s izmanto\u0161an\u0101s vid\u0113s. Kombin\u0113t\u0101 profila dizains daudz\u0113j\u0101d\u0101 zi\u0146\u0101 ir atkar\u012bgs no izmanto\u0161anas vietas \u012bpatn\u012bbas un pras\u012bb\u0101m, tom\u0113r izplat\u012bt\u0101kie ir \u201etongue and groove\u201d un \u201emale and female\u201d atloku tipi ar maksim\u0101lo \u0101r\u0113jo diametru l\u012bdz 5000 mm.<br>Uzglab\u0101jam tre\u0161\u0101s paaudzes DryFlex\u00ae tipa kombin\u0113ta profila bl\u012bves, kuru \u0101r\u0113jo balsta gredzenu atbilsto\u0161i spiediena klasei var loc\u012bt, proti, bl\u012bve piem\u0113rota vienam un tam pa\u0161am nomin\u0101lajam diametram neatkar\u012bgi no spiediena klases. Bl\u012bvju standarta biezums ir 4,0 mm (3,0 mm met\u0101la da\u013ca un 2&#215;0,5 mm bl\u012bv\u0113jam\u0101 da\u013ca) un bl\u012bve ir ra\u017eota saska\u0146\u0101 ar standartu EN 1514-6 (DN un PN).<\/p>\n<\/div>\n\n\n\n<div class=\"wp-block-group is-layout-flow wp-block-group-is-layout-flow\">\n<figure class=\"wp-block-image size-full wp-container-content-69bc4bdf\"><img loading=\"lazy\" decoding=\"async\" width=\"160\" height=\"100\" src=\"https:\/\/www.tektrade.ee\/lv\/wp-content\/uploads\/sites\/6\/2025\/08\/ResizedImage160100-Metalltihend-DryFlex.jpg\" alt=\"\" class=\"wp-image-2422\" style=\"aspect-ratio:4\/3;object-fit:cover\"\/><figcaption class=\"wp-element-caption\"><em>Kombin\u0113ta profila bl\u012bves DryFlex \u00ae<br><\/em><\/figcaption><\/figure>\n<\/div>\n<\/div>\n\n\n\n<p><a  href=\"https:\/\/www.youtube.com\/watch?v=LQtspdIVovg\"  target=\"_blank\" rel=\"noreferrer noopener\" target=\"_blank\">Video par kombin\u0113taj\u0101m profila bl\u012bv\u0113m<\/a><\/p>\n\n\n\n<div class=\"wp-block-group is-nowrap is-layout-flex wp-container-core-group-is-layout-64989fb1 wp-block-group-is-layout-flex\">\n<div class=\"wp-block-group is-layout-constrained wp-block-group-is-layout-constrained\">\n<p><strong>Spir\u0101lveida bl\u012bves\u00a0<\/strong>\u2013 ra\u017eo\u0161an\u0101 izplat\u012btas ekonomiskas alternat\u012bvas kombin\u0113ta profila bl\u012bv\u0113m. Spir\u0101lveida bl\u012bves izskat\u0101s k\u0101 spir\u0101les, kas sav\u012btas no V veida met\u0101la str\u0113meles un pildmateri\u0101la. Izplat\u012bt\u0101kie pildmateri\u0101li ir graf\u012bts un PTFE; izplat\u012bt\u0101kais met\u0101la str\u0113meles materi\u0101ls ir 316L. Bie\u017ei tiek izmantots \u0101r\u0113j\u0101 un\/vai iek\u0161\u0113j\u0101 met\u0101la balsta gredzens, kas bl\u012bvei pie\u0161\u0137ir meh\u0101nisku iztur\u012bbu. Balsta gredzenu materi\u0101lu izv\u0113le ir atkar\u012bga no bl\u012bves izmanto\u0161anas vides.<\/p>\n<\/div>\n\n\n\n<div class=\"wp-block-group is-layout-flow wp-block-group-is-layout-flow\">\n<figure class=\"wp-block-image size-full wp-container-content-69bc4bdf\"><img loading=\"lazy\" decoding=\"async\" width=\"160\" height=\"100\" src=\"https:\/\/www.tektrade.ee\/lv\/wp-content\/uploads\/sites\/6\/2025\/08\/ResizedImage160100-Metalltihend-SPETOSPIR.jpg\" alt=\"\" class=\"wp-image-2426\" style=\"aspect-ratio:4\/3;object-fit:cover\"\/><figcaption class=\"wp-element-caption\"><em>Spir\u0101lveida bl\u012bves<br><\/em><\/figcaption><\/figure>\n<\/div>\n<\/div>\n\n\n\n<p>Galvenie spir\u0101lveida bl\u012bvju tipi ir:&nbsp;<br>1)&nbsp;&nbsp; &nbsp;bez balsta gredzeniem \u2013&nbsp;tips R<br>2)&nbsp;&nbsp; &nbsp;ar iek\u0161\u0113jo balsta gredzenu \u2013&nbsp;tips RIR<br>3)&nbsp;&nbsp; &nbsp;ar \u0101r\u0113jo balsta gredzenu \u2013&nbsp;tips C\/O<br>4)&nbsp;&nbsp; &nbsp;ar iek\u0161\u0113jo un \u0101r\u0113jo balsta gredzenu \u2013&nbsp;tips C\/I<\/p>\n\n\n\n<p>Bl\u012bv\u0113jam\u0101s da\u013cas biezums pamatos ir 3,2 mm, 4,5 mm vai 6,1 mm.<br>Balsta gredzenu biezums ir 2,0 mm.<\/p>\n\n\n\n<div style=\"height:30px\" aria-hidden=\"true\" class=\"wp-block-spacer\"><\/div>\n\n\n\n<div class=\"wp-block-group is-layout-grid wp-container-core-group-is-layout-4d858cb8 wp-block-group-is-layout-grid\">\n<div class=\"wp-block-group is-content-justification-left is-layout-constrained wp-container-core-group-is-layout-8c890d92 wp-block-group-is-layout-constrained\">\n<div class=\"wp-block-group is-layout-constrained wp-block-group-is-layout-constrained\">\n<figure class=\"wp-block-image aligncenter size-full\"><img loading=\"lazy\" decoding=\"async\" width=\"179\" height=\"73\" src=\"https:\/\/www.tektrade.ee\/lv\/wp-content\/uploads\/sites\/6\/2025\/08\/ResizedImage17973-tugirongasteta-tueuep-R.gif\" alt=\"\" class=\"wp-image-2428\"\/><figcaption class=\"wp-element-caption\">bez balsta gredzeniem \u2013 tips R<br><\/figcaption><\/figure>\n<\/div>\n<\/div>\n\n\n\n<div class=\"wp-block-group is-layout-constrained wp-block-group-is-layout-constrained\">\n<figure class=\"wp-block-image aligncenter size-full\"><img loading=\"lazy\" decoding=\"async\" width=\"179\" height=\"73\" src=\"https:\/\/www.tektrade.ee\/lv\/wp-content\/uploads\/sites\/6\/2025\/08\/ResizedImage17973-sisemise-tugirongaga-tueuep-RIR.gif\" alt=\"\" class=\"wp-image-2429\"\/><figcaption class=\"wp-element-caption\">ar iek\u0161\u0113jo balsta gredzenu \u2013 tips RIR<br><\/figcaption><\/figure>\n<\/div>\n\n\n\n<div class=\"wp-block-group is-layout-constrained wp-block-group-is-layout-constrained\">\n<figure class=\"wp-block-image aligncenter size-full\"><img loading=\"lazy\" decoding=\"async\" width=\"178\" height=\"63\" src=\"https:\/\/www.tektrade.ee\/lv\/wp-content\/uploads\/sites\/6\/2025\/08\/ResizedImage17863-vaelimise-tugirongaga-tueuep-CO.gif\" alt=\"\" class=\"wp-image-2430\"\/><figcaption class=\"wp-element-caption\">ar \u0101r\u0113jo balsta gredzenu \u2013 tips C\/O<br><\/figcaption><\/figure>\n<\/div>\n\n\n\n<div class=\"wp-block-group is-layout-constrained wp-block-group-is-layout-constrained\">\n<figure class=\"wp-block-image aligncenter size-full\"><img loading=\"lazy\" decoding=\"async\" width=\"180\" height=\"63\" src=\"https:\/\/www.tektrade.ee\/lv\/wp-content\/uploads\/sites\/6\/2025\/08\/ResizedImage18063-sisemise-ja-vaelimise-tugirongaga-tueuep-CI.gif\" alt=\"\" class=\"wp-image-2431\"\/><figcaption class=\"wp-element-caption\">ar iek\u0161\u0113jo un \u0101r\u0113jo balsta gredzenu \u2013 tips C\/I<br><\/figcaption><\/figure>\n<\/div>\n<\/div>\n\n\n\n<div style=\"height:30px\" aria-hidden=\"true\" class=\"wp-block-spacer\"><\/div>\n\n\n\n<p><\/p>\n\n\n\n<p><strong>Apvalku bl\u012bves&nbsp;<\/strong>\u2013 met\u0101la bl\u012bves, kas pild\u012btas ar m\u012bkstu pildvielu, t\u0101s izmantojamas siltummai\u0146u v\u0101ku bl\u012bv\u0113\u0161anai, t\u0101pat ar\u012b katlu p\u0101rsegu un cauru\u013cu atloku bl\u012bv\u0113\u0161anai.&nbsp;<\/p>\n\n\n\n<p><\/p>\n\n\n\n<div class=\"wp-block-group is-nowrap is-layout-flex wp-container-core-group-is-layout-ad2f72ca wp-block-group-is-layout-flex\">\n<figure class=\"wp-block-image alignleft size-full\"><img loading=\"lazy\" decoding=\"async\" width=\"250\" height=\"167\" src=\"https:\/\/www.tektrade.ee\/lv\/wp-content\/uploads\/sites\/6\/2025\/08\/ResizedImage250167-Metallist-manteltihend.jpg\" alt=\"\" class=\"wp-image-2433\"\/><figcaption class=\"wp-element-caption\">Met\u0101la apvalku bl\u012bves<br><\/figcaption><\/figure>\n<\/div>\n\n\n\n<div style=\"height:30px\" aria-hidden=\"true\" class=\"wp-block-spacer\"><\/div>\n\n\n\n<p><strong>Met\u0101la bl\u012bves GUS 600<\/strong>&nbsp;\u2013 bl\u012bves, kas ir paredz\u0113tas izmanto\u0161anai \u012bpa\u0161i gr\u016btos apst\u0101k\u013cos, jo iztur \u013coti lielas slodzes. GUS 600 bl\u012bves ir iztur\u012bgas pret sp\u0113c\u012bgu spriego\u0161anas sp\u0113ku, vibr\u0101cij\u0101m un triecieniem. GUS 600 bl\u012bves ir piem\u0113rotas, piem\u0113ram, s\u016bk\u0146u, kompresoru, aizb\u012bd\u0146u u.c. atloku bl\u012bv\u0113\u0161anai. Pareizi izv\u0113l\u0113tas bl\u012bv\u0113jam\u0101s da\u013cas biezums nodro\u0161ina to, ka atloku virsmas nav j\u0101atjauno, garant\u0113 \u013coti labu elast\u012bbu un kompens\u0113 to, ka bultskr\u016bves ir atspriegoju\u0161\u0101s. GUS 600 bl\u012bve ir iztur\u012bga pret \u0101r\u0113j\u0101m slodz\u0113m un tai ir \u013coti labas bl\u012bv\u0113\u0161anas \u012bpa\u0161\u012bbas.<\/p>\n\n\n\n<div style=\"height:30px\" aria-hidden=\"true\" class=\"wp-block-spacer\"><\/div>\n\n\n\n<div class=\"wp-block-group is-nowrap is-layout-flex wp-container-core-group-is-layout-ad2f72ca wp-block-group-is-layout-flex\">\n<figure class=\"wp-block-image size-full\"><img loading=\"lazy\" decoding=\"async\" width=\"250\" height=\"166\" src=\"https:\/\/www.tektrade.ee\/lv\/wp-content\/uploads\/sites\/6\/2025\/08\/ResizedImage250166-GUS-660.jpeg\" alt=\"\" class=\"wp-image-2443\"\/><figcaption class=\"wp-element-caption\">GUS 660<\/figcaption><\/figure>\n<\/div>\n\n\n\n<div style=\"height:30px\" aria-hidden=\"true\" class=\"wp-block-spacer\"><\/div>\n\n\n\n<p><a  href=\"https:\/\/www.youtube.com\/watch?v=Ahc5tVoI6ck\"  target=\"_blank\" rel=\"noreferrer noopener\" target=\"_blank\">Video par GUS 660<\/a>\u00a0<\/a><\/p>\n\n\n\n<div style=\"height:30px\" aria-hidden=\"true\" class=\"wp-block-spacer\"><\/div>\n\n\n\n<p><strong>Ri\u0146\u0137veida bl\u012bves&nbsp;<\/strong>\u2013 met\u0101la bl\u012bves ar asto\u0146st\u016bru vai ov\u0101lu griezumu padzi\u013cin\u0101tiem atlokiem. \u0160\u012bs bl\u012bves tiek izmantotas lielu spiedienu gad\u012bjum\u0101.<\/p>\n\n\n\n<div class=\"wp-block-group is-nowrap is-layout-flex wp-container-core-group-is-layout-ad2f72ca wp-block-group-is-layout-flex\">\n<figure class=\"wp-block-image size-full\"><img loading=\"lazy\" decoding=\"async\" width=\"250\" height=\"167\" src=\"https:\/\/www.tektrade.ee\/lv\/wp-content\/uploads\/sites\/6\/2025\/08\/ResizedImage250167-Ring-tuupi-tihend.jpg\" alt=\"\" class=\"wp-image-2445\"\/><figcaption class=\"wp-element-caption\">Ri\u0146\u0137veida bl\u012bves<br><\/figcaption><\/figure>\n<\/div>\n\n\n\n<div style=\"height:30px\" aria-hidden=\"true\" class=\"wp-block-spacer\"><\/div>\n\n\n\n<p><strong>Met\u0101la gala bl\u012bvsl\u0113gi cauru\u013cu tipa siltummai\u0146iem<\/strong>&nbsp;\u2013 siltummai\u0146u bl\u012bv\u0113\u0161anai tiek izmantotas gan kombin\u0113t\u0101 profila un spir\u0101lveida bl\u012bves, gan ar\u012b apvalku bl\u012bves. Pieejamas da\u017e\u0101das konfigur\u0101cijas atbilsto\u0161i visp\u0101rizplat\u012bt\u0101kajiem tipiem, tom\u0113r iesp\u0113jams izgatavot ar\u012b ar speci\u0101lu dizainu. Materi\u0101li \u2013 visi izplat\u012bt\u0101kie materi\u0101li un pildmateri\u0101li.&nbsp;<\/p>\n\n\n\n<div class=\"wp-block-group is-nowrap is-layout-flex wp-container-core-group-is-layout-ad2f72ca wp-block-group-is-layout-flex\">\n<figure class=\"wp-block-image size-full\"><img loading=\"lazy\" decoding=\"async\" width=\"149\" height=\"181\" src=\"https:\/\/www.tektrade.ee\/lv\/wp-content\/uploads\/sites\/6\/2025\/08\/ResizedImage149181-Soojusvahetite-tihendid.png\" alt=\"\" class=\"wp-image-2446\"\/><figcaption class=\"wp-element-caption\">Met\u0101la bl\u012bvsl\u0113gi cauru\u013cu tipa siltummai\u0146iem<br><br><br><\/figcaption><\/figure>\n<\/div>\n","protected":false},"featured_media":0,"parent":2254,"menu_order":5,"template":"","class_list":["post-2262","product","type-product","status-publish","hentry"],"acf":[],"_links":{"self":[{"href":"https:\/\/www.tektrade.ee\/lv\/wp-json\/wp\/v2\/product\/2262","targetHints":{"allow":["GET"]}}],"collection":[{"href":"https:\/\/www.tektrade.ee\/lv\/wp-json\/wp\/v2\/product"}],"about":[{"href":"https:\/\/www.tektrade.ee\/lv\/wp-json\/wp\/v2\/types\/product"}],"version-history":[{"count":15,"href":"https:\/\/www.tektrade.ee\/lv\/wp-json\/wp\/v2\/product\/2262\/revisions"}],"predecessor-version":[{"id":3081,"href":"https:\/\/www.tektrade.ee\/lv\/wp-json\/wp\/v2\/product\/2262\/revisions\/3081"}],"up":[{"embeddable":true,"href":"https:\/\/www.tektrade.ee\/lv\/wp-json\/wp\/v2\/product\/2254"}],"wp:attachment":[{"href":"https:\/\/www.tektrade.ee\/lv\/wp-json\/wp\/v2\/media?parent=2262"}],"curies":[{"name":"wp","href":"https:\/\/api.w.org\/{rel}","templated":true}]}}