{"id":2260,"date":"2025-08-12T23:12:59","date_gmt":"2025-08-12T20:12:59","guid":{"rendered":"https:\/\/www.tektrade.ee\/lv\/?post_type=product&#038;p=2260"},"modified":"2025-09-26T13:44:11","modified_gmt":"2025-09-26T10:44:11","slug":"atloku-blives-no-grafita","status":"publish","type":"product","link":"https:\/\/www.tektrade.ee\/lv\/preces\/blives-un-blivejuma-materiali\/atloku-blives-un-blivejuma-materiali\/atloku-blives-no-grafita\/","title":{"rendered":"Atloku bl\u012bves no graf\u012bta"},"content":{"rendered":"\n<div class=\"wp-block-group is-nowrap is-layout-flex wp-container-core-group-is-layout-64989fb1 wp-block-group-is-layout-flex\">\n<div class=\"wp-block-group is-content-justification-left is-layout-constrained wp-container-core-group-is-layout-8c890d92 wp-block-group-is-layout-constrained\">\n<p>Bl\u012bves no griezta vai \u0161tanc\u0113ta izplesta graf\u012bta tiek izmantotas pap\u012bra ra\u017eo\u0161an\u0101, elektr\u012bbas un siltuma ra\u017eo\u0161an\u0101, \u0137\u012bmiskaj\u0101 r\u016bpniec\u012bb\u0101 un cit\u0101s viet\u0101s, kur nepiecie\u0161ama augsta temperat\u016bras iztur\u012bba un laba \u0137\u012bmisk\u0101 iztur\u012bba, t\u0101 ir t\u0101 saucam\u0101 tipisk\u0101 \u201etvaika bl\u012bve\u201d.&nbsp;<br>Bl\u012bve tiek gatavota galvenok\u0101rt p\u0113c EN1514-1 un ASME 16.21 standartiem; darb\u012bbas temperat\u016bras interv\u0101ls -200 \u00b0C l\u012bdz +650 \u00b0C. Produkcijas kl\u0101st\u0101 ir pieejamas ar\u012b bl\u012bves ar iek\u0161\u0113jo AISI316 met\u0101la gredzenu (\u201eEyelet\u201d tips). Uzglab\u0101jam DN15-DN250 PN16-40 izm\u0113ru un DN300-DN500 PN16 izm\u0113ru, &#8220;Eyelet&#8221; DN15-DN150 PN16 izm\u0113ru graf\u012bta bl\u012bves.<\/p>\n\n\n\n<div class=\"wp-block-file\"><a id=\"wp-block-file--media-02ecc26d-a9b1-4b61-a742-1d4556793124\" href=\"https:\/\/www.tektrade.ee\/lv\/wp-content\/uploads\/sites\/6\/2025\/08\/DONIT_Grafilit-datasheets.pdf\">Grafilit\u00ae produktu lapas<\/a><\/div>\n<\/div>\n\n\n\n<div class=\"wp-block-group is-layout-flow wp-block-group-is-layout-flow\">\n<figure class=\"wp-block-image size-frontpage-thumbnail is-resized wp-container-content-69bc4bdf\"><img loading=\"lazy\" decoding=\"async\" width=\"280\" height=\"225\" src=\"https:\/\/www.tektrade.ee\/lv\/wp-content\/uploads\/sites\/6\/2025\/08\/ResizedImage300225-Grafiidist-aeaerikutihendid-280x225.jpg\" alt=\"\" class=\"wp-image-2415\" style=\"aspect-ratio:4\/3;object-fit:cover;width:480px\" \/><figcaption class=\"wp-element-caption\">Atloku bl\u012bves no graf\u012bta<br><\/figcaption><\/figure>\n<\/div>\n<\/div>\n","protected":false},"featured_media":0,"parent":2254,"menu_order":4,"template":"","class_list":["post-2260","product","type-product","status-publish","hentry"],"acf":[],"_links":{"self":[{"href":"https:\/\/www.tektrade.ee\/lv\/wp-json\/wp\/v2\/product\/2260","targetHints":{"allow":["GET"]}}],"collection":[{"href":"https:\/\/www.tektrade.ee\/lv\/wp-json\/wp\/v2\/product"}],"about":[{"href":"https:\/\/www.tektrade.ee\/lv\/wp-json\/wp\/v2\/types\/product"}],"version-history":[{"count":6,"href":"https:\/\/www.tektrade.ee\/lv\/wp-json\/wp\/v2\/product\/2260\/revisions"}],"predecessor-version":[{"id":3241,"href":"https:\/\/www.tektrade.ee\/lv\/wp-json\/wp\/v2\/product\/2260\/revisions\/3241"}],"up":[{"embeddable":true,"href":"https:\/\/www.tektrade.ee\/lv\/wp-json\/wp\/v2\/product\/2254"}],"wp:attachment":[{"href":"https:\/\/www.tektrade.ee\/lv\/wp-json\/wp\/v2\/media?parent=2260"}],"curies":[{"name":"wp","href":"https:\/\/api.w.org\/{rel}","templated":true}]}}