{"id":2258,"date":"2025-08-12T23:12:46","date_gmt":"2025-08-12T20:12:46","guid":{"rendered":"https:\/\/www.tektrade.ee\/lv\/?post_type=product&#038;p=2258"},"modified":"2025-08-18T20:08:11","modified_gmt":"2025-08-18T17:08:11","slug":"azbestu-nesaturosas-atloku-blives","status":"publish","type":"product","link":"https:\/\/www.tektrade.ee\/lv\/preces\/blives-un-blivejuma-materiali\/atloku-blives-un-blivejuma-materiali\/azbestu-nesaturosas-atloku-blives\/","title":{"rendered":"Azbestu nesaturo\u0161as atloku bl\u012bves"},"content":{"rendered":"\n<div class=\"wp-block-group is-nowrap is-layout-flex wp-container-core-group-is-layout-64989fb1 wp-block-group-is-layout-flex\">\n<div class=\"wp-block-group is-layout-constrained wp-block-group-is-layout-constrained\">\n<p>Azbestu nesaturo\u0161as sagrieztas atloku bl\u012bves pla\u0161i tiek pielietotas vis\u0101 r\u016bpniec\u012bbas sektor\u0101, siltuma ra\u017eo\u0161an\u0101 un uz ku\u0123iem.<br><br>Atloku bl\u012bvju izplat\u012bt\u0101ko izm\u0113ru standarti ir EN 1514-1 un ASME B 16.5. M\u016bsu produkcijas kl\u0101st\u0101 atloku bl\u012bves no azbestu nesaturo\u0161a bl\u012bv\u0113jam\u0101 materi\u0101la ir sagrieztas gan p\u0113c EN 1514-1 standarta, gan p\u0113c ASME standarta. Uz vietas uzglab\u0101jam bl\u012bves, kas grieztas no Donit materi\u0101la BA50,&nbsp; kas atbilst standartam EN1514-1 un spiediena klasei PN16, k\u0101 ar\u012b pieejamas 2 mm biezas ar izm\u0113ru interv\u0101liem DN15 &#8211; DN800.<\/p>\n\n\n\n<p>Papildus griezt\u0101m atloku bl\u012bv\u0113m uzglab\u0101jam ar\u012b t\u0101 saucam\u0101s PTFE aplok\u0161\u0146u bl\u012bves 4 mm biezum\u0101.<br>Bl\u012bves, kas atbilst citu standartu attiec\u012bgajiem izm\u0113riem, ir pieejami p\u0113c pas\u016bt\u012bjuma.<\/p>\n<\/div>\n\n\n\n<div class=\"wp-block-group is-layout-flow wp-block-group-is-layout-flow\">\n<figure class=\"wp-block-image size-frontpage-thumbnail is-resized wp-container-content-69bc4bdf\"><img loading=\"lazy\" decoding=\"async\" width=\"280\" height=\"225\" src=\"https:\/\/www.tektrade.ee\/lv\/wp-content\/uploads\/sites\/6\/2025\/08\/ResizedImage300225-Asbestivabad-aeaerikutihendid-280x225.jpg\" alt=\"\" class=\"wp-image-2388\" style=\"aspect-ratio:4\/3;object-fit:cover;width:480px\"\/><figcaption class=\"wp-element-caption\">Azbestu nesaturo\u0161as atloku bl\u012bves<br><\/figcaption><\/figure>\n<\/div>\n<\/div>\n\n\n\n<div class=\"wp-block-file\"><a id=\"wp-block-file--media-37f5ba5d-2341-4d55-9910-998125ada1e8\" href=\"https:\/\/www.tektrade.ee\/lv\/wp-content\/uploads\/sites\/6\/2025\/08\/TESNIT-BA-50.pdf\" target=\"_blank\" rel=\"noreferrer noopener\">Tesnit\u00ae BA50 &#8211; produkta inform\u0101cija<\/a><\/div>\n\n\n\n<p><\/p>\n\n\n\n<div class=\"wp-block-file\"><a id=\"wp-block-file--media-052918a8-ec8a-4ecb-89e6-7cf89c6b8422\" href=\"https:\/\/www.tektrade.ee\/lv\/wp-content\/uploads\/sites\/6\/2025\/08\/PTFE-Envelope-gaskets.pdf\" target=\"_blank\" rel=\"noreferrer noopener\">PTFE aplok\u0161\u0146u bl\u012bves\u00a0&#8211; produkta inform\u0101cija<\/a><\/div>\n","protected":false},"featured_media":0,"parent":2254,"menu_order":3,"template":"","class_list":["post-2258","product","type-product","status-publish","hentry"],"acf":[],"_links":{"self":[{"href":"https:\/\/www.tektrade.ee\/lv\/wp-json\/wp\/v2\/product\/2258","targetHints":{"allow":["GET"]}}],"collection":[{"href":"https:\/\/www.tektrade.ee\/lv\/wp-json\/wp\/v2\/product"}],"about":[{"href":"https:\/\/www.tektrade.ee\/lv\/wp-json\/wp\/v2\/types\/product"}],"version-history":[{"count":21,"href":"https:\/\/www.tektrade.ee\/lv\/wp-json\/wp\/v2\/product\/2258\/revisions"}],"predecessor-version":[{"id":3078,"href":"https:\/\/www.tektrade.ee\/lv\/wp-json\/wp\/v2\/product\/2258\/revisions\/3078"}],"up":[{"embeddable":true,"href":"https:\/\/www.tektrade.ee\/lv\/wp-json\/wp\/v2\/product\/2254"}],"wp:attachment":[{"href":"https:\/\/www.tektrade.ee\/lv\/wp-json\/wp\/v2\/media?parent=2258"}],"curies":[{"name":"wp","href":"https:\/\/api.w.org\/{rel}","templated":true}]}}