{"id":2256,"date":"2025-08-12T23:12:08","date_gmt":"2025-08-12T20:12:08","guid":{"rendered":"https:\/\/www.tektrade.ee\/lv\/?post_type=product&#038;p=2256"},"modified":"2025-08-18T20:07:39","modified_gmt":"2025-08-18T17:07:39","slug":"plaksnu-materiali","status":"publish","type":"product","link":"https:\/\/www.tektrade.ee\/lv\/preces\/blives-un-blivejuma-materiali\/atloku-blives-un-blivejuma-materiali\/plaksnu-materiali\/","title":{"rendered":"Pl\u0101k\u0161\u0146u materi\u0101li"},"content":{"rendered":"\n<p>Pied\u0101v\u0101jam augstas kvalit\u0101tes bl\u012bv\u0113jamos materi\u0101lus, lai atrisin\u0101tu da\u017e\u0101das probl\u0113mas, kas saist\u0101s ar bl\u012bv\u0113m \u2013 materi\u0101lus, kas nobl\u012bv\u0113 \u0161\u0137idrumu, g\u0101zveida un agres\u012bvas vides, piem\u0113ram, sk\u0101beklis, degsl\u0101nek\u013ca e\u013c\u013ca, toluols, \u016bdens utt. Izmantojot pl\u0101k\u0161\u0146u materi\u0101lus, \u013coti svar\u012bga ir pareiza izstr\u0101d\u0101juma izv\u0113le.&nbsp;<br><br>Azbestu nesaturo\u0161o bl\u012bv\u0113jamo materi\u0101li iedal\u012bjums:<\/p>\n\n\n\n<p>1. Pl\u0101k\u0161\u0146u materi\u0101li \u2013 l\u012bdz +250 \u00b0C past\u0101v\u012bgas temperat\u016bras un 40 bar spiediena.&nbsp;<br>Laba iztur\u012bba un bl\u012bv\u0113juma \u012bpa\u0161\u012bbas ir sasniegtas, samaisot da\u017e\u0101das \u0161\u0137iedras (k\u0101 aram\u012bda \u0161\u0137iedras, sint\u0113tisk\u0101s \u0161\u0137iedras un stikla \u0161\u0137iedras) kop\u0101 ar gumijas materi\u0101liem (k\u0101 NBR, EPDM, SBR) un pildmateri\u0101liem.<\/p>\n\n\n\n<p>2. Graf\u012bta aram\u012bda materi\u0101ls \u2013 kombin\u0113ti no graf\u012bta un aram\u012bds \u0161\u0137iedr\u0101m.&nbsp;<br>Tas ir videi draudz\u012bgs materi\u0101ls, kuram ir lieliska \u0137\u012bmisk\u0101 iztur\u012bba un siltumiztur\u012bba. Temperat\u016bras interv\u0101ls un spiediena iztur\u012bba: -50 \u00b0C &#8211; +300 \u00b0C un 40 MPa. Lielisks materi\u0101ls gatavo bl\u012bvju grie\u0161anai.<\/p>\n\n\n\n<p>3. Graf\u012bta pl\u0101ksnes \u2013 pl\u0101k\u0161\u0146u materi\u0101li no izplesta graf\u012bta, temperat\u016brai l\u012bdz +450 \u00b0C (tvaikos l\u012bdz +650 \u00b0C) un spiedienam l\u012bdz 200 bar (atkar\u012bb\u0101 no izmanto\u0161anas vietas)<br>Pied\u0101v\u0101jam \u010detru da\u017e\u0101du tipu graf\u012bta pl\u0101ksnes:<\/p>\n\n\n\n<ul class=\"wp-block-list\">\n<li>nestiprin\u0101ta graf\u012bta pl\u0101ksne;<\/li>\n\n\n\n<li>graf\u012bta pl\u0101ksne, stiprin\u0101ta ar 0,1 mm biezu AISI 316 ner\u016bs\u0113jo\u0161\u0101 t\u0113rauda sietu;<\/li>\n\n\n\n<li>graf\u012bta pl\u0101ksne, stiprin\u0101ta ar 0,05 mm biezu AISI 316 ner\u016bs\u0113jo\u0161\u0101 t\u0113rauda pl\u0101ksni;<\/li>\n\n\n\n<li>graf\u012bta pl\u0101ksne, stiprin\u0101ta ar speci\u0101li izplestu AISI 316L ner\u016bs\u0113jo\u0161\u0101 t\u0113rauda sietu.<\/li>\n<\/ul>\n\n\n\n<p>4. Materi\u0101li izpl\u016bdes g\u0101zu sist\u0113m\u0101m.<br>Tesnit\u00ae&nbsp;BA-R s\u0113rijas bl\u012bv\u0113\u0161anas materi\u0101liem piem\u012bt lieliska temperat\u016bras iztur\u012bba. Tie paredz\u0113ti izmanto\u0161anai gan ku\u0123u, automa\u0161\u012bnu, gan ar\u012b elektrostaciju izpl\u016bdes g\u0101zu sist\u0113mu atloku savienojumu bl\u012bv\u0113\u0161anai.&nbsp;<br>Noliktav\u0101 pieejams materi\u0101ls BA-R300 (pl\u0101k\u0161\u0146u izm\u0113rs1000x1400x2 mm).<\/p>\n\n\n\n<p>5. Materi\u0101li vid\u0113m, kur\u0101m nepiecie\u0161ama laba \u0137\u012bmisk\u0101 iztur\u012bba \u2013 izplestas PTFE pl\u0101ksnes&nbsp;(Gylon\u00ae, Gore\u00ae).<\/p>\n\n\n\n<p>6. Materi\u0101li vid\u0113m ar augstu temperat\u016bru l\u012bdz 1000 \u00b0C \u2013 Micalit, THERMa-PUR\u2122.<\/p>\n\n\n\n<div class=\"wp-block-file\"><a id=\"wp-block-file--media-c8168f48-eb58-43d0-8bbb-830f3dbe3b3d\" href=\"https:\/\/www.tektrade.ee\/lv\/wp-content\/uploads\/sites\/6\/2025\/08\/Donit-Tesnit-.pdf\" target=\"_blank\" rel=\"noreferrer noopener\">Donit\u00ae Tesnit\u00ae katalogs<\/a><\/div>\n\n\n\n<p><\/p>\n\n\n\n<div class=\"wp-block-file\"><a id=\"wp-block-file--media-cb1dc38a-d737-4ba3-bde3-1f28683da1f7\" href=\"https:\/\/www.tektrade.ee\/lv\/wp-content\/uploads\/sites\/6\/2025\/08\/Donit-Grafilit-2015.pdf\" target=\"_blank\" rel=\"noreferrer noopener\">Donit\u00ae Grafilit\u00ae katalogs<\/a><\/div>\n\n\n\n<p><\/p>\n\n\n\n<div class=\"wp-block-file\"><a id=\"wp-block-file--media-70f237dc-6dc9-4a69-aa5d-ae89fce97f31\" href=\"https:\/\/www.tektrade.ee\/lv\/wp-content\/uploads\/sites\/6\/2025\/08\/Donit-Doniflex-2015.pdf\" target=\"_blank\" rel=\"noreferrer noopener\">Donit\u00ae Doniflex\u00ae katalogs<\/a><\/div>\n\n\n\n<p><\/p>\n\n\n\n<div class=\"wp-block-group is-layout-grid wp-container-core-group-is-layout-4d858cb8 wp-block-group-is-layout-grid\">\n<div class=\"wp-block-group is-content-justification-left is-layout-constrained wp-container-core-group-is-layout-8c890d92 wp-block-group-is-layout-constrained\">\n<div class=\"wp-block-group is-layout-constrained wp-block-group-is-layout-constrained\">\n<figure class=\"wp-block-image aligncenter size-full\"><img loading=\"lazy\" decoding=\"async\" width=\"194\" height=\"185\" src=\"https:\/\/www.tektrade.ee\/lv\/wp-content\/uploads\/sites\/6\/2025\/08\/ResizedImage194185-Tihendileht-BA50.jpg\" alt=\"\" class=\"wp-image-2383\"\/><figcaption class=\"wp-element-caption\">Pl\u0101k\u0161\u0146u materi\u0101li<br><\/figcaption><\/figure>\n<\/div>\n<\/div>\n\n\n\n<div class=\"wp-block-group is-layout-constrained wp-block-group-is-layout-constrained\">\n<figure class=\"wp-block-image aligncenter size-full\"><img loading=\"lazy\" decoding=\"async\" width=\"194\" height=\"185\" src=\"https:\/\/www.tektrade.ee\/lv\/wp-content\/uploads\/sites\/6\/2025\/08\/ResizedImage194185-Donit-Sheet-Doniflex.jpg\" alt=\"\" class=\"wp-image-2384\"\/><figcaption class=\"wp-element-caption\">Graf\u012bta aram\u012bda materi\u0101li<br><\/figcaption><\/figure>\n<\/div>\n\n\n\n<div class=\"wp-block-group is-layout-constrained wp-block-group-is-layout-constrained\">\n<figure class=\"wp-block-image aligncenter size-full\"><img loading=\"lazy\" decoding=\"async\" width=\"194\" height=\"185\" src=\"https:\/\/www.tektrade.ee\/lv\/wp-content\/uploads\/sites\/6\/2025\/08\/ResizedImage194185-Tihendileht-grafiit.jpg\" alt=\"\" class=\"wp-image-2385\"\/><figcaption class=\"wp-element-caption\">Graf\u012bta pl\u0101ksnes<br><\/figcaption><\/figure>\n<\/div>\n\n\n\n<div class=\"wp-block-group is-layout-constrained wp-block-group-is-layout-constrained\">\n<figure class=\"wp-block-image aligncenter size-full\"><img loading=\"lazy\" decoding=\"async\" width=\"195\" height=\"185\" src=\"https:\/\/www.tektrade.ee\/lv\/wp-content\/uploads\/sites\/6\/2025\/08\/ResizedImage195185-BAR300.jpg\" alt=\"\" class=\"wp-image-2386\"\/><figcaption class=\"wp-element-caption\">&nbsp; &nbsp; &nbsp; &nbsp; &nbsp; &nbsp; &nbsp;Tesnit\u00ae BA-R<br><\/figcaption><\/figure>\n<\/div>\n<\/div>\n","protected":false},"featured_media":0,"parent":2254,"menu_order":2,"template":"","class_list":["post-2256","product","type-product","status-publish","hentry"],"acf":[],"_links":{"self":[{"href":"https:\/\/www.tektrade.ee\/lv\/wp-json\/wp\/v2\/product\/2256","targetHints":{"allow":["GET"]}}],"collection":[{"href":"https:\/\/www.tektrade.ee\/lv\/wp-json\/wp\/v2\/product"}],"about":[{"href":"https:\/\/www.tektrade.ee\/lv\/wp-json\/wp\/v2\/types\/product"}],"version-history":[{"count":11,"href":"https:\/\/www.tektrade.ee\/lv\/wp-json\/wp\/v2\/product\/2256\/revisions"}],"predecessor-version":[{"id":3077,"href":"https:\/\/www.tektrade.ee\/lv\/wp-json\/wp\/v2\/product\/2256\/revisions\/3077"}],"up":[{"embeddable":true,"href":"https:\/\/www.tektrade.ee\/lv\/wp-json\/wp\/v2\/product\/2254"}],"wp:attachment":[{"href":"https:\/\/www.tektrade.ee\/lv\/wp-json\/wp\/v2\/media?parent=2256"}],"curies":[{"name":"wp","href":"https:\/\/api.w.org\/{rel}","templated":true}]}}