{"id":2252,"date":"2025-08-12T23:11:29","date_gmt":"2025-08-12T20:11:29","guid":{"rendered":"https:\/\/www.tektrade.ee\/lv\/?post_type=product&#038;p=2252"},"modified":"2025-08-18T20:06:24","modified_gmt":"2025-08-18T17:06:24","slug":"blives-un-blivejuma-materiali","status":"publish","type":"product","link":"https:\/\/www.tektrade.ee\/lv\/preces\/blives-un-blivejuma-materiali\/","title":{"rendered":"Bl\u012bves un bl\u012bv\u0113juma materi\u0101li"},"content":{"rendered":"\n<figure class=\"wp-block-image size-full\"><img loading=\"lazy\" decoding=\"async\" width=\"805\" height=\"805\" src=\"https:\/\/www.tektrade.ee\/lv\/wp-content\/uploads\/sites\/6\/2025\/08\/tihendid-uus-1.png\" alt=\"\" class=\"wp-image-3048\" srcset=\"https:\/\/www.tektrade.ee\/lv\/wp-content\/uploads\/sites\/6\/2025\/08\/tihendid-uus-1.png 805w, https:\/\/www.tektrade.ee\/lv\/wp-content\/uploads\/sites\/6\/2025\/08\/tihendid-uus-1-300x300.png 300w, https:\/\/www.tektrade.ee\/lv\/wp-content\/uploads\/sites\/6\/2025\/08\/tihendid-uus-1-150x150.png 150w, https:\/\/www.tektrade.ee\/lv\/wp-content\/uploads\/sites\/6\/2025\/08\/tihendid-uus-1-768x768.png 768w, https:\/\/www.tektrade.ee\/lv\/wp-content\/uploads\/sites\/6\/2025\/08\/tihendid-uus-1-480x480.png 480w, https:\/\/www.tektrade.ee\/lv\/wp-content\/uploads\/sites\/6\/2025\/08\/tihendid-uus-1-600x600.png 600w, https:\/\/www.tektrade.ee\/lv\/wp-content\/uploads\/sites\/6\/2025\/08\/tihendid-uus-1-400x400.png 400w, https:\/\/www.tektrade.ee\/lv\/wp-content\/uploads\/sites\/6\/2025\/08\/tihendid-uus-1-350x350.png 350w, https:\/\/www.tektrade.ee\/lv\/wp-content\/uploads\/sites\/6\/2025\/08\/tihendid-uus-1-100x100.png 100w, https:\/\/www.tektrade.ee\/lv\/wp-content\/uploads\/sites\/6\/2025\/08\/tihendid-uus-1-280x280.png 280w\" sizes=\"auto, (max-width: 805px) 100vw, 805px\" \/><\/figure>\n","protected":false},"featured_media":0,"parent":0,"menu_order":0,"template":"","class_list":["post-2252","product","type-product","status-publish","hentry"],"acf":[],"_links":{"self":[{"href":"https:\/\/www.tektrade.ee\/lv\/wp-json\/wp\/v2\/product\/2252","targetHints":{"allow":["GET"]}}],"collection":[{"href":"https:\/\/www.tektrade.ee\/lv\/wp-json\/wp\/v2\/product"}],"about":[{"href":"https:\/\/www.tektrade.ee\/lv\/wp-json\/wp\/v2\/types\/product"}],"version-history":[{"count":3,"href":"https:\/\/www.tektrade.ee\/lv\/wp-json\/wp\/v2\/product\/2252\/revisions"}],"predecessor-version":[{"id":3074,"href":"https:\/\/www.tektrade.ee\/lv\/wp-json\/wp\/v2\/product\/2252\/revisions\/3074"}],"wp:attachment":[{"href":"https:\/\/www.tektrade.ee\/lv\/wp-json\/wp\/v2\/media?parent=2252"}],"curies":[{"name":"wp","href":"https:\/\/api.w.org\/{rel}","templated":true}]}}