{"id":3030,"date":"2025-08-16T13:49:09","date_gmt":"2025-08-16T10:49:09","guid":{"rendered":"https:\/\/www.tektrade.ee\/lt\/?post_type=product&#038;p=3030"},"modified":"2025-08-19T22:22:00","modified_gmt":"2025-08-19T19:22:00","slug":"metaliniai-kompensatoriai","status":"publish","type":"product","link":"https:\/\/www.tektrade.ee\/lt\/prekes\/vamzdynu-komponentai\/kompensatoriai\/metaliniai-kompensatoriai\/","title":{"rendered":"Metaliniai kompensatoriai"},"content":{"rendered":"\n<p>M\u016bs\u0173 asortimente yra vis\u0173 \u012fmanom\u0173 konfig\u016bracij\u0173 metalini\u0173 kompensatori\u0173.<br>Jiems visiems taikomi pasauliniai EJMA standartai, tod\u0117l garantuojamas vamzdyn\u0173 ir talpykl\u0173 jung\u010di\u0173 patikimumas.<br><br>Standartin\u0117s med\u017eiagos:<\/p>\n\n\n\n<ul class=\"wp-block-list\">\n<li>dumpli\u0173 med\u017eiaga \u2013 AISI 321;<\/li>\n\n\n\n<li>suvirintos dalys \u2013 A106 anglinis plienas;<\/li>\n\n\n\n<li>vidin\u0117 alk\u016bn\u0117 \u2013 AISI 304;<\/li>\n\n\n\n<li>jung\u0117s \u2013 ST-37<\/li>\n<\/ul>\n\n\n\n<p>Dyd\u017eiai: DN15\u2013DN8000 (priklausomai nuo tipo)<\/p>\n\n\n\n<p><br><strong>Metalini\u0173 kompensatori\u0173 tipai&nbsp;<\/strong><br><\/p>\n\n\n\n<ul class=\"wp-block-list\">\n<li>Metaliniai kompensatoriai be ribotuvo, su vienomis dumpl\u0117mis\u00a0<\/li>\n<\/ul>\n\n\n\n<p>Kompensatoriai su vienomis dumpl\u0117mis, privirintais atgaliais arba kompensatoriai su paslankiosiomis jung\u0117mis. Jie skirti vis\u0173 pirma a\u0161inio i\u0161sipl\u0117timo poveikiui i\u0161lyginti, bet tam tikra apimtimi kompensuoja ir \u0161onin\u012f bei kampin\u012f i\u0161sipl\u0117tim\u0105.<\/p>\n\n\n\n<div class=\"wp-block-group is-layout-grid wp-container-core-group-is-layout-baef362d wp-block-group-is-layout-grid\">\n<div class=\"wp-block-group is-content-justification-left is-layout-constrained wp-container-core-group-is-layout-8c890d92 wp-block-group-is-layout-constrained\">\n<figure class=\"wp-block-image aligncenter size-full\"><img loading=\"lazy\" decoding=\"async\" width=\"250\" height=\"213\" src=\"https:\/\/www.tektrade.ee\/lt\/wp-content\/uploads\/sites\/7\/2025\/08\/ResizedImage250213-MWA-axial-unrestrained-welding-ends.jpg\" alt=\"\" class=\"wp-image-3031\"\/><figcaption class=\"wp-element-caption\"><em>Su privirintais antgaliais<br><\/em><\/figcaption><\/figure>\n<\/div>\n\n\n\n<div class=\"wp-block-group is-layout-constrained wp-block-group-is-layout-constrained\">\n<figure class=\"wp-block-image aligncenter size-full\"><img loading=\"lazy\" decoding=\"async\" width=\"250\" height=\"213\" src=\"https:\/\/www.tektrade.ee\/lt\/wp-content\/uploads\/sites\/7\/2025\/08\/ResizedImage250213-MFA-axial-unrestrained-flanges.jpg\" alt=\"\" class=\"wp-image-3032\"\/><figcaption class=\"wp-element-caption\"><em>Su jung\u0117mis<br><\/em><\/figcaption><\/figure>\n<\/div>\n<\/div>\n\n\n\n<ul class=\"wp-block-list\">\n<li>Universal\u016bs metaliniai kompensatoriai be ribotuvo\u00a0<\/li>\n<\/ul>\n\n\n\n<p>Kompensatoriai su dviem dumpl\u0117mis, privirintais antgaliais arba kompensatoriai su jung\u0117mis. Skirti vis\u0173 pirma a\u0161inio ir \u0161oninio i\u0161sipl\u0117timo poveikiui i\u0161lyginti, bet ma\u017eesne apimtimi kompensuoja ir kampin\u012f i\u0161sipl\u0117tim\u0105.<\/p>\n\n\n\n<div class=\"wp-block-group is-nowrap is-layout-flex wp-container-core-group-is-layout-ad2f72ca wp-block-group-is-layout-flex\">\n<div class=\"wp-block-group is-layout-constrained wp-block-group-is-layout-constrained\">\n<figure class=\"wp-block-image alignleft size-full\"><img loading=\"lazy\" decoding=\"async\" width=\"250\" height=\"213\" src=\"https:\/\/www.tektrade.ee\/lt\/wp-content\/uploads\/sites\/7\/2025\/08\/ResizedImage250213-MFD-universal-unrestrained-flanges.jpg\" alt=\"\" class=\"wp-image-3033\"\/><figcaption class=\"wp-element-caption\">Su jung\u0117mis<br><br><\/figcaption><\/figure>\n<\/div>\n<\/div>\n\n\n\n<ul class=\"wp-block-list\">\n<li>Metaliniai kompensatoriai su vienomis dumpl\u0117mis ir kreipiamaisiais strypais\u00a0<\/li>\n<\/ul>\n\n\n\n<p>Kompensuoja vis\u0173 pirma a\u0161in\u012f i\u0161sipl\u0117tim\u0105, ma\u017eesne apimtimi \u2013 \u0161onin\u012f ir kampin\u012f, jei turi tik du kreipiamuosius strypus.<\/p>\n\n\n\n<div class=\"wp-block-group is-layout-grid wp-container-core-group-is-layout-baef362d wp-block-group-is-layout-grid\">\n<div class=\"wp-block-group is-content-justification-left is-layout-constrained wp-container-core-group-is-layout-8c890d92 wp-block-group-is-layout-constrained\">\n<figure class=\"wp-block-image aligncenter size-full\"><img loading=\"lazy\" decoding=\"async\" width=\"249\" height=\"213\" src=\"https:\/\/www.tektrade.ee\/lt\/wp-content\/uploads\/sites\/7\/2025\/08\/ResizedImage249213-MFT-axial-tied-flanges.jpg\" alt=\"\" class=\"wp-image-3034\"\/><figcaption class=\"wp-element-caption\"><em>Su jung\u0117mis\u00a0<br><\/em><\/figcaption><\/figure>\n<\/div>\n\n\n\n<div class=\"wp-block-group is-layout-constrained wp-block-group-is-layout-constrained\">\n<figure class=\"wp-block-image aligncenter size-full\"><img loading=\"lazy\" decoding=\"async\" width=\"249\" height=\"213\" src=\"https:\/\/www.tektrade.ee\/lt\/wp-content\/uploads\/sites\/7\/2025\/08\/ResizedImage249213-MWT-axial-tied-welding-ends.jpg\" alt=\"\" class=\"wp-image-3035\"\/><figcaption class=\"wp-element-caption\"><em>Su privirintais antgaliais<br><\/em><\/figcaption><\/figure>\n<\/div>\n<\/div>\n\n\n\n<ul class=\"wp-block-list\">\n<li>Metaliniai kompensatoriai su dviem dumpl\u0117mis ir kreipiamaisiais strypais<\/li>\n<\/ul>\n\n\n\n<p>Kompensuoja \u0161onin\u012f i\u0161sipl\u0117tim\u0105 visais lygmenimis. Naudojant \u0161io tipo metalinius kompensatorius, papildomai \u012frengiami vamzd\u017ei\u0173 matmenis atitinkantys inkarai ir kreiptuvai.<\/p>\n\n\n\n<div class=\"wp-block-group is-layout-grid wp-container-core-group-is-layout-baef362d wp-block-group-is-layout-grid\">\n<div class=\"wp-block-group is-content-justification-left is-layout-constrained wp-container-core-group-is-layout-8c890d92 wp-block-group-is-layout-constrained\">\n<figure class=\"wp-block-image aligncenter size-full\"><img loading=\"lazy\" decoding=\"async\" width=\"249\" height=\"213\" src=\"https:\/\/www.tektrade.ee\/lt\/wp-content\/uploads\/sites\/7\/2025\/08\/ResizedImage249213-MFL-universal-tied-flanges.jpg\" alt=\"\" class=\"wp-image-3036\"\/><figcaption class=\"wp-element-caption\"><em>Su jung\u0117mis\u00a0<br><\/em><\/figcaption><\/figure>\n<\/div>\n\n\n\n<div class=\"wp-block-group is-layout-constrained wp-block-group-is-layout-constrained\">\n<figure class=\"wp-block-image aligncenter size-full\"><img loading=\"lazy\" decoding=\"async\" width=\"249\" height=\"213\" src=\"https:\/\/www.tektrade.ee\/lt\/wp-content\/uploads\/sites\/7\/2025\/08\/ResizedImage249213-MWL-universal-tied-welding-ends.jpg\" alt=\"\" class=\"wp-image-3037\"\/><figcaption class=\"wp-element-caption\">Su privirintais antgaliais<br><\/figcaption><\/figure>\n<\/div>\n<\/div>\n\n\n\n<ul class=\"wp-block-list\">\n<li>Kompensatoriai auk\u0161to sl\u0117gio sistemoms<\/li>\n<\/ul>\n\n\n\n<p>Kompensatori\u0173 dumpl\u0117s armuotos metaliniais \u017eiedais, jie apsaugo dumples nuo deformacij\u0173 esant auk\u0161tam sl\u0117giui.&nbsp; Tokios sustiprintos dumpl\u0117s tinka vis\u0173 tip\u0173 kompensatoriams (i\u0161lyginantiems a\u0161in\u012f, \u0161onin\u012f ar kampin\u012f i\u0161sipl\u0117tim\u0105).<\/p>\n\n\n\n<div class=\"wp-block-group is-nowrap is-layout-flex wp-container-core-group-is-layout-ad2f72ca wp-block-group-is-layout-flex\">\n<div class=\"wp-block-group is-layout-constrained wp-block-group-is-layout-constrained\">\n<figure class=\"wp-block-image alignleft size-full\"><img loading=\"lazy\" decoding=\"async\" width=\"249\" height=\"213\" src=\"https:\/\/www.tektrade.ee\/lt\/wp-content\/uploads\/sites\/7\/2025\/08\/ResizedImage249213-MRR-high-pressure-reinforcement-rings.jpg\" alt=\"\" class=\"wp-image-3038\"\/><figcaption class=\"wp-element-caption\">Dumpl\u0117s armuotos metaliniais \u017eiedais<br><\/figcaption><\/figure>\n<\/div>\n<\/div>\n\n\n\n<ul class=\"wp-block-list\">\n<li>Kompensatoriai \u0161ilumin\u0117ms trasoms<\/li>\n<\/ul>\n\n\n\n<p>Pana\u0161\u016bs \u012f metalinius kompensatorius be ribotuvo, ta\u010diau turi dar vidin\u012f ir i\u0161orin\u012f apsaugin\u012f stryp\u0105 bei ypatingas apsaugas nuo susitraukimo, pailg\u0117jimo ir vamzdyno staigi\u0173 pos\u016bki\u0173.&nbsp;<\/p>\n\n\n\n<ul class=\"wp-block-list\">\n<li>Kompensatoriai i\u0161orinio sl\u0117gio veikiamoms terp\u0117ms<\/li>\n<\/ul>\n\n\n\n<p>Numatyti naudoti vietose, kur skys\u010dio sl\u0117gis veikia dumples i\u0161 i\u0161or\u0117s, o atmosferos sl\u0117gis \u2013 i\u0161 vidaus. \u0160io tipo kompensatoriai u\u017etikrina stabilum\u0105 ir i\u0161lygina sl\u0117g\u012f abiejose dumpli\u0173 pus\u0117se. Idealus kompensatorius auk\u0161tam sl\u0117giui ir dideliam a\u0161iniam i\u0161sipl\u0117timui kompensuoti.<\/p>\n\n\n\n<div class=\"wp-block-group is-nowrap is-layout-flex wp-container-core-group-is-layout-ad2f72ca wp-block-group-is-layout-flex\">\n<div class=\"wp-block-group is-layout-constrained wp-block-group-is-layout-constrained\">\n<figure class=\"wp-block-image alignleft size-full\"><img loading=\"lazy\" decoding=\"async\" width=\"249\" height=\"213\" src=\"https:\/\/www.tektrade.ee\/lt\/wp-content\/uploads\/sites\/7\/2025\/08\/ResizedImage249213-MEP-externally-pressurized-4.jpg\" alt=\"\" class=\"wp-image-3127\"\/><figcaption class=\"wp-element-caption\">I\u0161orinio sl\u0117gio veikiamai terpei<br><\/figcaption><\/figure>\n<\/div>\n<\/div>\n\n\n\n<ul class=\"wp-block-list\">\n<li>L\u0119\u0161iniai kompensatoriai<\/li>\n<\/ul>\n\n\n\n<p>\u0160ie kompensatoriai gaminami i\u0161 storesn\u0117s med\u017eiagos ir turi vienas dumples. L\u0119\u0161iniai kompensatoriai gali b\u016bti vieno sluoksnio arba daugiasluoksniai. Jie gaminami tiek apvalios, tiek ovalios formos, taip pat l\u0119\u0161inius kompensatorius galima pagaminti pagal kliento pateikt\u0105 br\u0117\u017ein\u012f. L\u0119\u0161iniai kompensatoriai da\u017eiausiai naudojami \u0161ilumokai\u010di\u0173 ar krosni\u0173 prijungimui prie vamzdyno. Galima \u012fsigyti i\u0161 suvirint\u0173 l\u0119\u0161i\u0173 arba i\u0161 vieno lak\u0161to pagamint\u0105 variant\u0105.<\/p>\n\n\n\n<div class=\"wp-block-group is-nowrap is-layout-flex wp-container-core-group-is-layout-ad2f72ca wp-block-group-is-layout-flex\">\n<div class=\"wp-block-group is-layout-constrained wp-block-group-is-layout-constrained\">\n<figure class=\"wp-block-image alignleft size-full\"><img loading=\"lazy\" decoding=\"async\" width=\"249\" height=\"213\" src=\"https:\/\/www.tektrade.ee\/lt\/wp-content\/uploads\/sites\/7\/2025\/08\/ResizedImage249213-M-LENS-thick-wall-flanged-flued-5.jpg\" alt=\"\" class=\"wp-image-3128\"\/><figcaption class=\"wp-element-caption\">Vienal\u0119\u0161is<br><\/figcaption><\/figure>\n<\/div>\n<\/div>\n\n\n\n<ul class=\"wp-block-list\">\n<li>Keturkampiai kompensatoriai<\/li>\n<\/ul>\n\n\n\n<p>Keturkampiai kompensatoriai paprastai b\u016bna l\u0119\u0161inio tipo, pagaminti su \u201eU\u201c ar \u201eV\u201c formos bangele. \u0160i\u0173 kompensatori\u0173 kampai gali b\u016bti apval\u016bs, pjauto profilio ar turintys 45\u00b0 kampo jungt\u012f.<\/p>\n\n\n\n<div class=\"wp-block-group is-layout-grid wp-container-core-group-is-layout-6be84c55 wp-block-group-is-layout-grid\">\n<div class=\"wp-block-group is-content-justification-left is-layout-constrained wp-container-core-group-is-layout-8c890d92 wp-block-group-is-layout-constrained\">\n<figure class=\"wp-block-image aligncenter size-full\"><img loading=\"lazy\" decoding=\"async\" width=\"249\" height=\"213\" src=\"https:\/\/www.tektrade.ee\/lt\/wp-content\/uploads\/sites\/7\/2025\/08\/ResizedImage249213-MRW-rectangular-camera.jpg\" alt=\"\" class=\"wp-image-3042\"\/><figcaption class=\"wp-element-caption\">Su 45\u00b0 kampo jungtimi<br><\/figcaption><\/figure>\n<\/div>\n\n\n\n<div class=\"wp-block-group is-layout-constrained wp-block-group-is-layout-constrained\">\n<figure class=\"wp-block-image aligncenter size-full\"><img loading=\"lazy\" decoding=\"async\" width=\"249\" height=\"213\" src=\"https:\/\/www.tektrade.ee\/lt\/wp-content\/uploads\/sites\/7\/2025\/08\/ResizedImage249213-MRU-rectangular-rounded.jpg\" alt=\"\" class=\"wp-image-3043\"\/><figcaption class=\"wp-element-caption\">Su \u201eU\u201c formos bangele<br><\/figcaption><\/figure>\n<\/div>\n\n\n\n<div class=\"wp-block-group is-layout-constrained wp-block-group-is-layout-constrained\">\n<figure class=\"wp-block-image aligncenter size-full\"><img loading=\"lazy\" decoding=\"async\" width=\"249\" height=\"212\" src=\"https:\/\/www.tektrade.ee\/lt\/wp-content\/uploads\/sites\/7\/2025\/08\/ResizedImage249212-MRV-rectangular-miter.jpg\" alt=\"\" class=\"wp-image-3044\"\/><figcaption class=\"wp-element-caption\">Su \u201eV\u201c formos bangele<br><\/figcaption><\/figure>\n<\/div>\n<\/div>\n\n\n\n<p>Papildomai galima \u012fsigyti vadinam\u0173j\u0173 kardanini\u0173 (\u201eKardanas\u201c), lankstini\u0173 (\u201eVyriai\u201d) ir \u201eFCCU\u201c kompensatori\u0173, taip pat \u0161ilum\u0105 sulaikant\u012f apvalkal\u0105 turin\u010di\u0173 kompensatori\u0173.<\/p>\n\n\n\n<div class=\"wp-block-file\"><a id=\"wp-block-file--media-4b3630cd-57b8-4f7f-baac-609119127cbb\" href=\"https:\/\/www.tektrade.ee\/lt\/wp-content\/uploads\/sites\/7\/2025\/08\/metal-expansion-joints.pdf\" target=\"_blank\" rel=\"noreferrer noopener\">Preki\u0173 katalogas<\/a><\/div>\n","protected":false},"featured_media":0,"parent":2877,"menu_order":38,"template":"","class_list":["post-3030","product","type-product","status-publish","hentry"],"acf":[],"_links":{"self":[{"href":"https:\/\/www.tektrade.ee\/lt\/wp-json\/wp\/v2\/product\/3030","targetHints":{"allow":["GET"]}}],"collection":[{"href":"https:\/\/www.tektrade.ee\/lt\/wp-json\/wp\/v2\/product"}],"about":[{"href":"https:\/\/www.tektrade.ee\/lt\/wp-json\/wp\/v2\/types\/product"}],"version-history":[{"count":2,"href":"https:\/\/www.tektrade.ee\/lt\/wp-json\/wp\/v2\/product\/3030\/revisions"}],"predecessor-version":[{"id":3129,"href":"https:\/\/www.tektrade.ee\/lt\/wp-json\/wp\/v2\/product\/3030\/revisions\/3129"}],"up":[{"embeddable":true,"href":"https:\/\/www.tektrade.ee\/lt\/wp-json\/wp\/v2\/product\/2877"}],"wp:attachment":[{"href":"https:\/\/www.tektrade.ee\/lt\/wp-json\/wp\/v2\/media?parent=3030"}],"curies":[{"name":"wp","href":"https:\/\/api.w.org\/{rel}","templated":true}]}}