{"id":3004,"date":"2025-08-16T13:40:44","date_gmt":"2025-08-16T10:40:44","guid":{"rendered":"https:\/\/www.tektrade.ee\/lt\/?post_type=product&#038;p=3004"},"modified":"2025-08-19T22:41:49","modified_gmt":"2025-08-19T19:41:49","slug":"vamzdziu-jungtys-su-spaustukais","status":"publish","type":"product","link":"https:\/\/www.tektrade.ee\/lt\/prekes\/vamzdynu-komponentai\/jungtys-zarnos-ir-vamzdziai\/vamzdziu-jungtys-su-spaustukais\/","title":{"rendered":"Vamzd\u017ei\u0173 jungtys su spaustukais"},"content":{"rendered":"\n<div class=\"wp-block-group is-nowrap is-layout-flex wp-container-core-group-is-layout-64989fb1 wp-block-group-is-layout-flex\">\n<div class=\"wp-block-group is-layout-constrained wp-block-group-is-layout-constrained\">\n<p>M\u016bs\u0173 asortimente taip pat yra \u201eNormaconnect\u00ae\u201c vamzd\u017ei\u0173 jung\u010di\u0173 su spaustukais, da\u017enai naudojam\u0173 vandens ir alyvos vamzd\u017eiams laivuose bei kitose vietose, kur reikia sujungti vibruojan\u010dias vamzd\u017ei\u0173 sistemas. Speciali remontin\u0117 REP jungtis skirta vamzdyno avarijos greitam likvidavimui.&nbsp;<\/p>\n\n\n\n<p><br>Sand\u0117lyje turime GRIP E tipo jungtis su spaustukais ir EPDM ar NBR sandarikliais. Pagal u\u017esakym\u0105 galima \u012fsigyti kit\u0173 tip\u0173 jung\u010di\u0173 i\u0161 \u012fvairi\u0173 med\u017eiag\u0173.<\/p>\n\n\n\n<div class=\"wp-block-file\"><a id=\"wp-block-file--media-9146146e-c2ec-4d39-b0a0-8247a2146b92\" href=\"https:\/\/www.tektrade.ee\/lt\/wp-content\/uploads\/sites\/7\/2025\/08\/Norma-kataloog.pdf\" target=\"_blank\" rel=\"noreferrer noopener\">&#8222;Normaconnect\u00ae&#8221; katalogas<\/a><\/div>\n<\/div>\n\n\n\n<div class=\"wp-block-group is-layout-flow wp-block-group-is-layout-flow\">\n<figure class=\"wp-block-image size-frontpage-thumbnail is-resized wp-container-content-69bc4bdf\"><img loading=\"lazy\" decoding=\"async\" width=\"280\" height=\"280\" src=\"https:\/\/www.tektrade.ee\/lt\/wp-content\/uploads\/sites\/7\/2025\/08\/ResizedImage300300-torustiku-klamberuhendus-280x280.jpeg\" alt=\"\" class=\"wp-image-3027\" style=\"width:480px\" srcset=\"https:\/\/www.tektrade.ee\/lt\/wp-content\/uploads\/sites\/7\/2025\/08\/ResizedImage300300-torustiku-klamberuhendus-280x280.jpeg 280w, https:\/\/www.tektrade.ee\/lt\/wp-content\/uploads\/sites\/7\/2025\/08\/ResizedImage300300-torustiku-klamberuhendus-150x150.jpeg 150w, https:\/\/www.tektrade.ee\/lt\/wp-content\/uploads\/sites\/7\/2025\/08\/ResizedImage300300-torustiku-klamberuhendus-100x100.jpeg 100w, https:\/\/www.tektrade.ee\/lt\/wp-content\/uploads\/sites\/7\/2025\/08\/ResizedImage300300-torustiku-klamberuhendus.jpeg 300w\" sizes=\"auto, (max-width: 280px) 100vw, 280px\" \/><figcaption class=\"wp-element-caption\">Vamzd\u017ei\u0173 jungtis su spaustukais<br><\/figcaption><\/figure>\n<\/div>\n<\/div>\n\n\n\n<p><\/p>\n","protected":false},"featured_media":0,"parent":2883,"menu_order":54,"template":"","class_list":["post-3004","product","type-product","status-publish","hentry"],"acf":[],"_links":{"self":[{"href":"https:\/\/www.tektrade.ee\/lt\/wp-json\/wp\/v2\/product\/3004","targetHints":{"allow":["GET"]}}],"collection":[{"href":"https:\/\/www.tektrade.ee\/lt\/wp-json\/wp\/v2\/product"}],"about":[{"href":"https:\/\/www.tektrade.ee\/lt\/wp-json\/wp\/v2\/types\/product"}],"version-history":[{"count":2,"href":"https:\/\/www.tektrade.ee\/lt\/wp-json\/wp\/v2\/product\/3004\/revisions"}],"predecessor-version":[{"id":3159,"href":"https:\/\/www.tektrade.ee\/lt\/wp-json\/wp\/v2\/product\/3004\/revisions\/3159"}],"up":[{"embeddable":true,"href":"https:\/\/www.tektrade.ee\/lt\/wp-json\/wp\/v2\/product\/2883"}],"wp:attachment":[{"href":"https:\/\/www.tektrade.ee\/lt\/wp-json\/wp\/v2\/media?parent=3004"}],"curies":[{"name":"wp","href":"https:\/\/api.w.org\/{rel}","templated":true}]}}