{"id":3003,"date":"2025-08-16T13:39:09","date_gmt":"2025-08-16T10:39:09","guid":{"rendered":"https:\/\/www.tektrade.ee\/lt\/?post_type=product&#038;p=3003"},"modified":"2025-08-19T22:41:23","modified_gmt":"2025-08-19T19:41:23","slug":"zarnos-ir-vamzdeliai","status":"publish","type":"product","link":"https:\/\/www.tektrade.ee\/lt\/prekes\/vamzdynu-komponentai\/jungtys-zarnos-ir-vamzdziai\/zarnos-ir-vamzdeliai\/","title":{"rendered":"\u017darnos ir vamzdeliai"},"content":{"rendered":"\n<p><strong>\u201eSERTO\u201c vamzdeliai ir \u017earnos<\/strong><br>Med\u017eiagos: PA, LDPE, PU, PTFE, PVDF, FEP, PFA, ner\u016bdijantis plienas 1.4571 ir 1.4301, PTFE \u017earnos padengtos plieno apvalkalu.<br>&nbsp;<\/p>\n\n\n\n<p><strong>AFLEX \u017earnos su PTFE tarpikliu<\/strong><br>AFLEX \u017earnos su PTFE tarpikliu naudojamos farmacijos, biotechnologijos, chemijos ir perdirbimo pramon\u0117je skys\u010di\u0173 gabenimui.<\/p>\n\n\n\n<p>Pagal taikymo srit\u012f \u017earnos skirstomos \u012f \u0161ias r\u016b\u0161is:<\/p>\n\n\n\n<ul class=\"wp-block-list\">\n<li>\u201ePharmaline\u201c N ir X \u2013 farmacijos gamybai\u00a0<\/li>\n<\/ul>\n\n\n\n<div class=\"wp-block-group is-nowrap is-layout-flex wp-container-core-group-is-layout-ad2f72ca wp-block-group-is-layout-flex\">\n<div class=\"wp-block-group is-layout-constrained wp-block-group-is-layout-constrained\">\n<figure class=\"wp-block-image alignleft size-full\"><img loading=\"lazy\" decoding=\"async\" width=\"600\" height=\"273\" src=\"https:\/\/www.tektrade.ee\/lt\/wp-content\/uploads\/sites\/7\/2025\/08\/ResizedImage600273-Pharmaline.jpg\" alt=\"\" class=\"wp-image-3013\" srcset=\"https:\/\/www.tektrade.ee\/lt\/wp-content\/uploads\/sites\/7\/2025\/08\/ResizedImage600273-Pharmaline.jpg 600w, https:\/\/www.tektrade.ee\/lt\/wp-content\/uploads\/sites\/7\/2025\/08\/ResizedImage600273-Pharmaline-300x137.jpg 300w\" sizes=\"auto, (max-width: 600px) 100vw, 600px\" \/><figcaption class=\"wp-element-caption\"><em>&#8222;Pharmaline&#8221;<br><\/em><\/figcaption><\/figure>\n<\/div>\n<\/div>\n\n\n\n<p>Puikiai pakei\u010dia silikonine \u017earnas, kai procesas reikalauja visi\u0161k\u0105 atsparum\u0105 chemikalams.<\/p>\n\n\n\n<div class=\"wp-block-file\"><a id=\"wp-block-file--media-682b9113-a0ed-459e-8142-025e15921c6c\" href=\"https:\/\/www.tektrade.ee\/lt\/wp-content\/uploads\/sites\/7\/2025\/08\/pharma-en.pdf\" target=\"_blank\" rel=\"noreferrer noopener\">&#8222;Pharmaline\u201c gamini\u0173 katalogas<\/a><\/div>\n\n\n\n<ul class=\"wp-block-list\">\n<li>&#8222;Bioflex Ultra&#8221; \u2013\u00a0\u017earna farmacijos ir biotechnologijos pramonei<br><\/li>\n<\/ul>\n\n\n\n<div class=\"wp-block-group is-nowrap is-layout-flex wp-container-core-group-is-layout-ad2f72ca wp-block-group-is-layout-flex\">\n<div class=\"wp-block-group is-layout-constrained wp-block-group-is-layout-constrained\">\n<figure class=\"wp-block-image alignleft size-full\"><img loading=\"lazy\" decoding=\"async\" width=\"600\" height=\"503\" src=\"https:\/\/www.tektrade.ee\/lt\/wp-content\/uploads\/sites\/7\/2025\/08\/ResizedImage600503-Bioflex-Ultra.jpg\" alt=\"\" class=\"wp-image-3015\" srcset=\"https:\/\/www.tektrade.ee\/lt\/wp-content\/uploads\/sites\/7\/2025\/08\/ResizedImage600503-Bioflex-Ultra.jpg 600w, https:\/\/www.tektrade.ee\/lt\/wp-content\/uploads\/sites\/7\/2025\/08\/ResizedImage600503-Bioflex-Ultra-300x252.jpg 300w\" sizes=\"auto, (max-width: 600px) 100vw, 600px\" \/><figcaption class=\"wp-element-caption\">&#8222;Bioflex Ultra&#8221;<br><\/figcaption><\/figure>\n<\/div>\n<\/div>\n\n\n\n<p>Labai lanksti, nesudaro mazg\u0173. Lygus per\u0117jimas tarp PTFE tarpiklio ir jungties u\u017etikrina tolyg\u0173 sraut\u0105 ir palengvina valym\u0105.<\/p>\n\n\n\n<div class=\"wp-block-file\"><a id=\"wp-block-file--media-7e54bdee-e906-4069-ae8c-d2d3de5e5d37\" href=\"https:\/\/www.tektrade.ee\/lt\/wp-content\/uploads\/sites\/7\/2025\/08\/bioflex-ultra-en.pdf\" target=\"_blank\" rel=\"noreferrer noopener\">\u201eBioflex Ultra\u201c gamini\u0173 katalogas<\/a><\/div>\n\n\n\n<ul class=\"wp-block-list\">\n<li>&#8222;Corroflon&#8221; \u2013\u00a0\u017earna chemijos ir perdirbimo pramonei<br><\/li>\n<\/ul>\n\n\n\n<div class=\"wp-block-group is-nowrap is-layout-flex wp-container-core-group-is-layout-ad2f72ca wp-block-group-is-layout-flex\">\n<div class=\"wp-block-group is-layout-constrained wp-block-group-is-layout-constrained\">\n<figure class=\"wp-block-image alignleft size-full\"><img loading=\"lazy\" decoding=\"async\" width=\"600\" height=\"239\" src=\"https:\/\/www.tektrade.ee\/lt\/wp-content\/uploads\/sites\/7\/2025\/08\/ResizedImage600239-Corroflon.jpg\" alt=\"\" class=\"wp-image-3017\" srcset=\"https:\/\/www.tektrade.ee\/lt\/wp-content\/uploads\/sites\/7\/2025\/08\/ResizedImage600239-Corroflon.jpg 600w, https:\/\/www.tektrade.ee\/lt\/wp-content\/uploads\/sites\/7\/2025\/08\/ResizedImage600239-Corroflon-300x120.jpg 300w\" sizes=\"auto, (max-width: 600px) 100vw, 600px\" \/><figcaption class=\"wp-element-caption\"><em>&#8222;Corroflon&#8221;<br><\/em><\/figcaption><\/figure>\n<\/div>\n<\/div>\n\n\n\n<p>Labai patvari, nesipina \u012f mazgus. Didel\u012f lankstum\u0105 ir stiprum\u0105 u\u017etikrina banguotas PTFE sluoksnis.\u00a0<\/p>\n\n\n\n<div class=\"wp-block-file\"><a id=\"wp-block-file--media-b0dfc25b-8199-4f2f-9369-16a5e16b6bf7\" href=\"https:\/\/www.tektrade.ee\/lt\/wp-content\/uploads\/sites\/7\/2025\/08\/corroflon-en.pdf\" target=\"_blank\" rel=\"noreferrer noopener\">&#8222;Corroflon\u201c gamini\u0173 katalogas<\/a><\/div>\n\n\n\n<p><\/p>\n\n\n\n<p>Papildomai \u017ei\u016br\u0117kite:\u00a0<\/p>\n\n\n\n<div class=\"wp-block-file\"><a id=\"wp-block-file--media-0c845040-47b6-4447-a28d-5c430963da7a\" href=\"https:\/\/www.tektrade.ee\/lt\/wp-content\/uploads\/sites\/7\/2025\/08\/corroline-plus-en.pdf\" target=\"_blank\" rel=\"noreferrer noopener\">&#8222;Corroline&#8221;\u00a0gamini\u0173 katalogas<\/a><\/div>\n\n\n\n<div class=\"wp-block-file\"><a id=\"wp-block-file--media-c14fba4f-46fb-44af-a123-6bf50b00fbec\" href=\"https:\/\/www.tektrade.ee\/lt\/wp-content\/uploads\/sites\/7\/2025\/08\/hyperline-en.pdf\" target=\"_blank\" rel=\"noreferrer noopener\">\u201eHyperline FX\u201c gamini\u0173 katalogas<\/a><\/div>\n\n\n\n<div class=\"wp-block-file\"><a id=\"wp-block-file--media-c31a93a2-45df-41ca-98ea-b9d7fd9d8b36\" href=\"https:\/\/www.tektrade.ee\/lt\/wp-content\/uploads\/sites\/7\/2025\/08\/smoothbore-en.pdf\" target=\"_blank\" rel=\"noreferrer noopener\">\u201eSmoothbore\u201c gamini\u0173 katalogas<\/a><\/div>\n\n\n\n<div class=\"wp-block-file\"><a id=\"wp-block-file--media-3f4e9548-d56a-47a9-a3e1-5bcedb9f50d4\" href=\"https:\/\/www.tektrade.ee\/lt\/wp-content\/uploads\/sites\/7\/2025\/08\/visiflon-en.pdf\" target=\"_blank\" rel=\"noreferrer noopener\">\u201eVisiflon\u201c gamini\u0173 katalogas<\/a><\/div>\n\n\n\n<p><\/p>\n","protected":false},"featured_media":0,"parent":2883,"menu_order":53,"template":"","class_list":["post-3003","product","type-product","status-publish","hentry"],"acf":[],"_links":{"self":[{"href":"https:\/\/www.tektrade.ee\/lt\/wp-json\/wp\/v2\/product\/3003","targetHints":{"allow":["GET"]}}],"collection":[{"href":"https:\/\/www.tektrade.ee\/lt\/wp-json\/wp\/v2\/product"}],"about":[{"href":"https:\/\/www.tektrade.ee\/lt\/wp-json\/wp\/v2\/types\/product"}],"version-history":[{"count":5,"href":"https:\/\/www.tektrade.ee\/lt\/wp-json\/wp\/v2\/product\/3003\/revisions"}],"predecessor-version":[{"id":3158,"href":"https:\/\/www.tektrade.ee\/lt\/wp-json\/wp\/v2\/product\/3003\/revisions\/3158"}],"up":[{"embeddable":true,"href":"https:\/\/www.tektrade.ee\/lt\/wp-json\/wp\/v2\/product\/2883"}],"wp:attachment":[{"href":"https:\/\/www.tektrade.ee\/lt\/wp-json\/wp\/v2\/media?parent=3003"}],"curies":[{"name":"wp","href":"https:\/\/api.w.org\/{rel}","templated":true}]}}