{"id":3002,"date":"2025-08-16T13:35:37","date_gmt":"2025-08-16T10:35:37","guid":{"rendered":"https:\/\/www.tektrade.ee\/lt\/?post_type=product&#038;p=3002"},"modified":"2025-08-19T22:39:31","modified_gmt":"2025-08-19T19:39:31","slug":"exmar-316ti-din-jungtys","status":"publish","type":"product","link":"https:\/\/www.tektrade.ee\/lt\/prekes\/vamzdynu-komponentai\/jungtys-zarnos-ir-vamzdziai\/exmar-316ti-din-jungtys\/","title":{"rendered":"\u201eEXMAR 316Ti DIN\u201c jungtys"},"content":{"rendered":"\n<div class=\"wp-block-group is-nowrap is-layout-flex wp-container-core-group-is-layout-ad2f72ca wp-block-group-is-layout-flex\">\n<div class=\"wp-block-group is-layout-constrained wp-block-group-is-layout-constrained\">\n<figure class=\"wp-block-image alignleft size-full\"><img loading=\"lazy\" decoding=\"async\" width=\"289\" height=\"300\" src=\"https:\/\/www.tektrade.ee\/lt\/wp-content\/uploads\/sites\/7\/2025\/08\/ResizedImage289300-Exmar.jpeg\" alt=\"\" class=\"wp-image-3011\"\/><figcaption class=\"wp-element-caption\">\u201eEXMAR 316Ti Elbow\u201c vamzd\u017ei\u0173 jungtys<br><\/figcaption><\/figure>\n<\/div>\n<\/div>\n\n\n\n<div style=\"height:30px\" aria-hidden=\"true\" class=\"wp-block-spacer\"><\/div>\n\n\n\n<p>EXMAR gamini\u0173 asortimente yra r\u016bg\u0161tims atsparios jungtys i\u0161 DIN2353 plieno.&nbsp;<br>Si\u016blomi \u0161e\u0161i\u0173 skirting\u0173 r\u016b\u0161i\u0173 gaminiai vamzd\u017eiams sujungti:<\/p>\n\n\n\n<p>1. Pjautini\u0173 \u017eied\u0173 jungtys:<\/p>\n\n\n\n<ul class=\"wp-block-list\">\n<li>med\u017eiaga: EN 1.4571;<\/li>\n\n\n\n<li>vamzd\u017ei\u0173 matmen\u0173 intervalas: 4\u201342 mm;<\/li>\n\n\n\n<li>vardinis sl\u0117gis: iki 800 bar;<\/li>\n\n\n\n<li>temperat\u016bra: nuo -60 \u00b0C iki +400 \u00b0C.<\/li>\n<\/ul>\n\n\n\n<p>&nbsp;2. Valcuotos jungtys:<\/p>\n\n\n\n<ul class=\"wp-block-list\">\n<li>med\u017eiaga: EN 1.4571;<\/li>\n\n\n\n<li>vamzd\u017ei\u0173 matmen\u0173 intervalas 6-42 mm;<\/li>\n\n\n\n<li>vardinis sl\u0117gis: iki 630 bar;<\/li>\n\n\n\n<li>temperat\u016bra: nuo -60 \u00b0C iki +400 \u00b0C.<\/li>\n<\/ul>\n\n\n\n<p>&nbsp;3. Jungtys su siaur\u0117jan\u010diu sandarikliu:<\/p>\n\n\n\n<ul class=\"wp-block-list\">\n<li>med\u017eiaga: EN 1.4571;<\/li>\n\n\n\n<li>vamzd\u017ei\u0173 matmen\u0173 intervalas: 6\u201342 mm;<\/li>\n\n\n\n<li>vardinis sl\u0117gis: iki 630 bar;<\/li>\n\n\n\n<li>temperat\u016bra: nuo -20 \u00b0C iki +200 \u00b0C\u00b0.<\/li>\n<\/ul>\n\n\n\n<p>&nbsp;4. Rutuliniai ir adatiniai vo\u017etuvai:<\/p>\n\n\n\n<ul class=\"wp-block-list\">\n<li>med\u017eiaga: auk\u0161tos kokyb\u0117s ner\u016bdijantis lydinys;<\/li>\n\n\n\n<li>vamzd\u017ei\u0173 matmen\u0173 intervalas: 6\u201342 mm ir \u00bc\u201d- 2\u201d;<\/li>\n\n\n\n<li>vardinis sl\u0117gis: iki 600 bar.<\/li>\n<\/ul>\n\n\n\n<p>&nbsp;5. NC u\u017espaud\u017eiamos jungtys:<\/p>\n\n\n\n<ul class=\"wp-block-list\">\n<li>med\u017eiaga: EN 1.4571;<\/li>\n\n\n\n<li>vamzd\u017ei\u0173 matmen\u0173 intervalas: 6\u201325 mm;<\/li>\n\n\n\n<li>vardinis sl\u0117gis: iki 500 bar;<\/li>\n\n\n\n<li>temperat\u016bra: nuo -60 \u00b0C iki +400 \u00b0C;<\/li>\n\n\n\n<li>ver\u017el\u0117s i\u0161 vidaus padengtos sidabru, taip jos lengviau ir grei\u010diau sumontuojamos.<\/li>\n<\/ul>\n\n\n\n<p>&nbsp;6. \u201eExmar\u201c \u017earn\u0173 movos:<\/p>\n\n\n\n<ul class=\"wp-block-list\">\n<li>med\u017eiaga: EN 1.4571;<\/li>\n\n\n\n<li>pritaikytos auk\u0161to sl\u0117gio aplinkai;<\/li>\n\n\n\n<li>skirtos hidraulin\u0117ms \u017earnoms be plei\u0161t\u0173.<\/li>\n<\/ul>\n","protected":false},"featured_media":0,"parent":2883,"menu_order":52,"template":"","class_list":["post-3002","product","type-product","status-publish","hentry"],"acf":[],"_links":{"self":[{"href":"https:\/\/www.tektrade.ee\/lt\/wp-json\/wp\/v2\/product\/3002","targetHints":{"allow":["GET"]}}],"collection":[{"href":"https:\/\/www.tektrade.ee\/lt\/wp-json\/wp\/v2\/product"}],"about":[{"href":"https:\/\/www.tektrade.ee\/lt\/wp-json\/wp\/v2\/types\/product"}],"version-history":[{"count":2,"href":"https:\/\/www.tektrade.ee\/lt\/wp-json\/wp\/v2\/product\/3002\/revisions"}],"predecessor-version":[{"id":3156,"href":"https:\/\/www.tektrade.ee\/lt\/wp-json\/wp\/v2\/product\/3002\/revisions\/3156"}],"up":[{"embeddable":true,"href":"https:\/\/www.tektrade.ee\/lt\/wp-json\/wp\/v2\/product\/2883"}],"wp:attachment":[{"href":"https:\/\/www.tektrade.ee\/lt\/wp-json\/wp\/v2\/media?parent=3002"}],"curies":[{"name":"wp","href":"https:\/\/api.w.org\/{rel}","templated":true}]}}