{"id":3001,"date":"2025-08-16T13:34:58","date_gmt":"2025-08-16T10:34:58","guid":{"rendered":"https:\/\/www.tektrade.ee\/lt\/?post_type=product&#038;p=3001"},"modified":"2025-08-19T22:39:01","modified_gmt":"2025-08-19T19:39:01","slug":"serto-radialines-jungtys","status":"publish","type":"product","link":"https:\/\/www.tektrade.ee\/lt\/prekes\/vamzdynu-komponentai\/jungtys-zarnos-ir-vamzdziai\/serto-radialines-jungtys\/","title":{"rendered":"\u201eSerto\u201c radialin\u0117s jungtys"},"content":{"rendered":"\n<p>\u201eSERTO\u201c gamina unikalias radialines jungtis ir vo\u017etuvus i\u0161 ner\u016bdijan\u010dio plieno, anglinio plieno, \u017ealvario ir PVDF\/PA plastiko.<br><br><a  href=\"https:\/\/www.serto.com\/en\/products\/your-benefits\/\"  target=\"_blank\" rel=\"noreferrer noopener\" target=\"_blank\">https:\/\/www.serto.com\/en\/products\/your-benefits\/<\/a><\/p>\n\n\n\n<p>Savyb\u0117s: &nbsp; &nbsp; &nbsp; &nbsp; &nbsp; &nbsp; &nbsp; &nbsp; &nbsp; &nbsp; &nbsp; &nbsp; &nbsp; &nbsp;&nbsp;<\/p>\n\n\n\n<p>1. Radialinis demontavimas<\/p>\n\n\n\n<div class=\"wp-block-group is-nowrap is-layout-flex wp-container-core-group-is-layout-ad2f72ca wp-block-group-is-layout-flex\">\n<div class=\"wp-block-group is-layout-constrained wp-block-group-is-layout-constrained\">\n<figure class=\"wp-block-image alignleft size-full\"><img loading=\"lazy\" decoding=\"async\" width=\"300\" height=\"120\" src=\"https:\/\/www.tektrade.ee\/lt\/wp-content\/uploads\/sites\/7\/2025\/08\/ResizedImage300120-Radiaalne-demonteerimine.jpg\" alt=\"\" class=\"wp-image-3005\"\/><figcaption class=\"wp-element-caption\">Radialinis demontavimas<br><\/figcaption><\/figure>\n<\/div>\n<\/div>\n\n\n\n<div style=\"height:30px\" aria-hidden=\"true\" class=\"wp-block-spacer\"><\/div>\n\n\n\n<p>Naudojant \u0161\u012f demontavimo b\u016bd\u0105, n\u0117ra pa\u017eeid\u017eiamos jung\u010di\u0173 sand\u016br\u0173 vietos, tod\u0117l jungtys ir vamzd\u017eiai lieka tinkami pakartotiniam montavimui. Vadinasi, galima i\u0161vengti jung\u010di\u0173 ir vamzd\u017ei\u0173 keitimo, taip taupomas laikas ir pinigai. Be to, montavimo metu vamzd\u017eiai nelenkiami ir netempiami, tod\u0117l demontavimui sunaudojama ma\u017eiau laiko.<\/p>\n\n\n\n<p>2. Paprastas montavimas<\/p>\n\n\n\n<div class=\"wp-block-group is-nowrap is-layout-flex wp-container-core-group-is-layout-ad2f72ca wp-block-group-is-layout-flex\">\n<div class=\"wp-block-group is-layout-constrained wp-block-group-is-layout-constrained\">\n<figure class=\"wp-block-image alignleft size-full\"><img loading=\"lazy\" decoding=\"async\" width=\"300\" height=\"300\" src=\"https:\/\/www.tektrade.ee\/lt\/wp-content\/uploads\/sites\/7\/2025\/08\/ResizedImage300300-Paigalduse-jarjekord-ei-ole-oluline.jpg\" alt=\"\" class=\"wp-image-3006\" srcset=\"https:\/\/www.tektrade.ee\/lt\/wp-content\/uploads\/sites\/7\/2025\/08\/ResizedImage300300-Paigalduse-jarjekord-ei-ole-oluline.jpg 300w, https:\/\/www.tektrade.ee\/lt\/wp-content\/uploads\/sites\/7\/2025\/08\/ResizedImage300300-Paigalduse-jarjekord-ei-ole-oluline-150x150.jpg 150w, https:\/\/www.tektrade.ee\/lt\/wp-content\/uploads\/sites\/7\/2025\/08\/ResizedImage300300-Paigalduse-jarjekord-ei-ole-oluline-100x100.jpg 100w, https:\/\/www.tektrade.ee\/lt\/wp-content\/uploads\/sites\/7\/2025\/08\/ResizedImage300300-Paigalduse-jarjekord-ei-ole-oluline-280x280.jpg 280w\" sizes=\"auto, (max-width: 300px) 100vw, 300px\" \/><figcaption class=\"wp-element-caption\">Montavimo seka n\u0117ra svarbi<br><\/figcaption><\/figure>\n<\/div>\n<\/div>\n\n\n\n<div style=\"height:30px\" aria-hidden=\"true\" class=\"wp-block-spacer\"><\/div>\n\n\n\n<p>Montavimas vykdomas be speciali\u0173 reikmen\u0173, taigi sutaupomos i\u0161laidos. Pirmin\u012f surinkim\u0105 galima atlikti dirbtuv\u0117je, tod\u0117l montavimas vietoje b\u016bna greitesnis ir paprastesnis.<br>Vamzdyno komponent\u0173 montavimo seka n\u0117ra svarbi, tai supaprastina surinkimo proces\u0105.&nbsp;<\/p>\n\n\n\n<p>3. Vamzd\u017eio ir jungties sujungimas be tarpiklio<\/p>\n\n\n\n<div class=\"wp-block-group is-nowrap is-layout-flex wp-container-core-group-is-layout-ad2f72ca wp-block-group-is-layout-flex\">\n<div class=\"wp-block-group is-layout-constrained wp-block-group-is-layout-constrained\">\n<figure class=\"wp-block-image alignleft size-full\"><img loading=\"lazy\" decoding=\"async\" width=\"300\" height=\"300\" src=\"https:\/\/www.tektrade.ee\/lt\/wp-content\/uploads\/sites\/7\/2025\/08\/ResizedImage300300-Tihendivaba-uhendus.jpg\" alt=\"\" class=\"wp-image-3007\" srcset=\"https:\/\/www.tektrade.ee\/lt\/wp-content\/uploads\/sites\/7\/2025\/08\/ResizedImage300300-Tihendivaba-uhendus.jpg 300w, https:\/\/www.tektrade.ee\/lt\/wp-content\/uploads\/sites\/7\/2025\/08\/ResizedImage300300-Tihendivaba-uhendus-150x150.jpg 150w, https:\/\/www.tektrade.ee\/lt\/wp-content\/uploads\/sites\/7\/2025\/08\/ResizedImage300300-Tihendivaba-uhendus-100x100.jpg 100w, https:\/\/www.tektrade.ee\/lt\/wp-content\/uploads\/sites\/7\/2025\/08\/ResizedImage300300-Tihendivaba-uhendus-280x280.jpg 280w\" sizes=\"auto, (max-width: 300px) 100vw, 300px\" \/><figcaption class=\"wp-element-caption\">Sujungimas be tarpiklio<br><\/figcaption><\/figure>\n<\/div>\n<\/div>\n\n\n\n<div style=\"height:30px\" aria-hidden=\"true\" class=\"wp-block-spacer\"><\/div>\n\n\n\n<p>Kadangi sandariklis nenaudojamas, i\u0161vengiama \u012fprastin\u0117s \u017eiedini\u0173 ir kit\u0173 tarpikli\u0173 susid\u0117v\u0117jimo problemos ir su tuo susijusi\u0173 i\u0161laid\u0173.<\/p>\n\n\n\n<p>4. Vamzd\u017eio galo \u012fpresavimas<\/p>\n\n\n\n<div class=\"wp-block-group is-nowrap is-layout-flex wp-container-core-group-is-layout-ad2f72ca wp-block-group-is-layout-flex\">\n<div class=\"wp-block-group is-layout-constrained wp-block-group-is-layout-constrained\">\n<figure class=\"wp-block-image alignleft size-full\"><img loading=\"lazy\" decoding=\"async\" width=\"300\" height=\"300\" src=\"https:\/\/www.tektrade.ee\/lt\/wp-content\/uploads\/sites\/7\/2025\/08\/ResizedImage300300-Serto-uhendus.jpg\" alt=\"\" class=\"wp-image-3008\" srcset=\"https:\/\/www.tektrade.ee\/lt\/wp-content\/uploads\/sites\/7\/2025\/08\/ResizedImage300300-Serto-uhendus.jpg 300w, https:\/\/www.tektrade.ee\/lt\/wp-content\/uploads\/sites\/7\/2025\/08\/ResizedImage300300-Serto-uhendus-150x150.jpg 150w, https:\/\/www.tektrade.ee\/lt\/wp-content\/uploads\/sites\/7\/2025\/08\/ResizedImage300300-Serto-uhendus-100x100.jpg 100w, https:\/\/www.tektrade.ee\/lt\/wp-content\/uploads\/sites\/7\/2025\/08\/ResizedImage300300-Serto-uhendus-280x280.jpg 280w\" sizes=\"auto, (max-width: 300px) 100vw, 300px\" \/><figcaption class=\"wp-element-caption\">\u201eSerto\u201c tipo sujungimas<br><\/figcaption><\/figure>\n<\/div>\n<\/div>\n\n\n\n<div style=\"height:30px\" aria-hidden=\"true\" class=\"wp-block-spacer\"><\/div>\n\n\n\n<p>Jungties galas ne\u012fsir\u0117\u017eia \u012f vamzd\u012f, tod\u0117l galima naudoti plonesni\u0173 sieneli\u0173 vamzd\u017eius, taip sutaupomos pinigin\u0117s l\u0117\u0161os ir suma\u017e\u0117ja bendras vamzdyno svoris.<br>\u0160is sujungimo b\u016bdas pasi\u017eymi atsparumu vibracijai \u2013 tokiu b\u016bdu u\u017etikrinamas didesnis stabilumas ir suma\u017e\u0117ja prastov\u0173 laikas.<br>Metalines jungtis galima sumontuoti ant plastikinio vamzd\u017eio, taigi metalini\u0173 vamzd\u017ei\u0173 nebereikia lenkti, vadinasi, suma\u017e\u0117ja i\u0161laidos darbo j\u0117gai bei laiko s\u0105naudos.<\/p>\n\n\n\n<p>5. Moduli\u0173 sistema<\/p>\n\n\n\n<div class=\"wp-block-group is-nowrap is-layout-flex wp-container-core-group-is-layout-ad2f72ca wp-block-group-is-layout-flex\">\n<div class=\"wp-block-group is-layout-constrained wp-block-group-is-layout-constrained\">\n<figure class=\"wp-block-image alignleft size-full\"><img loading=\"lazy\" decoding=\"async\" width=\"300\" height=\"131\" src=\"https:\/\/www.tektrade.ee\/lt\/wp-content\/uploads\/sites\/7\/2025\/08\/ResizedImage300131-Modular-susteem.jpg\" alt=\"\" class=\"wp-image-3009\"\/><figcaption class=\"wp-element-caption\"><em>Moduli\u0173 sistema<br><\/em><\/figcaption><\/figure>\n<\/div>\n<\/div>\n\n\n\n<div style=\"height:30px\" aria-hidden=\"true\" class=\"wp-block-spacer\"><\/div>\n\n\n\n<p>\u0160is metodas leid\u017eia sujungti \u012fvairaus skersmens, \u012fvairi\u0173 sriegio tip\u0173 ir skirting\u0173 matmen\u0173 vamzd\u017eius \u2013 suma\u017e\u0117ja jungi\u0173 skai\u010dius, sutrump\u0117ja montavimui reikalingas laikas ir taip sutaupomos i\u0161laidos.<\/p>\n\n\n\n<p>6. \u201eCad-online\u201d duomen\u0173 baz\u0117<br>STEP fail\u0173 parsisiuntimas i\u0161 \u201eCad-online\u201d duomen\u0173 baz\u0117s \u2013 lengvesniam vamzdyno projektavimui.<\/p>\n\n\n\n<p><a  href=\"http:\/\/serto.partcommunity.com\/3d-cad-models\/\"  target=\"_blank\" rel=\"noreferrer noopener\" target=\"_blank\">\u00abCad-online&#8221; duomen\u0173 baz\u0117<\/a><\/p>\n\n\n\n<p><a  href=\"https:\/\/www.serto.com\/en\/service\/media\/catalog\/\"  target=\"_blank\" rel=\"noreferrer noopener\" target=\"_blank\">&#8222;SERTO-online&#8221; katalogas<\/a><\/p>\n","protected":false},"featured_media":0,"parent":2883,"menu_order":51,"template":"","class_list":["post-3001","product","type-product","status-publish","hentry"],"acf":[],"_links":{"self":[{"href":"https:\/\/www.tektrade.ee\/lt\/wp-json\/wp\/v2\/product\/3001","targetHints":{"allow":["GET"]}}],"collection":[{"href":"https:\/\/www.tektrade.ee\/lt\/wp-json\/wp\/v2\/product"}],"about":[{"href":"https:\/\/www.tektrade.ee\/lt\/wp-json\/wp\/v2\/types\/product"}],"version-history":[{"count":2,"href":"https:\/\/www.tektrade.ee\/lt\/wp-json\/wp\/v2\/product\/3001\/revisions"}],"predecessor-version":[{"id":3155,"href":"https:\/\/www.tektrade.ee\/lt\/wp-json\/wp\/v2\/product\/3001\/revisions\/3155"}],"up":[{"embeddable":true,"href":"https:\/\/www.tektrade.ee\/lt\/wp-json\/wp\/v2\/product\/2883"}],"wp:attachment":[{"href":"https:\/\/www.tektrade.ee\/lt\/wp-json\/wp\/v2\/media?parent=3001"}],"curies":[{"name":"wp","href":"https:\/\/api.w.org\/{rel}","templated":true}]}}