{"id":2936,"date":"2025-08-16T13:22:37","date_gmt":"2025-08-16T10:22:37","guid":{"rendered":"https:\/\/www.tektrade.ee\/lt\/?post_type=product&#038;p=2936"},"modified":"2025-08-19T22:35:19","modified_gmt":"2025-08-19T19:35:19","slug":"ventiliai","status":"publish","type":"product","link":"https:\/\/www.tektrade.ee\/lt\/prekes\/vamzdynu-komponentai\/voztuvai-sklendes-ventiliai-skysciams-ir-dujoms\/ventiliai\/","title":{"rendered":"Ventiliai"},"content":{"rendered":"\n<p><strong>Sklend\u0117s-ventiliai<\/strong><\/p>\n\n\n\n<p>Plei\u0161tiniai sklend\u0117s-ventiliai<\/p>\n\n\n\n<div class=\"wp-block-group is-nowrap is-layout-flex wp-container-core-group-is-layout-ad2f72ca wp-block-group-is-layout-flex\">\n<div class=\"wp-block-group is-layout-constrained wp-block-group-is-layout-constrained\">\n<figure class=\"wp-block-image alignleft size-full\"><img loading=\"lazy\" decoding=\"async\" width=\"141\" height=\"244\" src=\"https:\/\/www.tektrade.ee\/lt\/wp-content\/uploads\/sites\/7\/2025\/08\/siiberventiilid1.png\" alt=\"\" class=\"wp-image-2959\"\/><\/figure>\n<\/div>\n<\/div>\n\n\n\n<div style=\"height:30px\" aria-hidden=\"true\" class=\"wp-block-spacer\"><\/div>\n\n\n\n<p>Peiliniai sklend\u0117s-ventiliai<\/p>\n\n\n\n<div class=\"wp-block-group is-nowrap is-layout-flex wp-container-core-group-is-layout-ad2f72ca wp-block-group-is-layout-flex\">\n<div class=\"wp-block-group is-layout-constrained wp-block-group-is-layout-constrained\">\n<figure class=\"wp-block-image alignleft size-full\"><img loading=\"lazy\" decoding=\"async\" width=\"406\" height=\"300\" src=\"https:\/\/www.tektrade.ee\/lt\/wp-content\/uploads\/sites\/7\/2025\/08\/ResizedImage406300-siiberventiilid4.png\" alt=\"\" class=\"wp-image-2960\" srcset=\"https:\/\/www.tektrade.ee\/lt\/wp-content\/uploads\/sites\/7\/2025\/08\/ResizedImage406300-siiberventiilid4.png 406w, https:\/\/www.tektrade.ee\/lt\/wp-content\/uploads\/sites\/7\/2025\/08\/ResizedImage406300-siiberventiilid4-300x222.png 300w\" sizes=\"auto, (max-width: 406px) 100vw, 406px\" \/><\/figure>\n<\/div>\n<\/div>\n\n\n\n<p><strong>Drugelio tipo, arba reversiniai ventiliai<\/strong><\/p>\n\n\n\n<div class=\"wp-block-group is-layout-grid wp-container-core-group-is-layout-baef362d wp-block-group-is-layout-grid\">\n<div class=\"wp-block-group is-content-justification-left is-layout-constrained wp-container-core-group-is-layout-8c890d92 wp-block-group-is-layout-constrained\">\n<figure class=\"wp-block-image aligncenter size-full\"><img loading=\"lazy\" decoding=\"async\" width=\"200\" height=\"249\" src=\"https:\/\/www.tektrade.ee\/lt\/wp-content\/uploads\/sites\/7\/2025\/08\/ResizedImage200249-liblikventiilid2.png\" alt=\"\" class=\"wp-image-2961\"\/><\/figure>\n<\/div>\n\n\n\n<div class=\"wp-block-group is-layout-constrained wp-block-group-is-layout-constrained\">\n<figure class=\"wp-block-image aligncenter size-full\"><img loading=\"lazy\" decoding=\"async\" width=\"200\" height=\"249\" src=\"https:\/\/www.tektrade.ee\/lt\/wp-content\/uploads\/sites\/7\/2025\/08\/liblikventiilid4.png\" alt=\"\" class=\"wp-image-2962\"\/><\/figure>\n<\/div>\n<\/div>\n\n\n\n<p><strong><strong>Balniniai ventiliai<\/strong><\/strong><\/p>\n\n\n\n<div class=\"wp-block-group is-nowrap is-layout-flex wp-container-core-group-is-layout-ad2f72ca wp-block-group-is-layout-flex\">\n<div class=\"wp-block-group is-layout-constrained wp-block-group-is-layout-constrained\">\n<figure class=\"wp-block-image alignleft size-full\"><img loading=\"lazy\" decoding=\"async\" width=\"201\" height=\"250\" src=\"https:\/\/www.tektrade.ee\/lt\/wp-content\/uploads\/sites\/7\/2025\/08\/ResizedImage201250-sadulventiilid1.png\" alt=\"\" class=\"wp-image-2963\"\/><\/figure>\n<\/div>\n<\/div>\n\n\n\n<p><strong><strong>Rutuliniai ventiliai<\/strong><\/strong><\/p>\n\n\n\n<div class=\"wp-block-group is-nowrap is-layout-flex wp-container-core-group-is-layout-ad2f72ca wp-block-group-is-layout-flex\">\n<div class=\"wp-block-group is-layout-constrained wp-block-group-is-layout-constrained\">\n<figure class=\"wp-block-image alignleft size-full\"><img loading=\"lazy\" decoding=\"async\" width=\"253\" height=\"180\" src=\"https:\/\/www.tektrade.ee\/lt\/wp-content\/uploads\/sites\/7\/2025\/08\/kuulventiilid2.png\" alt=\"\" class=\"wp-image-2964\"\/><\/figure>\n<\/div>\n<\/div>\n\n\n\n<p><strong><strong>Adatiniai ventiliai<\/strong><\/strong><\/p>\n\n\n\n<div class=\"wp-block-group is-nowrap is-layout-flex wp-container-core-group-is-layout-ad2f72ca wp-block-group-is-layout-flex\">\n<div class=\"wp-block-group is-layout-constrained wp-block-group-is-layout-constrained\">\n<figure class=\"wp-block-image alignleft size-full\"><img loading=\"lazy\" decoding=\"async\" width=\"218\" height=\"176\" src=\"https:\/\/www.tektrade.ee\/lt\/wp-content\/uploads\/sites\/7\/2025\/08\/noelventiilid1.png\" alt=\"\" class=\"wp-image-2965\"\/><\/figure>\n<\/div>\n<\/div>\n\n\n\n<div style=\"height:30px\" aria-hidden=\"true\" class=\"wp-block-spacer\"><\/div>\n\n\n\n<p><strong>Reguliavimo ventiliai<\/strong><\/p>\n\n\n\n<p>\u201eSchuf\u201c reguliavimo ventiliai chemijos, naftos chemijos ir farmacijos pramonei<\/p>\n\n\n\n<div class=\"wp-block-group is-nowrap is-layout-flex wp-container-core-group-is-layout-ad2f72ca wp-block-group-is-layout-flex\">\n<div class=\"wp-block-group is-layout-constrained wp-block-group-is-layout-constrained\">\n<figure class=\"wp-block-image alignleft size-full\"><img loading=\"lazy\" decoding=\"async\" width=\"419\" height=\"300\" src=\"https:\/\/www.tektrade.ee\/lt\/wp-content\/uploads\/sites\/7\/2025\/08\/ResizedImage419300-reguleerventiilid1.png\" alt=\"\" class=\"wp-image-2966\" srcset=\"https:\/\/www.tektrade.ee\/lt\/wp-content\/uploads\/sites\/7\/2025\/08\/ResizedImage419300-reguleerventiilid1.png 419w, https:\/\/www.tektrade.ee\/lt\/wp-content\/uploads\/sites\/7\/2025\/08\/ResizedImage419300-reguleerventiilid1-300x215.png 300w\" sizes=\"auto, (max-width: 419px) 100vw, 419px\" \/><\/figure>\n<\/div>\n<\/div>\n\n\n\n<div style=\"height:30px\" aria-hidden=\"true\" class=\"wp-block-spacer\"><\/div>\n\n\n\n<p><strong>Automatiniai cirkuliaciniai ventiliai<\/strong><\/p>\n\n\n\n<p>\u201eSchuf\u201c automatiniai cirkuliaciniai voventiliai \u017etuvai<\/p>\n\n\n\n<div class=\"wp-block-group is-nowrap is-layout-flex wp-container-core-group-is-layout-ad2f72ca wp-block-group-is-layout-flex\">\n<div class=\"wp-block-group is-layout-constrained wp-block-group-is-layout-constrained\">\n<figure class=\"wp-block-image alignleft size-full\"><img loading=\"lazy\" decoding=\"async\" width=\"280\" height=\"300\" src=\"https:\/\/www.tektrade.ee\/lt\/wp-content\/uploads\/sites\/7\/2025\/08\/ResizedImage280300-automaatsed-ringlusventiilid1.png\" alt=\"\" class=\"wp-image-2967\"\/><\/figure>\n<\/div>\n<\/div>\n\n\n\n<div style=\"height:30px\" aria-hidden=\"true\" class=\"wp-block-spacer\"><\/div>\n\n\n\n<p><strong>Pl\u016bdiniai ventiliai<\/strong><\/p>\n\n\n\n<div class=\"wp-block-group is-nowrap is-layout-flex wp-container-core-group-is-layout-ad2f72ca wp-block-group-is-layout-flex\">\n<div class=\"wp-block-group is-layout-constrained wp-block-group-is-layout-constrained\">\n<figure class=\"wp-block-image alignleft size-full\"><img loading=\"lazy\" decoding=\"async\" width=\"165\" height=\"165\" src=\"https:\/\/www.tektrade.ee\/lt\/wp-content\/uploads\/sites\/7\/2025\/08\/ujukventiilid2.png\" alt=\"\" class=\"wp-image-2968\" srcset=\"https:\/\/www.tektrade.ee\/lt\/wp-content\/uploads\/sites\/7\/2025\/08\/ujukventiilid2.png 165w, https:\/\/www.tektrade.ee\/lt\/wp-content\/uploads\/sites\/7\/2025\/08\/ujukventiilid2-150x150.png 150w, https:\/\/www.tektrade.ee\/lt\/wp-content\/uploads\/sites\/7\/2025\/08\/ujukventiilid2-100x100.png 100w\" sizes=\"auto, (max-width: 165px) 100vw, 165px\" \/><\/figure>\n<\/div>\n<\/div>\n\n\n\n<div style=\"height:30px\" aria-hidden=\"true\" class=\"wp-block-spacer\"><\/div>\n\n\n\n<p><strong>U\u017edarymo ventiliai<\/strong><\/p>\n\n\n\n<p>\u201eSchuf\u201c greitai u\u017edaromi ventiliai<\/p>\n\n\n\n<div class=\"wp-block-group is-nowrap is-layout-flex wp-container-core-group-is-layout-ad2f72ca wp-block-group-is-layout-flex\">\n<div class=\"wp-block-group is-layout-constrained wp-block-group-is-layout-constrained\">\n<figure class=\"wp-block-image alignleft size-full\"><img loading=\"lazy\" decoding=\"async\" width=\"297\" height=\"266\" src=\"https:\/\/www.tektrade.ee\/lt\/wp-content\/uploads\/sites\/7\/2025\/08\/sulgventiilid2.png\" alt=\"\" class=\"wp-image-2969\"\/><\/figure>\n<\/div>\n<\/div>\n\n\n\n<p>\u201eSchuf\u201c&nbsp;apsukamo greito u\u017edarymo ventilio vaizdo \u012fra\u0161as:<br><a  href=\"https:\/\/www.youtube.com\/watch?time_continue=3&amp;v=8xacAOJ8k_E\"  target=\"_blank\" rel=\"noreferrer noopener\" target=\"_blank\">https:\/\/www.youtube.com\/watch?time_continue=3&amp;v=8xacAOJ8k_E<\/a><\/p>\n\n\n\n<p>\u201eSchuf\u201c greito u\u017edarymo ventilio&nbsp;su disku&nbsp;vaizdo \u012fra\u0161as:<br>1.&nbsp;<a  href=\"https:\/\/www.youtube.com\/watch?time_continue=5&amp;v=xY5br3cvKrU\"  target=\"_blank\" rel=\"noreferrer noopener\" target=\"_blank\">https:\/\/www.youtube.com\/watch?time_continue=5&amp;v=xY5br3cvKrU<\/a><br>2.&nbsp;<a  href=\"https:\/\/www.youtube.com\/watch?v=PXK4tvYosOc\"  target=\"_blank\" rel=\"noreferrer noopener\" target=\"_blank\">https:\/\/www.youtube.com\/watch?v=PXK4tvYosOc<\/a>&nbsp;<\/p>\n\n\n\n<p>\u201eSchuf\u201c perjungimoventilio<\/p>\n\n\n\n<div class=\"wp-block-group is-nowrap is-layout-flex wp-container-core-group-is-layout-ad2f72ca wp-block-group-is-layout-flex\">\n<div class=\"wp-block-group is-layout-constrained wp-block-group-is-layout-constrained\">\n<figure class=\"wp-block-image alignleft size-full\"><img loading=\"lazy\" decoding=\"async\" width=\"298\" height=\"218\" src=\"https:\/\/www.tektrade.ee\/lt\/wp-content\/uploads\/sites\/7\/2025\/08\/lulitusventiilid1.png\" alt=\"\" class=\"wp-image-2970\"\/><\/figure>\n<\/div>\n<\/div>\n\n\n\n<div style=\"height:30px\" aria-hidden=\"true\" class=\"wp-block-spacer\"><\/div>\n\n\n\n<p><strong>KATALOGAI<\/strong><\/p>\n\n\n\n<div class=\"wp-block-file\"><a id=\"wp-block-file--media-e058064b-6409-4e26-abc4-f485b0e60f27\" href=\"https:\/\/www.tektrade.ee\/lt\/wp-content\/uploads\/sites\/7\/2025\/08\/SchuF-Cam-Set-Stacey-brochure.pdf\" target=\"_blank\" rel=\"noreferrer noopener\">\u201eSchuf\u201c greito u\u017edarymo ventili\u0173 katalogas angl\u0173 k.pdf<\/a><\/div>\n\n\n\n<div class=\"wp-block-file\"><a id=\"wp-block-file--media-39494222-e2cb-4d04-9e83-ed20c7b1fc75\" href=\"https:\/\/www.tektrade.ee\/lt\/wp-content\/uploads\/sites\/7\/2025\/08\/changeover-valve-model-60wn-69wn-sheet.pdf\" target=\"_blank\" rel=\"noreferrer noopener\">\u201eSchuf\u201c perjungimo ventili\u0173 katalogas angl\u0173 k.pdf<\/a><\/div>\n\n\n\n<div class=\"wp-block-file\"><a id=\"wp-block-file--media-adce1044-f27c-4eec-a73e-fc2cb8f2df9b\" href=\"https:\/\/www.tektrade.ee\/lt\/wp-content\/uploads\/sites\/7\/2025\/08\/valve-portfolio-brochure-single-pages.pdf\" target=\"_blank\" rel=\"noreferrer noopener\">\u201eSchuf\u201c bendrasis katalogas angl\u0173 k.pdf<\/a><\/div>\n\n\n\n<div class=\"wp-block-file\"><a id=\"wp-block-file--media-6db208d0-db33-4007-a6d4-565a6aec4b94\" href=\"https:\/\/www.tektrade.ee\/lt\/wp-content\/uploads\/sites\/7\/2025\/08\/VALVES-TEKTRADE-2020.pdf\" target=\"_blank\" rel=\"noreferrer noopener\">Bendrasis ventili\u0173 katalogas.pdf<\/a><\/div>\n\n\n\n<p><\/p>\n","protected":false},"featured_media":0,"parent":2881,"menu_order":47,"template":"","class_list":["post-2936","product","type-product","status-publish","hentry"],"acf":[],"_links":{"self":[{"href":"https:\/\/www.tektrade.ee\/lt\/wp-json\/wp\/v2\/product\/2936","targetHints":{"allow":["GET"]}}],"collection":[{"href":"https:\/\/www.tektrade.ee\/lt\/wp-json\/wp\/v2\/product"}],"about":[{"href":"https:\/\/www.tektrade.ee\/lt\/wp-json\/wp\/v2\/types\/product"}],"version-history":[{"count":2,"href":"https:\/\/www.tektrade.ee\/lt\/wp-json\/wp\/v2\/product\/2936\/revisions"}],"predecessor-version":[{"id":3150,"href":"https:\/\/www.tektrade.ee\/lt\/wp-json\/wp\/v2\/product\/2936\/revisions\/3150"}],"up":[{"embeddable":true,"href":"https:\/\/www.tektrade.ee\/lt\/wp-json\/wp\/v2\/product\/2881"}],"wp:attachment":[{"href":"https:\/\/www.tektrade.ee\/lt\/wp-json\/wp\/v2\/media?parent=2936"}],"curies":[{"name":"wp","href":"https:\/\/api.w.org\/{rel}","templated":true}]}}