{"id":2935,"date":"2025-08-16T13:17:11","date_gmt":"2025-08-16T10:17:11","guid":{"rendered":"https:\/\/www.tektrade.ee\/lt\/?post_type=product&#038;p=2935"},"modified":"2025-08-19T22:33:33","modified_gmt":"2025-08-19T19:33:33","slug":"sklendes","status":"publish","type":"product","link":"https:\/\/www.tektrade.ee\/lt\/prekes\/vamzdynu-komponentai\/voztuvai-sklendes-ventiliai-skysciams-ir-dujoms\/sklendes\/","title":{"rendered":"Sklend\u0117s"},"content":{"rendered":"\n<p><strong>Drugelio tipo, arba reversin\u0117s, sklend\u0117s<\/strong><\/p>\n\n\n\n<p>Standartin\u0117sreversin\u0117s sklend\u0117s DN200 \u2013 DN1200 mm<\/p>\n\n\n\n<div class=\"wp-block-group is-nowrap is-layout-flex wp-container-core-group-is-layout-ad2f72ca wp-block-group-is-layout-flex\">\n<div class=\"wp-block-group is-layout-constrained wp-block-group-is-layout-constrained\">\n<figure class=\"wp-block-image alignleft size-full\"><img loading=\"lazy\" decoding=\"async\" width=\"446\" height=\"250\" src=\"https:\/\/www.tektrade.ee\/lt\/wp-content\/uploads\/sites\/7\/2025\/08\/ResizedImage446250-libliksiiber-1.png\" alt=\"\" class=\"wp-image-2948\" srcset=\"https:\/\/www.tektrade.ee\/lt\/wp-content\/uploads\/sites\/7\/2025\/08\/ResizedImage446250-libliksiiber-1.png 446w, https:\/\/www.tektrade.ee\/lt\/wp-content\/uploads\/sites\/7\/2025\/08\/ResizedImage446250-libliksiiber-1-300x168.png 300w\" sizes=\"auto, (max-width: 446px) 100vw, 446px\" \/><\/figure>\n<\/div>\n<\/div>\n\n\n\n<p>Pagal u\u017esakym\u0105 pagamintos drugelio tipo, arba reversin\u0117s,\u00a0sklend\u0117s<\/p>\n\n\n\n<div class=\"wp-block-group is-nowrap is-layout-flex wp-container-core-group-is-layout-ad2f72ca wp-block-group-is-layout-flex\">\n<div class=\"wp-block-group is-layout-constrained wp-block-group-is-layout-constrained\">\n<figure class=\"wp-block-image alignleft size-full\"><img loading=\"lazy\" decoding=\"async\" width=\"446\" height=\"250\" src=\"https:\/\/www.tektrade.ee\/lt\/wp-content\/uploads\/sites\/7\/2025\/08\/ResizedImage446250-libliksiiber-2.png\" alt=\"\" class=\"wp-image-2949\" srcset=\"https:\/\/www.tektrade.ee\/lt\/wp-content\/uploads\/sites\/7\/2025\/08\/ResizedImage446250-libliksiiber-2.png 446w, https:\/\/www.tektrade.ee\/lt\/wp-content\/uploads\/sites\/7\/2025\/08\/ResizedImage446250-libliksiiber-2-300x168.png 300w\" sizes=\"auto, (max-width: 446px) 100vw, 446px\" \/><\/figure>\n<\/div>\n<\/div>\n\n\n\n<p><strong>Paskirstymo sklend\u0117s<\/strong>&nbsp;<\/p>\n\n\n\n<p>Paskirstymo sklend\u0117s Y formos&nbsp;vamzd\u017eiams<\/p>\n\n\n\n<div class=\"wp-block-group is-nowrap is-layout-flex wp-container-core-group-is-layout-ad2f72ca wp-block-group-is-layout-flex\">\n<div class=\"wp-block-group is-layout-constrained wp-block-group-is-layout-constrained\">\n<figure class=\"wp-block-image alignleft size-full\"><img loading=\"lazy\" decoding=\"async\" width=\"235\" height=\"247\" src=\"https:\/\/www.tektrade.ee\/lt\/wp-content\/uploads\/sites\/7\/2025\/08\/jaotussiiber1.png\" alt=\"\" class=\"wp-image-2950\"\/><\/figure>\n<\/div>\n<\/div>\n\n\n\n<p>Paskirstymo sklend\u0117s T\u00a0formos vamzd\u017eiams<\/p>\n\n\n\n<div class=\"wp-block-group is-nowrap is-layout-flex wp-container-core-group-is-layout-ad2f72ca wp-block-group-is-layout-flex\">\n<div class=\"wp-block-group is-layout-constrained wp-block-group-is-layout-constrained\">\n<figure class=\"wp-block-image alignleft size-full is-resized\"><img loading=\"lazy\" decoding=\"async\" width=\"600\" height=\"220\" src=\"https:\/\/www.tektrade.ee\/lt\/wp-content\/uploads\/sites\/7\/2025\/08\/ResizedImage600220-jaotussiiber2.png\" alt=\"\" class=\"wp-image-2951\" style=\"width:600px;height:auto\" srcset=\"https:\/\/www.tektrade.ee\/lt\/wp-content\/uploads\/sites\/7\/2025\/08\/ResizedImage600220-jaotussiiber2.png 600w, https:\/\/www.tektrade.ee\/lt\/wp-content\/uploads\/sites\/7\/2025\/08\/ResizedImage600220-jaotussiiber2-300x110.png 300w\" sizes=\"auto, (max-width: 600px) 100vw, 600px\" \/><\/figure>\n<\/div>\n<\/div>\n\n\n\n<p><strong><strong>Peilin\u0117\u00a0sklend\u0117<\/strong><\/strong><\/p>\n\n\n\n<div class=\"wp-block-group is-nowrap is-layout-flex wp-container-core-group-is-layout-ad2f72ca wp-block-group-is-layout-flex\">\n<div class=\"wp-block-group is-layout-constrained wp-block-group-is-layout-constrained\">\n<figure class=\"wp-block-image alignleft size-full\"><img loading=\"lazy\" decoding=\"async\" width=\"600\" height=\"285\" src=\"https:\/\/www.tektrade.ee\/lt\/wp-content\/uploads\/sites\/7\/2025\/08\/ResizedImage600285-nurgadiiber1.png\" alt=\"\" class=\"wp-image-2952\" srcset=\"https:\/\/www.tektrade.ee\/lt\/wp-content\/uploads\/sites\/7\/2025\/08\/ResizedImage600285-nurgadiiber1.png 600w, https:\/\/www.tektrade.ee\/lt\/wp-content\/uploads\/sites\/7\/2025\/08\/ResizedImage600285-nurgadiiber1-300x143.png 300w\" sizes=\"auto, (max-width: 600px) 100vw, 600px\" \/><\/figure>\n<\/div>\n<\/div>\n\n\n\n<div style=\"height:30px\" aria-hidden=\"true\" class=\"wp-block-spacer\"><\/div>\n\n\n\n<p>Peilin\u0117s sklend\u0117s veikimo vaizdo \u012fra\u0161as:<br><a  href=\"https:\/\/www.youtube.com\/watch?v=j1VjyW6bSMY&amp;feature=youtu.be\"  target=\"_blank\" rel=\"noreferrer noopener\" target=\"_blank\">https:\/\/www.youtube.com\/watch?v=j1VjyW6bSMY&amp;feature=youtu.be<\/a><\/p>\n\n\n\n<p><strong>Srauto apimties reguliavimo sklend\u0117s<\/strong><\/p>\n\n\n\n<p>\u017daliuzin\u0117s sklend\u0117s,&nbsp;kuri\u0173 plotas yra nuo 1 iki&nbsp;60 m\u00b2,&nbsp;dujoms ir oro srautui reguliuoti<\/p>\n\n\n\n<div class=\"wp-block-group is-nowrap is-layout-flex wp-container-core-group-is-layout-ad2f72ca wp-block-group-is-layout-flex\">\n<div class=\"wp-block-group is-layout-constrained wp-block-group-is-layout-constrained\">\n<figure class=\"wp-block-image alignleft size-full\"><img loading=\"lazy\" decoding=\"async\" width=\"546\" height=\"297\" src=\"https:\/\/www.tektrade.ee\/lt\/wp-content\/uploads\/sites\/7\/2025\/08\/vooluhulgasiiber2.png\" alt=\"\" class=\"wp-image-2953\" srcset=\"https:\/\/www.tektrade.ee\/lt\/wp-content\/uploads\/sites\/7\/2025\/08\/vooluhulgasiiber2.png 546w, https:\/\/www.tektrade.ee\/lt\/wp-content\/uploads\/sites\/7\/2025\/08\/vooluhulgasiiber2-300x163.png 300w\" sizes=\"auto, (max-width: 546px) 100vw, 546px\" \/><\/figure>\n<\/div>\n<\/div>\n\n\n\n<div style=\"height:30px\" aria-hidden=\"true\" class=\"wp-block-spacer\"><\/div>\n\n\n\n<p><strong>\u012evedamo oro reguliavimo sklend\u0117s&nbsp;<\/strong><\/p>\n\n\n\n<div class=\"wp-block-group is-nowrap is-layout-flex wp-container-core-group-is-layout-ad2f72ca wp-block-group-is-layout-flex\">\n<div class=\"wp-block-group is-layout-constrained wp-block-group-is-layout-constrained\">\n<figure class=\"wp-block-image alignleft size-full\"><img loading=\"lazy\" decoding=\"async\" width=\"506\" height=\"269\" src=\"https:\/\/www.tektrade.ee\/lt\/wp-content\/uploads\/sites\/7\/2025\/08\/vooluhulgasiiber3.png\" alt=\"\" class=\"wp-image-2954\" srcset=\"https:\/\/www.tektrade.ee\/lt\/wp-content\/uploads\/sites\/7\/2025\/08\/vooluhulgasiiber3.png 506w, https:\/\/www.tektrade.ee\/lt\/wp-content\/uploads\/sites\/7\/2025\/08\/vooluhulgasiiber3-300x159.png 300w\" sizes=\"auto, (max-width: 506px) 100vw, 506px\" \/><\/figure>\n<\/div>\n<\/div>\n\n\n\n<div style=\"height:30px\" aria-hidden=\"true\" class=\"wp-block-spacer\"><\/div>\n\n\n\n<p><strong>Kamin\u0173 duj\u0173 reguliavimo sklend\u0117s<\/strong><\/p>\n\n\n\n<p>3 m \u2013 7 m skersmens kamin\u0173 d\u016bmtrauki\u0173 duj\u0173 reguliavimo sklend\u0117s<\/p>\n\n\n\n<div class=\"wp-block-group is-nowrap is-layout-flex wp-container-core-group-is-layout-ad2f72ca wp-block-group-is-layout-flex\">\n<div class=\"wp-block-group is-layout-constrained wp-block-group-is-layout-constrained\">\n<figure class=\"wp-block-image alignleft size-full\"><img loading=\"lazy\" decoding=\"async\" width=\"514\" height=\"250\" src=\"https:\/\/www.tektrade.ee\/lt\/wp-content\/uploads\/sites\/7\/2025\/08\/ResizedImage514250-suitsugaaside-siibrid1.png\" alt=\"\" class=\"wp-image-2955\" srcset=\"https:\/\/www.tektrade.ee\/lt\/wp-content\/uploads\/sites\/7\/2025\/08\/ResizedImage514250-suitsugaaside-siibrid1.png 514w, https:\/\/www.tektrade.ee\/lt\/wp-content\/uploads\/sites\/7\/2025\/08\/ResizedImage514250-suitsugaaside-siibrid1-300x146.png 300w\" sizes=\"auto, (max-width: 514px) 100vw, 514px\" \/><\/figure>\n<\/div>\n<\/div>\n\n\n\n<div style=\"height:30px\" aria-hidden=\"true\" class=\"wp-block-spacer\"><\/div>\n\n\n\n<p><strong>Plautuv\u0173 degimo duj\u0173 sklend\u0117s<\/strong><\/p>\n\n\n\n<p>Plautuv\u0173 degimo duj\u0173 sklend\u0117s DN300 \u2013 DN2000 mm<\/p>\n\n\n\n<div class=\"wp-block-group is-nowrap is-layout-flex wp-container-core-group-is-layout-ad2f72ca wp-block-group-is-layout-flex\">\n<div class=\"wp-block-group is-layout-constrained wp-block-group-is-layout-constrained\">\n<figure class=\"wp-block-image alignleft size-full\"><img loading=\"lazy\" decoding=\"async\" width=\"401\" height=\"300\" src=\"https:\/\/www.tektrade.ee\/lt\/wp-content\/uploads\/sites\/7\/2025\/08\/ResizedImage401300-suitsugaaside-pesurite-siibrid2.png\" alt=\"\" class=\"wp-image-2956\" srcset=\"https:\/\/www.tektrade.ee\/lt\/wp-content\/uploads\/sites\/7\/2025\/08\/ResizedImage401300-suitsugaaside-pesurite-siibrid2.png 401w, https:\/\/www.tektrade.ee\/lt\/wp-content\/uploads\/sites\/7\/2025\/08\/ResizedImage401300-suitsugaaside-pesurite-siibrid2-300x224.png 300w\" sizes=\"auto, (max-width: 401px) 100vw, 401px\" \/><\/figure>\n<\/div>\n<\/div>\n\n\n\n<div style=\"height:30px\" aria-hidden=\"true\" class=\"wp-block-spacer\"><\/div>\n\n\n\n<p><strong>Specialios paskirties sklend\u0117s<\/strong><\/p>\n\n\n\n<p>Sklend\u0117s sieros r\u016bg\u0161ties gamykloms DN300 mm \u2013 DN3000 mm<\/p>\n\n\n\n<div class=\"wp-block-group is-nowrap is-layout-flex wp-container-core-group-is-layout-ad2f72ca wp-block-group-is-layout-flex\">\n<div class=\"wp-block-group is-layout-constrained wp-block-group-is-layout-constrained\">\n<figure class=\"wp-block-image alignleft size-full\"><img loading=\"lazy\" decoding=\"async\" width=\"333\" height=\"250\" src=\"https:\/\/www.tektrade.ee\/lt\/wp-content\/uploads\/sites\/7\/2025\/08\/ResizedImage333250-eriotstarberised-siibrid.png\" alt=\"\" class=\"wp-image-2957\" srcset=\"https:\/\/www.tektrade.ee\/lt\/wp-content\/uploads\/sites\/7\/2025\/08\/ResizedImage333250-eriotstarberised-siibrid.png 333w, https:\/\/www.tektrade.ee\/lt\/wp-content\/uploads\/sites\/7\/2025\/08\/ResizedImage333250-eriotstarberised-siibrid-300x225.png 300w\" sizes=\"auto, (max-width: 333px) 100vw, 333px\" \/><\/figure>\n<\/div>\n<\/div>\n","protected":false},"featured_media":0,"parent":2881,"menu_order":46,"template":"","class_list":["post-2935","product","type-product","status-publish","hentry"],"acf":[],"_links":{"self":[{"href":"https:\/\/www.tektrade.ee\/lt\/wp-json\/wp\/v2\/product\/2935","targetHints":{"allow":["GET"]}}],"collection":[{"href":"https:\/\/www.tektrade.ee\/lt\/wp-json\/wp\/v2\/product"}],"about":[{"href":"https:\/\/www.tektrade.ee\/lt\/wp-json\/wp\/v2\/types\/product"}],"version-history":[{"count":2,"href":"https:\/\/www.tektrade.ee\/lt\/wp-json\/wp\/v2\/product\/2935\/revisions"}],"predecessor-version":[{"id":3148,"href":"https:\/\/www.tektrade.ee\/lt\/wp-json\/wp\/v2\/product\/2935\/revisions\/3148"}],"up":[{"embeddable":true,"href":"https:\/\/www.tektrade.ee\/lt\/wp-json\/wp\/v2\/product\/2881"}],"wp:attachment":[{"href":"https:\/\/www.tektrade.ee\/lt\/wp-json\/wp\/v2\/media?parent=2935"}],"curies":[{"name":"wp","href":"https:\/\/api.w.org\/{rel}","templated":true}]}}