{"id":2908,"date":"2025-08-16T13:06:54","date_gmt":"2025-08-16T10:06:54","guid":{"rendered":"https:\/\/www.tektrade.ee\/lt\/?post_type=product&#038;p=2908"},"modified":"2025-08-19T22:24:25","modified_gmt":"2025-08-19T19:24:25","slug":"ivores-galo-sandarikliai","status":"publish","type":"product","link":"https:\/\/www.tektrade.ee\/lt\/prekes\/vamzdynu-komponentai\/vamzdynu-priedai\/ivores-galo-sandarikliai\/","title":{"rendered":"\u012evor\u0117s galo sandarikliai"},"content":{"rendered":"\n<p>Keli\u0173 ir gele\u017einkeli\u0173 po\u017eemini\u0173 technologini\u0173 vamzdynuose da\u017enai montuojamos \u012fvor\u0117s, ir joms paprastai naudojami \u012fvor\u0117s galo sandarikliai. Taip u\u017etikrinamas sandarumas terp\u0117je, esan\u010dioje tarp \u012fvor\u0117s ir pagrindinio vamzd\u017eio. Be to, jungtis tokiu b\u016bdu apsaugoma nuo dirvo\u017eemio, purvo ir dr\u0117gm\u0117s poveikio.&nbsp;<\/p>\n\n\n\n<p><br>Da\u017eniausiai naudojami \u012fvor\u0117s galo sandariklio tipai:<\/p>\n\n\n\n<ul class=\"wp-block-list\">\n<li>KT tipas \u2013 i\u0161 EPDM gumos, vadinamasis universalus sandariklis,\u00a0 kurio dal\u012f, esan\u010di\u0105 pagrindinio vamzd\u017eio pus\u0117je, galima nupjauti pagal reikiamus matmenis; pagrindinio vamzd\u017eio galim\u0173 matmen\u0173 intervalas \u2013 nuo 10 iki 508 mm, \u012fvor\u0117s vamzd\u017eio \u2013 nuo 110 iki 610 mm (DN100\u2013DN600);<\/li>\n<\/ul>\n\n\n\n<div class=\"wp-block-group is-nowrap is-layout-flex wp-container-core-group-is-layout-ad2f72ca wp-block-group-is-layout-flex\">\n<div class=\"wp-block-group is-layout-constrained wp-block-group-is-layout-constrained\">\n<figure class=\"wp-block-image alignleft size-full\"><img loading=\"lazy\" decoding=\"async\" width=\"250\" height=\"250\" src=\"https:\/\/www.tektrade.ee\/lt\/wp-content\/uploads\/sites\/7\/2025\/08\/ResizedImage250250-KT-2.jpg\" alt=\"\" class=\"wp-image-3132\" srcset=\"https:\/\/www.tektrade.ee\/lt\/wp-content\/uploads\/sites\/7\/2025\/08\/ResizedImage250250-KT-2.jpg 250w, https:\/\/www.tektrade.ee\/lt\/wp-content\/uploads\/sites\/7\/2025\/08\/ResizedImage250250-KT-2-150x150.jpg 150w, https:\/\/www.tektrade.ee\/lt\/wp-content\/uploads\/sites\/7\/2025\/08\/ResizedImage250250-KT-2-100x100.jpg 100w\" sizes=\"auto, (max-width: 250px) 100vw, 250px\" \/><figcaption class=\"wp-element-caption\">KT tipas\u00a0<br><\/figcaption><\/figure>\n<\/div>\n<\/div>\n\n\n\n<ul class=\"wp-block-list\">\n<li>DU tipas \u2013 sandariklis i\u0161 EPDM gumos, visada gaminamas nustatyt\u0173 matmen\u0173, kurie atitinka pagrindinio vamzd\u017eio ir \u012fvor\u0117s dyd\u012f; pagrindinio vamzd\u017eio matmen\u0173 intervalas \u2013 nuo 20 iki 762 mm, \u012fvor\u0117s matmen\u0173 \u2013 nuo 90 iki 965 mm.<\/li>\n<\/ul>\n\n\n\n<div class=\"wp-block-group is-nowrap is-layout-flex wp-container-core-group-is-layout-ad2f72ca wp-block-group-is-layout-flex\">\n<div class=\"wp-block-group is-layout-constrained wp-block-group-is-layout-constrained\">\n<figure class=\"wp-block-image alignleft size-full\"><img loading=\"lazy\" decoding=\"async\" width=\"250\" height=\"250\" src=\"https:\/\/www.tektrade.ee\/lt\/wp-content\/uploads\/sites\/7\/2025\/08\/ResizedImage250250-DU-2.jpg\" alt=\"\" class=\"wp-image-3135\" srcset=\"https:\/\/www.tektrade.ee\/lt\/wp-content\/uploads\/sites\/7\/2025\/08\/ResizedImage250250-DU-2.jpg 250w, https:\/\/www.tektrade.ee\/lt\/wp-content\/uploads\/sites\/7\/2025\/08\/ResizedImage250250-DU-2-150x150.jpg 150w, https:\/\/www.tektrade.ee\/lt\/wp-content\/uploads\/sites\/7\/2025\/08\/ResizedImage250250-DU-2-100x100.jpg 100w\" sizes=\"auto, (max-width: 250px) 100vw, 250px\" \/><figcaption class=\"wp-element-caption\">DU tipas<br><\/figcaption><\/figure>\n<\/div>\n<\/div>\n\n\n\n<ul class=\"wp-block-list\">\n<li>KG\/KO\u00a0tip\u0173 k\u016bgio formos sandarikliams naudojamas neoprenas, silikonas ar NBR med\u017eiaga; \u0161ie sandarikliai gaminami pagal kliento u\u017esakym\u0105, tod\u0117l vamzd\u017eio ir \u012fvor\u0117s matmen\u0173 santykis gali b\u016bti \u012fvairus; svarbiausia \u2013 pagrindinio vamzd\u017eio matmen\u0173 ribos turi b\u016bti nuo 32 iki 1302 mm, o \u012fvor\u0117s matmen\u0173 ribos \u2013 nuo 48,3 iki 2000 mm; KG yra u\u017edaro tipo, o KO \u2013 atviro tipo sandarikliai, pastarieji suklijuojami montavimo vietoje.<\/li>\n<\/ul>\n\n\n\n<div class=\"wp-block-group is-nowrap is-layout-flex wp-container-core-group-is-layout-ad2f72ca wp-block-group-is-layout-flex\">\n<div class=\"wp-block-group is-layout-constrained wp-block-group-is-layout-constrained\">\n<figure class=\"wp-block-image alignleft size-full\"><img loading=\"lazy\" decoding=\"async\" width=\"249\" height=\"187\" src=\"https:\/\/www.tektrade.ee\/lt\/wp-content\/uploads\/sites\/7\/2025\/08\/ResizedImage249187-KG-KO-2.jpg\" alt=\"\" class=\"wp-image-3134\"\/><figcaption class=\"wp-element-caption\">KG\/KO tipai<br><\/figcaption><\/figure>\n<\/div>\n<\/div>\n","protected":false},"featured_media":0,"parent":2879,"menu_order":41,"template":"","class_list":["post-2908","product","type-product","status-publish","hentry"],"acf":[],"_links":{"self":[{"href":"https:\/\/www.tektrade.ee\/lt\/wp-json\/wp\/v2\/product\/2908","targetHints":{"allow":["GET"]}}],"collection":[{"href":"https:\/\/www.tektrade.ee\/lt\/wp-json\/wp\/v2\/product"}],"about":[{"href":"https:\/\/www.tektrade.ee\/lt\/wp-json\/wp\/v2\/types\/product"}],"version-history":[{"count":2,"href":"https:\/\/www.tektrade.ee\/lt\/wp-json\/wp\/v2\/product\/2908\/revisions"}],"predecessor-version":[{"id":3136,"href":"https:\/\/www.tektrade.ee\/lt\/wp-json\/wp\/v2\/product\/2908\/revisions\/3136"}],"up":[{"embeddable":true,"href":"https:\/\/www.tektrade.ee\/lt\/wp-json\/wp\/v2\/product\/2879"}],"wp:attachment":[{"href":"https:\/\/www.tektrade.ee\/lt\/wp-json\/wp\/v2\/media?parent=2908"}],"curies":[{"name":"wp","href":"https:\/\/api.w.org\/{rel}","templated":true}]}}