{"id":2907,"date":"2025-08-16T13:05:42","date_gmt":"2025-08-16T10:05:42","guid":{"rendered":"https:\/\/www.tektrade.ee\/lt\/?post_type=product&#038;p=2907"},"modified":"2025-08-19T22:22:56","modified_gmt":"2025-08-19T19:22:56","slug":"angu-sandarikliai","status":"publish","type":"product","link":"https:\/\/www.tektrade.ee\/lt\/prekes\/vamzdynu-komponentai\/vamzdynu-priedai\/angu-sandarikliai\/","title":{"rendered":"Ang\u0173 sandarikliai"},"content":{"rendered":"\n<p>Ang\u0173 sandarikliai naudojami i\u0161oriniams vamzd\u017eiams sandarinti.<\/p>\n\n\n\n<p>Pagrindin\u0117s naudojimo vietos:&nbsp;<\/p>\n\n\n\n<ul class=\"wp-block-list\">\n<li>sien\u0173 angos tose vietose, kur vamzd\u017eiai ar kabeliai kerta sien\u0105;<\/li>\n\n\n\n<li>talpykl\u0173 stovai;<\/li>\n\n\n\n<li>vietos, kur vamzd\u012f reikia apsaugoti nuo i\u0161orinio pa\u017eeidimo.<\/li>\n<\/ul>\n\n\n\n<p>Ang\u0173 sandarikli\u0173 naudojimo privalumai:<\/p>\n\n\n\n<ul class=\"wp-block-list\">\n<li>vadinamieji moduliniai sandarikliai, pagaminti visi\u0161kai i\u0161 gumos, u\u017etikrina ilgalaik\u012f jungties patvarum\u0105;<\/li>\n\n\n\n<li>vamzd\u017ei\u0173 pad\u0117tis angoje yra fiksuota;<\/li>\n\n\n\n<li>sandariklius lengva sumontuoti, naudojant i\u0161 anksto paruo\u0161tus modulius;<\/li>\n\n\n\n<li>suma\u017e\u0117ja vibracija ir triuk\u0161mas;<\/li>\n\n\n\n<li>izoliuojama statin\u0117 elektra.<\/li>\n<\/ul>\n\n\n\n<div style=\"height:30px\" aria-hidden=\"true\" class=\"wp-block-spacer\"><\/div>\n\n\n\n<div class=\"wp-block-group is-layout-grid wp-container-core-group-is-layout-6be84c55 wp-block-group-is-layout-grid\">\n<div class=\"wp-block-group is-content-justification-left is-layout-constrained wp-container-core-group-is-layout-8c890d92 wp-block-group-is-layout-constrained\">\n<figure class=\"wp-block-image aligncenter size-full\"><img loading=\"lazy\" decoding=\"async\" width=\"334\" height=\"250\" src=\"https:\/\/www.tektrade.ee\/lt\/wp-content\/uploads\/sites\/7\/2025\/08\/ResizedImage334250-Link-Seal.jpg\" alt=\"\" class=\"wp-image-2911\" srcset=\"https:\/\/www.tektrade.ee\/lt\/wp-content\/uploads\/sites\/7\/2025\/08\/ResizedImage334250-Link-Seal.jpg 334w, https:\/\/www.tektrade.ee\/lt\/wp-content\/uploads\/sites\/7\/2025\/08\/ResizedImage334250-Link-Seal-300x225.jpg 300w\" sizes=\"auto, (max-width: 334px) 100vw, 334px\" \/><figcaption class=\"wp-element-caption\">LinkSeal\u00ae \/ Sealing Chain<br><\/figcaption><\/figure>\n<\/div>\n\n\n\n<div class=\"wp-block-group is-layout-constrained wp-block-group-is-layout-constrained\">\n<figure class=\"wp-block-image aligncenter size-full\"><img loading=\"lazy\" decoding=\"async\" width=\"250\" height=\"250\" src=\"https:\/\/www.tektrade.ee\/lt\/wp-content\/uploads\/sites\/7\/2025\/08\/ResizedImage250250-Compakt-Seal.jpg\" alt=\"\" class=\"wp-image-2912\" srcset=\"https:\/\/www.tektrade.ee\/lt\/wp-content\/uploads\/sites\/7\/2025\/08\/ResizedImage250250-Compakt-Seal.jpg 250w, https:\/\/www.tektrade.ee\/lt\/wp-content\/uploads\/sites\/7\/2025\/08\/ResizedImage250250-Compakt-Seal-150x150.jpg 150w, https:\/\/www.tektrade.ee\/lt\/wp-content\/uploads\/sites\/7\/2025\/08\/ResizedImage250250-Compakt-Seal-100x100.jpg 100w\" sizes=\"auto, (max-width: 250px) 100vw, 250px\" \/><figcaption class=\"wp-element-caption\">Compakt Seal\u00ae \/ Puddle Flanges<br><\/figcaption><\/figure>\n<\/div>\n\n\n\n<div class=\"wp-block-group is-layout-constrained wp-block-group-is-layout-constrained\">\n<figure class=\"wp-block-image aligncenter size-full\"><img loading=\"lazy\" decoding=\"async\" width=\"250\" height=\"250\" src=\"https:\/\/www.tektrade.ee\/lt\/wp-content\/uploads\/sites\/7\/2025\/08\/ResizedImage250250-Compakt-multicable.jpg\" alt=\"\" class=\"wp-image-2913\" srcset=\"https:\/\/www.tektrade.ee\/lt\/wp-content\/uploads\/sites\/7\/2025\/08\/ResizedImage250250-Compakt-multicable.jpg 250w, https:\/\/www.tektrade.ee\/lt\/wp-content\/uploads\/sites\/7\/2025\/08\/ResizedImage250250-Compakt-multicable-150x150.jpg 150w, https:\/\/www.tektrade.ee\/lt\/wp-content\/uploads\/sites\/7\/2025\/08\/ResizedImage250250-Compakt-multicable-100x100.jpg 100w\" sizes=\"auto, (max-width: 250px) 100vw, 250px\" \/><figcaption class=\"wp-element-caption\"><em>Compakt Multicable \/ Disc Compression Seal<\/em><\/figcaption><\/figure>\n<\/div>\n<\/div>\n","protected":false},"featured_media":0,"parent":2879,"menu_order":40,"template":"","class_list":["post-2907","product","type-product","status-publish","hentry"],"acf":[],"_links":{"self":[{"href":"https:\/\/www.tektrade.ee\/lt\/wp-json\/wp\/v2\/product\/2907","targetHints":{"allow":["GET"]}}],"collection":[{"href":"https:\/\/www.tektrade.ee\/lt\/wp-json\/wp\/v2\/product"}],"about":[{"href":"https:\/\/www.tektrade.ee\/lt\/wp-json\/wp\/v2\/types\/product"}],"version-history":[{"count":2,"href":"https:\/\/www.tektrade.ee\/lt\/wp-json\/wp\/v2\/product\/2907\/revisions"}],"predecessor-version":[{"id":3131,"href":"https:\/\/www.tektrade.ee\/lt\/wp-json\/wp\/v2\/product\/2907\/revisions\/3131"}],"up":[{"embeddable":true,"href":"https:\/\/www.tektrade.ee\/lt\/wp-json\/wp\/v2\/product\/2879"}],"wp:attachment":[{"href":"https:\/\/www.tektrade.ee\/lt\/wp-json\/wp\/v2\/media?parent=2907"}],"curies":[{"name":"wp","href":"https:\/\/api.w.org\/{rel}","templated":true}]}}