{"id":2902,"date":"2025-08-16T13:03:44","date_gmt":"2025-08-16T10:03:44","guid":{"rendered":"https:\/\/www.tektrade.ee\/lt\/?post_type=product&#038;p=2902"},"modified":"2025-08-19T22:19:50","modified_gmt":"2025-08-19T19:19:50","slug":"cheminiam-poveikiui-atsparus-kompensatoriai","status":"publish","type":"product","link":"https:\/\/www.tektrade.ee\/lt\/prekes\/vamzdynu-komponentai\/kompensatoriai\/cheminiam-poveikiui-atsparus-kompensatoriai\/","title":{"rendered":"Cheminiam poveikiui atspar\u016bs kompensatoriai"},"content":{"rendered":"\n<div class=\"wp-block-group is-nowrap is-layout-flex wp-container-core-group-is-layout-64989fb1 wp-block-group-is-layout-flex\">\n<div class=\"wp-block-group is-layout-constrained wp-block-group-is-layout-constrained\">\n<p>PTFE kompensatoriai, skirti naudoti chemini\u0173 med\u017eiag\u0173 veikiamoje terp\u0117je, gaminami i\u0161 daugiasluoksn\u0117s PTFE med\u017eiagos. Visi sluoksniai sulydomi, tod\u0117l kompensatoriai b\u016bna lankst\u016bs ir patvar\u016bs, o jo dumpli\u0173 dalis \u2013 vienalyt\u0117 ir neakyta. Si\u016blome \u012fsigyti kompensatori\u0173 tiek EN, tiek ASME standartus atitinkan\u010dioms jung\u0117ms.<\/p>\n<\/div>\n\n\n\n<div class=\"wp-block-group is-layout-flow wp-block-group-is-layout-flow\">\n<figure class=\"wp-block-image size-full is-resized wp-container-content-69bc4bdf\"><img loading=\"lazy\" decoding=\"async\" width=\"219\" height=\"250\" src=\"https:\/\/www.tektrade.ee\/lt\/wp-content\/uploads\/sites\/7\/2025\/08\/ResizedImage219250-PTFE-kompensaator.jpg\" alt=\"\" class=\"wp-image-2903\" style=\"width:300px\"\/><figcaption class=\"wp-element-caption\">PTFE kompensatoriai<br><\/figcaption><\/figure>\n<\/div>\n<\/div>\n","protected":false},"featured_media":0,"parent":2877,"menu_order":37,"template":"","class_list":["post-2902","product","type-product","status-publish","hentry"],"acf":[],"_links":{"self":[{"href":"https:\/\/www.tektrade.ee\/lt\/wp-json\/wp\/v2\/product\/2902","targetHints":{"allow":["GET"]}}],"collection":[{"href":"https:\/\/www.tektrade.ee\/lt\/wp-json\/wp\/v2\/product"}],"about":[{"href":"https:\/\/www.tektrade.ee\/lt\/wp-json\/wp\/v2\/types\/product"}],"version-history":[{"count":4,"href":"https:\/\/www.tektrade.ee\/lt\/wp-json\/wp\/v2\/product\/2902\/revisions"}],"predecessor-version":[{"id":3125,"href":"https:\/\/www.tektrade.ee\/lt\/wp-json\/wp\/v2\/product\/2902\/revisions\/3125"}],"up":[{"embeddable":true,"href":"https:\/\/www.tektrade.ee\/lt\/wp-json\/wp\/v2\/product\/2877"}],"wp:attachment":[{"href":"https:\/\/www.tektrade.ee\/lt\/wp-json\/wp\/v2\/media?parent=2902"}],"curies":[{"name":"wp","href":"https:\/\/api.w.org\/{rel}","templated":true}]}}