{"id":2894,"date":"2025-08-16T13:02:51","date_gmt":"2025-08-16T10:02:51","guid":{"rendered":"https:\/\/www.tektrade.ee\/lt\/?post_type=product&#038;p=2894"},"modified":"2025-08-19T22:19:31","modified_gmt":"2025-08-19T19:19:31","slug":"audekliniai-kompensatoriai","status":"publish","type":"product","link":"https:\/\/www.tektrade.ee\/lt\/prekes\/vamzdynu-komponentai\/kompensatoriai\/audekliniai-kompensatoriai\/","title":{"rendered":"Audekliniai kompensatoriai"},"content":{"rendered":"\n<p>I\u0161 kar\u0161\u010diui atsparios tekstil\u0117s ir dembli\u0173 pagaminti kompensatoriai naudojami ventiliacijos ortaki\u0173 ir d\u016bmtaki\u0173 vibracijai suma\u017einti bei j\u0173 \u0161iluminiam pl\u0117timuisi kompensuoti.<br>Norit pasirinkti teisingos med\u017eiagos kompensatori\u0173 reikia \u012fvertinti duj\u0173 \/ oro darbin\u0119 temperat\u016br\u0105 bei atsi\u017evelgti \u012f chemini\u0173 ir \u0161iurk\u0161taus poveikio med\u017eiag\u0173 kiek\u012f dujose.<br>Pagal sandar\u0105 audekliniai kompensatoriai skirstomi \u012f vieno sluoksnio ir daugiasluoksnius.<br>Pastar\u0173j\u0173 vir\u0161utin\u012f sluoksn\u012f da\u017eniausiai sudaro silikonu dengtas stiklo pluo\u0161to audeklas, jis yra kompensatoriaus darbin\u0117 dalis. Apatinis sluoksnis formuojamas i\u0161 PTFE pl\u0117vel\u0117s ar PTFE audeklo, taip u\u017etikrinamas sistemos darbui reikalingas duj\u0173 tankis.<br>Auk\u0161tos temperat\u016bros aplinkai skirti kompensatori\u0173 modeliai turi papildom\u0105 sluoksn\u012f i\u0161 kar\u0161t\u012f izoliuojan\u010dio audeklo ar dembli\u0173.<br>Audekliniai kompensatoriai i\u0161laiko&nbsp;+\/- 140 mbar (1400 mmWG)&nbsp;sistemos darbin\u012f sl\u0117g\u012f.<br>Kompensatori\u0173 sujungimo b\u016bd\u0173 yra keli. Nor\u0117dami su\u017einoti tinkamiausi\u0105 sprendim\u0105 J\u016bs\u0173 projekto atveju, atsi\u0173skite mums u\u017eklaus\u0105.<\/p>\n\n\n\n<p><em>Toliau pateikiami keli audeklini\u0173 kompensatori\u0173&nbsp;konstrukciniai sprendimai:<\/em><\/p>\n\n\n\n<div class=\"wp-block-group is-layout-grid wp-container-core-group-is-layout-baef362d wp-block-group-is-layout-grid\">\n<div class=\"wp-block-group is-content-justification-left is-layout-constrained wp-container-core-group-is-layout-8c890d92 wp-block-group-is-layout-constrained\">\n<figure class=\"wp-block-image aligncenter size-full\"><img loading=\"lazy\" decoding=\"async\" width=\"280\" height=\"200\" src=\"https:\/\/www.tektrade.ee\/lt\/wp-content\/uploads\/sites\/7\/2025\/08\/ResizedImage280200-22.jpg\" alt=\"\" class=\"wp-image-2895\"\/><\/figure>\n<\/div>\n\n\n\n<div class=\"wp-block-group is-layout-constrained wp-block-group-is-layout-constrained\">\n<figure class=\"wp-block-image aligncenter size-full\"><img loading=\"lazy\" decoding=\"async\" width=\"398\" height=\"200\" src=\"https:\/\/www.tektrade.ee\/lt\/wp-content\/uploads\/sites\/7\/2025\/08\/ResizedImage398200-14.jpg\" alt=\"\" class=\"wp-image-2896\" srcset=\"https:\/\/www.tektrade.ee\/lt\/wp-content\/uploads\/sites\/7\/2025\/08\/ResizedImage398200-14.jpg 398w, https:\/\/www.tektrade.ee\/lt\/wp-content\/uploads\/sites\/7\/2025\/08\/ResizedImage398200-14-300x151.jpg 300w\" sizes=\"auto, (max-width: 398px) 100vw, 398px\" \/><\/figure>\n<\/div>\n<\/div>\n\n\n\n<div class=\"wp-block-group is-layout-grid wp-container-core-group-is-layout-baef362d wp-block-group-is-layout-grid\">\n<div class=\"wp-block-group is-content-justification-left is-layout-constrained wp-container-core-group-is-layout-8c890d92 wp-block-group-is-layout-constrained\">\n<figure class=\"wp-block-image aligncenter size-full\"><img loading=\"lazy\" decoding=\"async\" width=\"387\" height=\"200\" src=\"https:\/\/www.tektrade.ee\/lt\/wp-content\/uploads\/sites\/7\/2025\/08\/ResizedImage387200-12.jpg\" alt=\"\" class=\"wp-image-2897\" srcset=\"https:\/\/www.tektrade.ee\/lt\/wp-content\/uploads\/sites\/7\/2025\/08\/ResizedImage387200-12.jpg 387w, https:\/\/www.tektrade.ee\/lt\/wp-content\/uploads\/sites\/7\/2025\/08\/ResizedImage387200-12-300x155.jpg 300w\" sizes=\"auto, (max-width: 387px) 100vw, 387px\" \/><\/figure>\n<\/div>\n\n\n\n<div class=\"wp-block-group is-layout-constrained wp-block-group-is-layout-constrained\">\n<figure class=\"wp-block-image aligncenter size-full\"><img loading=\"lazy\" decoding=\"async\" width=\"258\" height=\"200\" src=\"https:\/\/www.tektrade.ee\/lt\/wp-content\/uploads\/sites\/7\/2025\/08\/ResizedImage258200-53.jpg\" alt=\"\" class=\"wp-image-2898\"\/><\/figure>\n<\/div>\n<\/div>\n\n\n\n<div class=\"wp-block-group is-layout-grid wp-container-core-group-is-layout-baef362d wp-block-group-is-layout-grid\">\n<div class=\"wp-block-group is-content-justification-left is-layout-constrained wp-container-core-group-is-layout-8c890d92 wp-block-group-is-layout-constrained\">\n<figure class=\"wp-block-image aligncenter size-full\"><img loading=\"lazy\" decoding=\"async\" width=\"344\" height=\"200\" src=\"https:\/\/www.tektrade.ee\/lt\/wp-content\/uploads\/sites\/7\/2025\/08\/ResizedImage344200-45.jpg\" alt=\"\" class=\"wp-image-2899\" srcset=\"https:\/\/www.tektrade.ee\/lt\/wp-content\/uploads\/sites\/7\/2025\/08\/ResizedImage344200-45.jpg 344w, https:\/\/www.tektrade.ee\/lt\/wp-content\/uploads\/sites\/7\/2025\/08\/ResizedImage344200-45-300x174.jpg 300w\" sizes=\"auto, (max-width: 344px) 100vw, 344px\" \/><\/figure>\n<\/div>\n\n\n\n<div class=\"wp-block-group is-layout-constrained wp-block-group-is-layout-constrained\">\n<figure class=\"wp-block-image aligncenter size-full\"><img loading=\"lazy\" decoding=\"async\" width=\"286\" height=\"200\" src=\"https:\/\/www.tektrade.ee\/lt\/wp-content\/uploads\/sites\/7\/2025\/08\/ResizedImage286200-42.jpg\" alt=\"\" class=\"wp-image-2900\"\/><\/figure>\n<\/div>\n<\/div>\n\n\n\n<p><\/p>\n","protected":false},"featured_media":0,"parent":2877,"menu_order":36,"template":"","class_list":["post-2894","product","type-product","status-publish","hentry"],"acf":[],"_links":{"self":[{"href":"https:\/\/www.tektrade.ee\/lt\/wp-json\/wp\/v2\/product\/2894","targetHints":{"allow":["GET"]}}],"collection":[{"href":"https:\/\/www.tektrade.ee\/lt\/wp-json\/wp\/v2\/product"}],"about":[{"href":"https:\/\/www.tektrade.ee\/lt\/wp-json\/wp\/v2\/types\/product"}],"version-history":[{"count":2,"href":"https:\/\/www.tektrade.ee\/lt\/wp-json\/wp\/v2\/product\/2894\/revisions"}],"predecessor-version":[{"id":3124,"href":"https:\/\/www.tektrade.ee\/lt\/wp-json\/wp\/v2\/product\/2894\/revisions\/3124"}],"up":[{"embeddable":true,"href":"https:\/\/www.tektrade.ee\/lt\/wp-json\/wp\/v2\/product\/2877"}],"wp:attachment":[{"href":"https:\/\/www.tektrade.ee\/lt\/wp-json\/wp\/v2\/media?parent=2894"}],"curies":[{"name":"wp","href":"https:\/\/api.w.org\/{rel}","templated":true}]}}