{"id":2889,"date":"2025-08-16T13:01:04","date_gmt":"2025-08-16T10:01:04","guid":{"rendered":"https:\/\/www.tektrade.ee\/lt\/?post_type=product&#038;p=2889"},"modified":"2025-08-19T22:19:14","modified_gmt":"2025-08-19T19:19:14","slug":"guminiai-kompensatoriai","status":"publish","type":"product","link":"https:\/\/www.tektrade.ee\/lt\/prekes\/vamzdynu-komponentai\/kompensatoriai\/guminiai-kompensatoriai\/","title":{"rendered":"Guminiai kompensatoriai"},"content":{"rendered":"\n<p>M\u016bs\u0173 asortimente yra:<\/p>\n\n\n\n<ul class=\"wp-block-list\">\n<li>standartini\u0173 lietini\u0173 (profiliuot\u0173) kompensatori\u0173, pagamint\u0173 i\u0161 auk\u0161tos kokyb\u0117s gumini\u0173 med\u017eiag\u0173, su paslankiosiomis jung\u0117mis i\u0161 cinkuoto anglinio plieno;<\/li>\n\n\n\n<li>pagal atskir\u0105 u\u017esakym\u0105 gaminam\u0173 gumini\u0173 kompensatori\u0173, j\u0173 metalin\u0117s jung\u0117s dengiamos ta pa\u010dia gumine med\u017eiaga, i\u0161 kurios liejami kompensatoriai; jung\u0117se var\u017et\u0173 angos padarytos taip, kad jos atitikt\u0173 prie\u0161ais esan\u010di\u0173 jungi\u0173 angas.<\/li>\n<\/ul>\n\n\n\n<p>Naudojamos gumin\u0117s med\u017eiagos: NBR, EPDM, EPDM HT,&nbsp;FKM, \u201eNeoprene\u00ae\u201c, \u201eHypalon\u00ae\u201c. &nbsp;<\/p>\n\n\n\n<div style=\"height:30px\" aria-hidden=\"true\" class=\"wp-block-spacer\"><\/div>\n\n\n\n<div class=\"wp-block-file\"><a id=\"wp-block-file--media-9162f7c6-c03d-4ad0-880a-a85449c7d92b\" href=\"https:\/\/www.tektrade.ee\/lt\/wp-content\/uploads\/sites\/7\/2025\/08\/Macoga-rubber-expansion-joints-brochure-2011.pdf\" target=\"_blank\" rel=\"noreferrer noopener\">Preki\u0173 katalogas<\/a><\/div>\n\n\n\n<div style=\"height:30px\" aria-hidden=\"true\" class=\"wp-block-spacer\"><\/div>\n\n\n\n<div class=\"wp-block-group is-layout-grid wp-container-core-group-is-layout-baef362d wp-block-group-is-layout-grid\">\n<div class=\"wp-block-group is-content-justification-left is-layout-constrained wp-container-core-group-is-layout-8c890d92 wp-block-group-is-layout-constrained\">\n<figure class=\"wp-block-image aligncenter size-full\"><img loading=\"lazy\" decoding=\"async\" width=\"249\" height=\"213\" src=\"https:\/\/www.tektrade.ee\/lt\/wp-content\/uploads\/sites\/7\/2025\/08\/ResizedImage249213-MACW-full-face-rubber.jpg\" alt=\"\" class=\"wp-image-2891\"\/><figcaption class=\"wp-element-caption\">Standartinis guminis kompensatorius<br><\/figcaption><\/figure>\n<\/div>\n\n\n\n<div class=\"wp-block-group is-layout-constrained wp-block-group-is-layout-constrained\">\n<figure class=\"wp-block-image aligncenter size-full\"><img loading=\"lazy\" decoding=\"async\" width=\"250\" height=\"213\" src=\"https:\/\/www.tektrade.ee\/lt\/wp-content\/uploads\/sites\/7\/2025\/08\/ResizedImage250213-MACF-standar-rubber-expansion-joint.jpg\" alt=\"\" class=\"wp-image-2892\"\/><figcaption class=\"wp-element-caption\">Pagal atskir\u0105 u\u017esakym\u0105 gaminamas guminis kompensatorius<br><\/figcaption><\/figure>\n<\/div>\n<\/div>\n","protected":false},"featured_media":0,"parent":2877,"menu_order":35,"template":"","class_list":["post-2889","product","type-product","status-publish","hentry"],"acf":[],"_links":{"self":[{"href":"https:\/\/www.tektrade.ee\/lt\/wp-json\/wp\/v2\/product\/2889","targetHints":{"allow":["GET"]}}],"collection":[{"href":"https:\/\/www.tektrade.ee\/lt\/wp-json\/wp\/v2\/product"}],"about":[{"href":"https:\/\/www.tektrade.ee\/lt\/wp-json\/wp\/v2\/types\/product"}],"version-history":[{"count":2,"href":"https:\/\/www.tektrade.ee\/lt\/wp-json\/wp\/v2\/product\/2889\/revisions"}],"predecessor-version":[{"id":3123,"href":"https:\/\/www.tektrade.ee\/lt\/wp-json\/wp\/v2\/product\/2889\/revisions\/3123"}],"up":[{"embeddable":true,"href":"https:\/\/www.tektrade.ee\/lt\/wp-json\/wp\/v2\/product\/2877"}],"wp:attachment":[{"href":"https:\/\/www.tektrade.ee\/lt\/wp-json\/wp\/v2\/media?parent=2889"}],"curies":[{"name":"wp","href":"https:\/\/api.w.org\/{rel}","templated":true}]}}