{"id":2885,"date":"2025-08-16T13:00:00","date_gmt":"2025-08-16T10:00:00","guid":{"rendered":"https:\/\/www.tektrade.ee\/lt\/?post_type=product&#038;p=2885"},"modified":"2025-08-19T22:18:37","modified_gmt":"2025-08-19T19:18:37","slug":"bendrai-apie-kompensatorius","status":"publish","type":"product","link":"https:\/\/www.tektrade.ee\/lt\/prekes\/vamzdynu-komponentai\/kompensatoriai\/bendrai-apie-kompensatorius\/","title":{"rendered":"Bendrai apie kompensatorius"},"content":{"rendered":"\n<p>J\u0117g\u0173 sukeltas med\u017eiag\u0173 i\u0161sipl\u0117timas \u2013 da\u017eas rei\u0161kinys mus supan\u010dioje aplinkoje. Vamzdynuose padid\u0117jus vidiniam sl\u0117giui pasirei\u0161kia i\u0161ilgin\u0117s j\u0117gos. Paprastai jos b\u016bna \u201esubalansuotos\u201d su vamzdyno atsparumo laipsniu bei vamzd\u017ei\u0173 lenkim\u0173 pralaidumu. O jei taip n\u0117ra? Tokiu atveju geriausiais sprendimas \u2013 kompensatorius. \u0160is \u012frenginys ypa\u010d praver\u010dia, kai reikia suma\u017einti staigi\u0173 temperat\u016bros svyravim\u0173 arba vamzd\u017ei\u0173 vibracij\u0173 sukelt\u0105 poveik\u012f.&nbsp;<\/p>\n\n\n\n<p><br>Kompensatoriai b\u016bna \u012fvairi\u0173 tip\u0173: metaliniai, guminiai, audekliniai, plastikiniai.<br>\u0160i\u0173 prietais\u0173 pagrindin\u0117 funkcija \u2013 kompensuoti a\u0161ines, \u0161onines ir kampines vamzdyno pl\u0117timosi apkrovas.<\/p>\n\n\n\n<p>Kompensatori\u0173 pagrindiniai privalumai:<\/p>\n\n\n\n<ul class=\"wp-block-list\">\n<li>sumontavus u\u017eima nedaug vietos;<\/li>\n\n\n\n<li>absorbuoja vamzdyno i\u0161sipl\u0117timo poveik\u012f \u012fvairiomis kryptimis (kadangi yra lankst\u016bs);<\/li>\n\n\n\n<li>nereikalauja ypatingos prie\u017ei\u016bros;<\/li>\n\n\n\n<li>iki minimumo suma\u017eina vamzdyno apkrov\u0105 ir \u0161ilumos nuostolius.<\/li>\n<\/ul>\n\n\n\n<div class=\"wp-block-file\"><a id=\"wp-block-file--media-d0f2d26f-e284-4631-8039-ca69ac19a1e6\" href=\"https:\/\/www.tektrade.ee\/lt\/wp-content\/uploads\/sites\/7\/2025\/08\/Certificates-Approval-MACOGA.pdf\" target=\"_blank\" rel=\"noreferrer noopener\">Pa\u017eym\u0117jimas<\/a><\/div>\n\n\n\n<div class=\"wp-block-file\"><a id=\"wp-block-file--media-61fffad8-f7e3-4da2-a7f2-9cad59e93547\" href=\"https:\/\/www.tektrade.ee\/lt\/wp-content\/uploads\/sites\/7\/2025\/08\/compensators-inquiry-sheet-1.pdf\" target=\"_blank\" rel=\"noreferrer noopener\">U\u017eklaus\u0173 puslapis<\/a><\/div>\n","protected":false},"featured_media":0,"parent":2877,"menu_order":34,"template":"","class_list":["post-2885","product","type-product","status-publish","hentry"],"acf":[],"_links":{"self":[{"href":"https:\/\/www.tektrade.ee\/lt\/wp-json\/wp\/v2\/product\/2885","targetHints":{"allow":["GET"]}}],"collection":[{"href":"https:\/\/www.tektrade.ee\/lt\/wp-json\/wp\/v2\/product"}],"about":[{"href":"https:\/\/www.tektrade.ee\/lt\/wp-json\/wp\/v2\/types\/product"}],"version-history":[{"count":3,"href":"https:\/\/www.tektrade.ee\/lt\/wp-json\/wp\/v2\/product\/2885\/revisions"}],"predecessor-version":[{"id":3122,"href":"https:\/\/www.tektrade.ee\/lt\/wp-json\/wp\/v2\/product\/2885\/revisions\/3122"}],"up":[{"embeddable":true,"href":"https:\/\/www.tektrade.ee\/lt\/wp-json\/wp\/v2\/product\/2877"}],"wp:attachment":[{"href":"https:\/\/www.tektrade.ee\/lt\/wp-json\/wp\/v2\/media?parent=2885"}],"curies":[{"name":"wp","href":"https:\/\/api.w.org\/{rel}","templated":true}]}}