{"id":2881,"date":"2025-08-16T12:58:41","date_gmt":"2025-08-16T09:58:41","guid":{"rendered":"https:\/\/www.tektrade.ee\/lt\/?post_type=product&#038;p=2881"},"modified":"2025-08-19T22:26:17","modified_gmt":"2025-08-19T19:26:17","slug":"voztuvai-sklendes-ventiliai-skysciams-ir-dujoms","status":"publish","type":"product","link":"https:\/\/www.tektrade.ee\/lt\/prekes\/vamzdynu-komponentai\/voztuvai-sklendes-ventiliai-skysciams-ir-dujoms\/","title":{"rendered":"Vo\u017etuvai, sklend\u0117s, ventiliai skys\u010diams ir dujoms"},"content":{"rendered":"","protected":false},"featured_media":0,"parent":2874,"menu_order":44,"template":"","class_list":["post-2881","product","type-product","status-publish","hentry"],"acf":[],"_links":{"self":[{"href":"https:\/\/www.tektrade.ee\/lt\/wp-json\/wp\/v2\/product\/2881","targetHints":{"allow":["GET"]}}],"collection":[{"href":"https:\/\/www.tektrade.ee\/lt\/wp-json\/wp\/v2\/product"}],"about":[{"href":"https:\/\/www.tektrade.ee\/lt\/wp-json\/wp\/v2\/types\/product"}],"version-history":[{"count":3,"href":"https:\/\/www.tektrade.ee\/lt\/wp-json\/wp\/v2\/product\/2881\/revisions"}],"predecessor-version":[{"id":3143,"href":"https:\/\/www.tektrade.ee\/lt\/wp-json\/wp\/v2\/product\/2881\/revisions\/3143"}],"up":[{"embeddable":true,"href":"https:\/\/www.tektrade.ee\/lt\/wp-json\/wp\/v2\/product\/2874"}],"wp:attachment":[{"href":"https:\/\/www.tektrade.ee\/lt\/wp-json\/wp\/v2\/media?parent=2881"}],"curies":[{"name":"wp","href":"https:\/\/api.w.org\/{rel}","templated":true}]}}